{"id":9285,"date":"2020-09-02T12:19:14","date_gmt":"2020-09-02T12:19:14","guid":{"rendered":"http:\/\/www.albeiti.org\/site\/?page_id=9285"},"modified":"2020-09-03T08:23:04","modified_gmt":"2020-09-03T08:23:04","slug":"viti-2014","status":"publish","type":"page","link":"https:\/\/www.albeiti.org\/site\/viti-2014\/","title":{"rendered":"Viti 2014"},"content":{"rendered":"[vc_row css_animation=&#8221;&#8221; row_type=&#8221;row&#8221; use_row_as_full_screen_section=&#8221;no&#8221; type=&#8221;grid&#8221; angled_section=&#8221;no&#8221; text_align=&#8221;left&#8221; background_image_as_pattern=&#8221;without_pattern&#8221; z_index=&#8221;&#8221;][vc_column width=&#8221;2\/3&#8243;][vc_column_text]<strong>Liste Prezenca\u00a0<\/strong><\/p>\n<p><a class=\"fancybox-pdf\" href=\"http:\/\/www.albeiti.org\/wp-content\/uploads\/2015\/11\/Takim-MSG-07.11.-2014-Liste-prezenca.pdf\">List Prezenca\u00a007.11.2014<\/a><\/p>\n<p><a class=\"fancybox-pdf\" href=\"http:\/\/www.albeiti.org\/wp-content\/uploads\/2015\/11\/Takim-MSG-16.06.2014-Listeprezenca.pdf\">List Prezenca 16.06.2014<\/a><\/p>\n<p><a class=\"fancybox-pdf\" href=\"http:\/\/www.albeiti.org\/wp-content\/uploads\/2015\/11\/Takim-MSG-26.-05.-2014-Listeprezenca.pdf\">List Prezenca\u00a026.05.2014<\/a><\/p>\n<p><a class=\"fancybox-pdf\" href=\"http:\/\/www.albeiti.org\/wp-content\/uploads\/2015\/11\/Takim-MSG-08.05.-2014-listeprezenca.pdf\">List Prezenca\u00a008.05.2014<\/a><\/p>\n<p><a class=\"fancybox-pdf\" href=\"http:\/\/www.albeiti.org\/wp-content\/uploads\/2015\/11\/Takim-MSG-13.-02.-2014-listeprezenca.pdf\">List Prezenca 13.02.2014<\/a><\/p>\n<p><a class=\"fancybox-pdf\" href=\"http:\/\/www.albeiti.org\/wp-content\/uploads\/2015\/11\/Takim-MSG-28.-01.-2014-listeprezenca.pdf\">List Prezenca 28.01.2014<\/a>[\/vc_column_text][vc_separator type=&#8221;normal&#8221;][vc_column_text]<strong>Minutat<\/strong><\/p>\n<p><a class=\"fancybox-pdf\" href=\"http:\/\/www.albeiti.org\/wp-content\/uploads\/2015\/11\/Takim-MSG-07.11.-2014-Minutat.pdf\">Minutat\u00a0e takimit 07.11.2014<\/a><\/p>\n<p><a class=\"fancybox-pdf\" href=\"http:\/\/www.albeiti.org\/wp-content\/uploads\/2015\/11\/Takim-MSG-16.06.2014-Minutat.pdf\">Minutat e takimit\u00a016.06.2014<\/a><\/p>\n<p><a class=\"fancybox-pdf\" href=\"http:\/\/www.albeiti.org\/wp-content\/uploads\/2015\/11\/Takim-MSG-26.-05.-2014-minutat.pdf\">Minutat e takimit\u00a026.05.2014<\/a><\/p>\n<p><a class=\"fancybox-pdf\" href=\"http:\/\/www.albeiti.org\/wp-content\/uploads\/2015\/11\/Takim-MSG-08.05.-2014-minutat.pdf\">Minutat e takimit\u00a008.05.2014<\/a><\/p>\n<p><a class=\"fancybox-pdf\" href=\"http:\/\/www.albeiti.org\/wp-content\/uploads\/2015\/11\/Takim-MSG-13.-02.-2014-miinutat.pdf\">Minutat e takimit\u00a013.02.2014<\/a><\/p>\n<p><a class=\"fancybox-pdf\" href=\"http:\/\/www.albeiti.org\/wp-content\/uploads\/2015\/11\/Takim-MSG-28.-01.-2014-minutat.pdf\">Minutat e takimit\u00a028.01.2014<\/a>[\/vc_column_text][vc_separator type=&#8221;normal&#8221;][vc_column_text]<strong>Vendimet\u00a0<\/strong><\/p>\n<p>Vendimet te marra ne MSG<\/p>\n<table width=\"100%\">\n<thead>\n<tr>\n<td width=\"0\"><strong>Vendimi i marr\u00eb<\/strong><\/td>\n<td width=\"0\"><strong>Data<\/strong><\/td>\n<td width=\"0\"><strong>Afati<\/strong><\/td>\n<td width=\"0\"><strong>Komente<\/strong><\/td>\n<td width=\"0\"><strong>Statusi aktual<\/strong><\/td>\n<\/tr>\n<\/thead>\n<tbody>\n<tr>\n<td>1. T\u00eb miratohet lista e kompanive raportuese p\u00ebr Raportet EITI 2011- 2012 sipas list\u00ebs bashk\u00eblidhur. 2. Afati p\u00ebr dor\u00ebzimin e informacionit n\u00eb m\u00ebnyr\u00eb elektronike nga ana e kompanive tek Administratori i Pavarur do t\u00eb jet\u00eb data 14 Maj 2014. 3. Kompanit\u00eb t\u00eb cilave ju jan\u00eb revokuar licencat, do t\u00eb p\u00ebrjashtohen nga raportimi n\u00ebse nuk do t\u00eb paraqesin t\u00eb dh\u00ebnat brenda afatit t\u00eb p\u00ebrcaktuar.<\/td>\n<td>08.05.2014<\/td>\n<td><\/td>\n<td><\/td>\n<td>Miratuar me Vendimin Nr. 3, dat\u00eb 08. 05. 2014<\/td>\n<\/tr>\n<tr>\n<td>1. T\u00eb miratohet programi i pun\u00ebs ALBEITI p\u00ebr vitin 2014, ku jan\u00eb p\u00ebrcaktuar objektivat dhe veprimet mb\u00ebshtet\u00ebse, aktivitetet, mb\u00ebshtjetja financiare si dhe hapat dhe procedurat q\u00eb duhen ndjekur p\u00ebr realizimin me cil\u00ebsi dhe brenda afatave t\u00eb detyrave, analizave, diskutimeve t\u00eb hapura dhe studimeve p\u00ebr rritjen e nivelit t\u00eb pun\u00ebs ALBEITI, rezultateve t\u00eb pritshme, publicitetit p\u00ebrfshir\u00eb dhe dor\u00ebzimin e Raportit EITI 2011 dhe Raportit EITI 2012. 2. T\u00eb miratohen ToR p\u00ebr Raportin EITI 2011 dhe 2012 me p\u00ebrmir\u00ebsimet e b\u00ebra p\u00ebr zbatimin e plot\u00eb t\u00eb standarteve EITI.<\/td>\n<td>28.01.2016<\/td>\n<td><\/td>\n<td><\/td>\n<td>Miratuar me Vendim Nr. 1, dat\u00eb 28. 01. 2016<\/td>\n<\/tr>\n<tr>\n<td>1. T\u00eb miratohet propozimi p\u00ebr t\u00eb kryer procedur\u00ebn e prokurimit n\u00eb nj\u00eb tender t\u00eb vet\u00ebm p\u00ebr sh\u00ebrbimin e konsulenc\u00ebs n\u00eb p\u00ebrzgjedhjen e nj\u00eb kompanie si &#8220;Administrator i Pavarur&#8221; me q\u00ebllim p\u00ebrgatitjen dhe dor\u00ebzimin e Raportit EITI 2011 dhe Raportit EITI 2012 dhuke u mb\u00ebshtetur n\u00eb financimin e Grantit TF0149999 t\u00eb Bank\u00ebs Bot\u00ebrore dhe fondeve t\u00eb tjera t\u00eb disponueshme. 2. T\u00eb miratohen ToR t\u00eb paraqitura t\u00eb p\u00ebrbashk\u00ebta p\u00ebr Raportin EITI 2011 dhe Raportin EITI 2012 me q\u00ebllim realitimin e t\u00eb dy raporteve p\u00ebrkat\u00ebse duke zbatuar plot\u00ebsisht standartet e reja EITI 2013.<\/td>\n<td>13.02.2014<\/td>\n<td><\/td>\n<td><\/td>\n<td>Miratuar me Vendim Nr. 2, dat\u00eb 13. 02. 2014<\/td>\n<\/tr>\n<tr>\n<td>T\u00eb miratohet Strategjia e Komunikimit t\u00eb Sekretariatit Shqiptar EITI, N\u00ebntor 2014- Qershor 2015<\/td>\n<td>07.11.2014<\/td>\n<td><\/td>\n<td><\/td>\n<td>Miratuar me Vendim Nr. 4, dat\u00eb 07. 11. 2014<\/td>\n<\/tr>\n<tr>\n<td>Vendosi t\u00eb k\u00ebrkoj\u00eb nga Kompania Albpetrol sh. a. informacionet e listuara n\u00eb Vendimin Nr. 5, dat\u00eb 07. 11. 2014 n\u00eb m\u00ebny\u00eb q\u00eb t\u00eb p\u00ebrfshihen n\u00eb raportin EITI 2012<\/td>\n<td>07.11.2014<\/td>\n<td>14.11.2014<\/td>\n<td><\/td>\n<td>Miratuar me Vendim Nr. 5, dat\u00eb 07. 11. 2014<\/td>\n<\/tr>\n<\/tbody>\n<\/table>\n[\/vc_column_text][vc_separator type=&#8221;normal&#8221;][vc_column_text]<strong>Detyra<\/strong><\/p>\n<p>\u00c7\u00ebshtje t\u00eb tjera me miratim t\u00eb MSG-s\u00eb<\/p>\n<table width=\"100%\">\n<thead>\n<tr>\n<td width=\"0\"><strong>Lloji i veprimit t\u00eb nd\u00ebrmarr\u00eb<\/strong><\/td>\n<td width=\"0\"><strong>Data<\/strong><\/td>\n<td width=\"0\"><strong>Afati<\/strong><\/td>\n<td width=\"0\"><strong>Komente<\/strong><\/td>\n<td width=\"0\"><strong>Statusi aktual<\/strong><\/td>\n<\/tr>\n<\/thead>\n<tbody>\n<tr>\n<td>Draft Raportin EITI 2011 ne shqip dhe anglisht per komente.<\/td>\n<td>16.06.2014<\/td>\n<td>19.06.2014<\/td>\n<td>Me komente<\/td>\n<td>Miratuar<\/td>\n<\/tr>\n<tr>\n<td>D\u00ebrgohen rezultatet e vleresimit te kryer nga MSI Integrity. K\u00ebrkohet rishikimi i Materialit dhe komente.<\/td>\n<td>21.07.2014<\/td>\n<td>08.08.2014<\/td>\n<td>Pa komente<\/td>\n<td>Procesuar<\/td>\n<\/tr>\n<tr>\n<td>D\u00ebrgohet p\u00ebr Komente Drafti i ToR p\u00ebr Revenue Potential Study dhe n\u00ebse nuk do ket\u00eb komente apo sugjerime do t\u00eb konsiderohet i miratuar.<\/td>\n<td>15.09.2014<\/td>\n<td>19.09.2014<\/td>\n<td>Me komente<\/td>\n<td>Miratuar<\/td>\n<\/tr>\n<tr>\n<td>D\u00ebrgohet p\u00ebr Komente Raporti EITI 2012 dhe Draft Strategjia e Komunikimit.<\/td>\n<td>11.10.2014<\/td>\n<td>14.11.2014<\/td>\n<td>Me komente<\/td>\n<td>Miratuar<\/td>\n<\/tr>\n<\/tbody>\n<\/table>\n[\/vc_column_text][vc_separator type=&#8221;normal&#8221;][vc_column_text]<em>Sh\u00ebnim:\u00a0Formati n\u00eb audio i Minutave t\u00eb\u00a0Takimit t\u00eb MSG-s\u00eb\u00a0t\u00eb dat\u00ebs 23.12.2015 \u00ebsht\u00eb\u00a0i d\u00ebmtuar dhe n\u00eb munges\u00eb\u00a0\u00ebsht\u00eb mbajtur procesverbal.<\/em>[\/vc_column_text][\/vc_column][vc_column width=&#8221;1\/3&#8243;][vc_widget_sidebar title=&#8221;Links&#8221; sidebar_id=&#8221;Sidebar Anesor&#8221;][\/vc_column][\/vc_row]\n","protected":false},"excerpt":{"rendered":"<p>[vc_row css_animation=&#8221;&#8221; row_type=&#8221;row&#8221; use_row_as_full_screen_section=&#8221;no&#8221; type=&#8221;grid&#8221; angled_section=&#8221;no&#8221; text_align=&#8221;left&#8221; background_image_as_pattern=&#8221;without_pattern&#8221; z_index=&#8221;&#8221;][vc_column width=&#8221;2\/3&#8243;][vc_column_text]Liste Prezenca\u00a0 List Prezenca\u00a007.11.2014 List Prezenca 16.06.2014 List Prezenca\u00a026.05.2014 List Prezenca\u00a008.05.2014 List Prezenca 13.02.2014 List Prezenca 28.01.2014[\/vc_column_text][vc_separator type=&#8221;normal&#8221;][vc_column_text]Minutat Minutat\u00a0e takimit 07.11.2014 Minutat e takimit\u00a016.06.2014 Minutat e takimit\u00a026.05.2014 Minutat e takimit\u00a008.05.2014 Minutat e takimit\u00a013.02.2014 Minutat e takimit\u00a028.01.2014[\/vc_column_text][vc_separator&#8230;<\/p>\n","protected":false},"author":1,"featured_media":0,"parent":0,"menu_order":0,"comment_status":"closed","ping_status":"closed","template":"","meta":{"_monsterinsights_skip_tracking":false,"_monsterinsights_sitenote_active":false,"_monsterinsights_sitenote_note":"","_monsterinsights_sitenote_category":0},"_links":{"self":[{"href":"https:\/\/www.albeiti.org\/site\/wp-json\/wp\/v2\/pages\/9285"}],"collection":[{"href":"https:\/\/www.albeiti.org\/site\/wp-json\/wp\/v2\/pages"}],"about":[{"href":"https:\/\/www.albeiti.org\/site\/wp-json\/wp\/v2\/types\/page"}],"author":[{"embeddable":true,"href":"https:\/\/www.albeiti.org\/site\/wp-json\/wp\/v2\/users\/1"}],"replies":[{"embeddable":true,"href":"https:\/\/www.albeiti.org\/site\/wp-json\/wp\/v2\/comments?post=9285"}],"version-history":[{"count":1,"href":"https:\/\/www.albeiti.org\/site\/wp-json\/wp\/v2\/pages\/9285\/revisions"}],"predecessor-version":[{"id":9288,"href":"https:\/\/www.albeiti.org\/site\/wp-json\/wp\/v2\/pages\/9285\/revisions\/9288"}],"wp:attachment":[{"href":"https:\/\/www.albeiti.org\/site\/wp-json\/wp\/v2\/media?parent=9285"}],"curies":[{"name":"wp","href":"https:\/\/api.w.org\/{rel}","templated":true}]}}