{"id":9277,"date":"2020-09-02T12:09:24","date_gmt":"2020-09-02T12:09:24","guid":{"rendered":"http:\/\/www.albeiti.org\/site\/?page_id=9277"},"modified":"2020-09-02T12:15:44","modified_gmt":"2020-09-02T12:15:44","slug":"viti-2016","status":"publish","type":"page","link":"https:\/\/www.albeiti.org\/site\/viti-2016\/","title":{"rendered":"Viti 2016"},"content":{"rendered":"[vc_row css_animation=&#8221;&#8221; row_type=&#8221;row&#8221; use_row_as_full_screen_section=&#8221;no&#8221; type=&#8221;grid&#8221; angled_section=&#8221;no&#8221; text_align=&#8221;left&#8221; background_image_as_pattern=&#8221;without_pattern&#8221; z_index=&#8221;&#8221;][vc_column width=&#8221;2\/3&#8243;][vc_column_text]<strong>Axhenda<\/strong><\/p>\n<p><a class=\"fancybox-pdf\" href=\"http:\/\/www.albeiti.org\/wp-content\/uploads\/2016\/05\/Agenda-e-Takimit-06.-05.-2016.pdf\">Axhenda\u00a0e takimit 06.05.2016<\/a><\/p>\n<p><a class=\"fancybox-pdf\" href=\"http:\/\/www.albeiti.org\/wp-content\/uploads\/2016\/05\/Agenda-e-Takimit-09.-05.-2016.pdf\">Axhenda e takimit 09.06.2016<\/a><\/p>\n<p><a class=\"fancybox-pdf\" href=\"http:\/\/www.albeiti.org\/wp-content\/uploads\/2016\/05\/Agenda-e-Takimit-29.-07.-2016.pdf\">Axhenda e takimit 29.07.2016<\/a><\/p>\n<p><a class=\"fancybox-pdf\" href=\"http:\/\/www.albeiti.org\/wp-content\/uploads\/2016\/05\/Agenda-e-Takimit-31.-10.-2016-rregulluar.pdf\">Axhenda e takimit 31.10.2016<\/a>[\/vc_column_text][vc_separator type=&#8221;normal&#8221;][vc_column_text]<strong>Liste Prezenca\u00a0<\/strong><\/p>\n<p><a class=\"fancybox-pdf\" href=\"http:\/\/www.albeiti.org\/wp-content\/uploads\/2016\/05\/Performanca-MSG-2016-Perfundimtare.pdf\">List\u00eb Prezenca P\u00ebrmbledh\u00ebse 2016<\/a><\/p>\n<p><a class=\"fancybox-pdf\" href=\"http:\/\/www.albeiti.org\/wp-content\/uploads\/2016\/05\/Liste-Prezenca-06.05.2016.pdf\">Liste Prezenca 06.05.2016<\/a><\/p>\n<p><a class=\"fancybox-pdf\" href=\"http:\/\/www.albeiti.org\/wp-content\/uploads\/2016\/05\/EITI_List_participants.pdf\">Liste Prezenca 09.06.2016<\/a><\/p>\n<p><a class=\"fancybox-pdf\" href=\"http:\/\/www.albeiti.org\/wp-content\/uploads\/2016\/05\/Listeprezenca-e-Takimit-29.-07.-2016.pdf\">Liste Prezenca 29.07.2016<\/a><\/p>\n<p><a class=\"fancybox-pdf\" href=\"http:\/\/www.albeiti.org\/wp-content\/uploads\/2016\/05\/Listeprezenca-31.-10.-2016.pdf\">Liste Prezenca 31.10.2016<\/a>[\/vc_column_text][vc_separator type=&#8221;normal&#8221;][vc_column_text]<strong>Minutat<\/strong><\/p>\n<p><a class=\"fancybox-pdf\" href=\"http:\/\/www.albeiti.org\/wp-content\/uploads\/2016\/05\/Minutat-e-Takimit-MSG-6-MAJ-2016.pdf\">Minutat\u00a0e takimit 06.05.2016<\/a><\/p>\n<p><a class=\"fancybox-pdf\" href=\"http:\/\/www.albeiti.org\/wp-content\/uploads\/2016\/05\/Procesverbal-p%C3%ABr-Takimin-dt-23-12-2015.pdf\">Minutat e takimit 09.06.2016<\/a><\/p>\n<p><a class=\"fancybox-pdf\" href=\"http:\/\/www.albeiti.org\/wp-content\/uploads\/2016\/05\/Minutat-e-Takimit-t%C3%AB-MSG-29.-07.-2016.pdf\">Minutat e takimit 29.07.2016<\/a><\/p>\n<p><a class=\"fancybox-pdf\" href=\"http:\/\/www.albeiti.org\/wp-content\/uploads\/2016\/05\/Takim-MSG-31.10.2016-Minutat.pdf\">Minutat e takimit 31.10.2016<\/a>[\/vc_column_text][vc_separator type=&#8221;normal&#8221;][vc_column_text]<strong>Vendimet\u00a0<\/strong><\/p>\n<p>Vendimet te marra ne MSG<\/p>\n<table width=\"100%\">\n<thead>\n<tr>\n<td width=\"0\"><strong>Vendimi i marr\u00eb<\/strong><\/td>\n<td width=\"0\"><strong>Data<\/strong><\/td>\n<td width=\"0\"><strong>Afati<\/strong><\/td>\n<td width=\"0\"><strong>Komente<\/strong><\/td>\n<td width=\"0\"><strong>Statusi Aktual<\/strong><\/td>\n<\/tr>\n<\/thead>\n<tbody>\n<tr>\n<td>1. T\u00eb p\u00ebrfshihen n\u00eb Raportin EITI 2015 pagesat e taksave lokale. Kufiri i materialitetit do t\u00eb jet\u00eb 5000 USD. N\u00eb rast se shuma e raportuar \u00ebsht\u00eb m\u00eb e madhe se 5000 USD, taksat do t\u00eb disagregohen p\u00ebr t\u00eb kuptuar natyr\u00ebn e tyre, ve\u00e7an\u00ebrisht ato taksa q\u00eb lidhen direkt me natyr\u00ebn e biznesit dhe do t\u00eb rakordohen me bashkin\u00eb p\u00ebrkat\u00ebse. N\u00ebse shuma n\u00eb total e taksave lokale \u00ebsht\u00eb me e vog\u00ebl se 5000 USD ato nuk do t\u00eb disagregohen.<\/td>\n<td>29.07.2016<\/td>\n<td>29.07.2016<\/td>\n<td>Pa komente<\/td>\n<td>T\u00eb miratuara me Vendim Nr. 2, dat\u00eb 29. 07. 2016<\/td>\n<\/tr>\n<tr>\n<td>2. T\u00eb pasqyrohen n\u00eb m\u00ebnyr\u00eb t\u00eb disagreguar n\u00eb Raportin EITI 2015 pagesat e b\u00ebra p\u00ebr vepra publike dhe infrastruktur\u00eb sipas detyrimeve kontraktuale si dhe ato pagesa dhe investime q\u00eb b\u00ebhen nga kompanit\u00eb n\u00eb kuad\u00ebr t\u00eb p\u00ebrgjegj\u00ebsis\u00eb sociale Kufiri i materialitetit do t\u00eb jet\u00eb 5000 USD. N\u00eb rast se shuma e raportuar \u00ebsht\u00eb me e madhe se 5000 USD, taksat do t\u00eb rakordohen me p\u00ebrfituesit.<\/td>\n<td>29.07.2016<\/td>\n<td>29.07.2016<\/td>\n<td>Pa komente<\/td>\n<td>T\u00eb miratuara me Vendim Nr. 2, dat\u00eb 29. 07. 2016<\/td>\n<\/tr>\n<tr>\n<td>3. Miratohet \u201cLista e Kompanive\u201d q\u00eb do t\u00eb raportojn\u00eb p\u00ebr Raportin EITI 2015, referuar arsyetimit mbi pragun e materialitetit.<\/td>\n<td>29.07.2016<\/td>\n<td>29.07.2016<\/td>\n<td>Pa komente<\/td>\n<td>T\u00eb miratuara me Vendim Nr. 2, dat\u00eb 29. 07. 2016<\/td>\n<\/tr>\n<tr>\n<td>Miratimi i Draft Strategjis\u00eb s\u00eb Komunikimit EITI 2016- 2017 pas pasqyrimit t\u00eb komenteve t\u00eb b\u00ebra nga ana e an\u00ebtar\u00ebve t\u00eb MSG-s\u00eb.<\/td>\n<td>31.10.2016<\/td>\n<td>31.10.2016<\/td>\n<td><\/td>\n<td>Miratuar me Vendim nr. 3, dat\u00eb 31. 10. 2016, jan\u00eb reflektuar n\u00eb Draft Strategjin\u00eb e komunikimit komentet q\u00eb u b\u00ebn\u00eb n\u00eb Mbledhjen e MSG-s\u00eb<\/td>\n<\/tr>\n<tr>\n<td>Miratimi i ToR p\u00ebr Administratorin e Pavarur p\u00ebr Raportin EITI 2015<\/td>\n<td>06.05.2016<\/td>\n<td>06.05.2016<\/td>\n<td>Pa komente<\/td>\n<td>I miratuar me Vendim nr.1, dat\u00eb. 06.05.2016<\/td>\n<\/tr>\n<tr>\n<td>Miratimi i TorR p\u00ebr Konsulenc\u00eb lokale p\u00ebr shqyrtimin e Kuadrit Ligjor dhe Rregullator shqiptar p\u00ebr Transparenc\u00eb n\u00eb Industrin\u00eb Nxjerr\u00ebse reflektimit t\u00eb ndryshimeve t\u00eb propozuara n\u00eb mbledhje dhe t\u00eb reflektuara n\u00eb Vendim<\/td>\n<td>06.05.2016<\/td>\n<td>06.05.2016<\/td>\n<td>Pa komente<\/td>\n<td>I miratuar me Vendim nr.1, dat\u00eb. 06.05.2016<\/td>\n<\/tr>\n<tr>\n<td>Miratimin e Raportit t\u00eb Par\u00eb t\u00eb Rakordimit nga Deloitte Audit Albania dhe p\u00ebrshkall\u00ebzimi i komunikimit zyrtar me an\u00eb t\u00eb shkresave dhe telefonatave p\u00ebr kompanive q\u00eb nuk kan\u00eb raportuar deri n\u00eb k\u00ebt\u00eb moment.<\/td>\n<td>31.10.2016<\/td>\n<td>31.10.2016<\/td>\n<td><\/td>\n<td>I miratuar me Vendim nr. 3, dat\u00eb 31. 10. 2016, \u00ebsht\u00eb p\u00ebrshkall\u00ebzuar komunikimi zyrtar me kompanit\u00eb q\u00eb nuk kishin raportuar.<\/td>\n<\/tr>\n<\/tbody>\n<\/table>\n[\/vc_column_text][vc_separator type=&#8221;normal&#8221;][vc_column_text]<strong>Vendimet\u00a0<\/strong><\/p>\n<p>Vendimet te marra me qarkore<\/p>\n<table width=\"100%\">\n<thead>\n<tr>\n<td width=\"0\"><strong>Lloji i veprimit t\u00eb nd\u00ebrmarr\u00eb<\/strong><\/td>\n<td width=\"0\"><strong>Data<\/strong><\/td>\n<td width=\"0\"><strong>Afati<\/strong><\/td>\n<td width=\"0\"><strong>Komente<\/strong><\/td>\n<td width=\"0\"><strong>Statusi Aktual<\/strong><\/td>\n<\/tr>\n<\/thead>\n<tbody>\n<tr>\n<td>K\u00ebrkes\u00eb p\u00ebr miratimin e Draft Planit t\u00eb Pun\u00ebs 2016<\/td>\n<td>03.02.2016<\/td>\n<td>17.02.2016<\/td>\n<td>Me komente<\/td>\n<td>I miratuar<\/td>\n<\/tr>\n<tr>\n<td>K\u00ebrkes\u00eb p\u00ebr miratimin e Termave t\u00eb Referenc\u00eb p\u00ebr Administratorin e Pavarur 2015-2016<\/td>\n<td>15.02.2016<\/td>\n<td>01.03.2016<\/td>\n<td><\/td>\n<td>T\u00eb miratuara n\u00eb Mbledhjen e MSG-s\u00eb dat\u00eb 06. 05. 2016<\/td>\n<\/tr>\n<tr>\n<td>K\u00ebrkohet miratimi i ToR p\u00ebr Strategjin\u00eb e Komunikimit 2016-2017<\/td>\n<td>04.07.2016<\/td>\n<td>13.07.2016<\/td>\n<td>Pa komente<\/td>\n<td>I miratuar<\/td>\n<\/tr>\n<\/tbody>\n<\/table>\n[\/vc_column_text][vc_separator type=&#8221;normal&#8221;][vc_column_text]<strong>Detyra<\/strong><\/p>\n<p>\u00c7\u00ebshtje t\u00eb tjera me miratim t\u00eb MSG-s\u00eb<\/p>\n<table width=\"100%\">\n<thead>\n<tr>\n<td><strong>Lloji i veprimit t\u00eb nd\u00ebrmarr\u00eb<\/strong><\/td>\n<td><strong>Data<\/strong><\/td>\n<td><strong>Afati<\/strong><\/td>\n<td><strong>Komente<\/strong><\/td>\n<td><strong>Statusi Aktual<\/strong><\/td>\n<\/tr>\n<\/thead>\n<tbody>\n<tr>\n<td>D\u00ebrgohen komente, ide dhe propozime p\u00ebr Draft t\u00eb Udh\u00ebrr\u00ebfyesit p\u00ebr P\u00ebrfituesit Real\u00eb\/Draft Beneficial Ownership Roadmap.<\/td>\n<td>Email dat\u00eb 09.11.2016<\/td>\n<td>01.12.2016<\/td>\n<td><\/td>\n<td>N\u00eb zhvillim e sip\u00ebr<\/td>\n<\/tr>\n<tr>\n<td>D\u00ebrguar informacion SHC i nisur nga BB n\u00eb lidhje me shqet\u00ebsimin e ngritur p\u00ebr munges\u00ebn e financimeve dhe jan\u00eb k\u00ebrkuar rekomandime.<\/td>\n<td>Email dat\u00eb 05. 02. 2016<\/td>\n<td>05.02.2016<\/td>\n<td>Pa komente<\/td>\n<td>Pa p\u00ebrgjigje nga ana e Shoq\u00ebris\u00eb Civile<\/td>\n<\/tr>\n<tr>\n<td>K\u00ebrkohen komentet nga SHC n\u00eb lidhje me Draft ToR p\u00ebr MSG-n\u00eb p\u00ebr t\u00eb cilat u ra dakort n\u00eb Mbledhjen e MSG-s\u00eb, dat\u00eb 06. 05. 2016.<\/td>\n<td>Email dat\u00eb 09. 05. 2016<\/td>\n<td>13.05.2016<\/td>\n<td>P\u00ebrgjigje n\u00eb dat\u00eb 16.05.2016<\/td>\n<td>Jan\u00eb d\u00ebrguar komentet nga shoq\u00ebria civile nj\u00eb pjes\u00eb e t\u00eb cilave jan\u00eb pasqyruar n\u00eb ToR. Aktualisht priten komentet nga EITI Oslo p\u00ebr t\u00eb vazhduar me miratimin e tyre tek Ministri.<\/td>\n<\/tr>\n<tr>\n<td>K\u00ebrkohet Kodi i Etik\u00ebs i sigluar nga gjith\u00eb an\u00ebtar\u00eb e Grupimit t\u00eb Shoq\u00ebris\u00eb Civile.<\/td>\n<td>Email dat\u00eb 30. 05. 2016<\/td>\n<td><\/td>\n<td><\/td>\n<td>Nuk \u00ebsht\u00eb d\u00ebrguar akoma nga ana e Shoq\u00ebris\u00eb Civile Kodi i Etik\u00ebs i sigluar<\/td>\n<\/tr>\n<tr>\n<td>K\u00ebrkohet konfirmim p\u00ebr pjes\u00ebmarrje n\u00eb Projektin Pilot q\u00eb do urganizohet nga EITI Oslo p\u00ebr Transparenc\u00eb n\u00eb treg\u00ebtin\u00eb e produkteve t\u00eb Industris\u00eb Nxjerr\u00ebse.<\/td>\n<td>Email dat\u00eb 28. 06. 2016<\/td>\n<td>05.07.2016<\/td>\n<td>Me komente<\/td>\n<td>I miratuar<\/td>\n<\/tr>\n<\/tbody>\n<\/table>\n[\/vc_column_text][vc_separator type=&#8221;normal&#8221;][vc_column_text]<em>Sh\u00ebnim:\u00a0Formati n\u00eb audio i Minutave t\u00eb\u00a0Takimeve t\u00eb MSG-s\u00eb do t\u00eb jet\u00eb i disponuesh\u00ebm nga data 06.05.2016. Ky format mund tju vihet ne dispozicion ne baze te kerkeses se bere nga ju ne adresen tone te e-mail:\u00a0<a href=\"mailto:sekretariati@albeiti.gov.al\">sekretariati@albeiti.gov.al<\/a><\/em>[\/vc_column_text][\/vc_column][vc_column width=&#8221;1\/3&#8243;][vc_widget_sidebar title=&#8221;Links&#8221; sidebar_id=&#8221;Sidebar Anesor&#8221;][\/vc_column][\/vc_row]\n","protected":false},"excerpt":{"rendered":"<p>[vc_row css_animation=&#8221;&#8221; row_type=&#8221;row&#8221; use_row_as_full_screen_section=&#8221;no&#8221; type=&#8221;grid&#8221; angled_section=&#8221;no&#8221; text_align=&#8221;left&#8221; background_image_as_pattern=&#8221;without_pattern&#8221; z_index=&#8221;&#8221;][vc_column width=&#8221;2\/3&#8243;][vc_column_text]Axhenda Axhenda\u00a0e takimit 06.05.2016 Axhenda e takimit 09.06.2016 Axhenda e takimit 29.07.2016 Axhenda e takimit 31.10.2016[\/vc_column_text][vc_separator type=&#8221;normal&#8221;][vc_column_text]Liste Prezenca\u00a0 List\u00eb Prezenca P\u00ebrmbledh\u00ebse 2016 Liste Prezenca 06.05.2016 Liste Prezenca 09.06.2016 Liste Prezenca 29.07.2016 Liste Prezenca 31.10.2016[\/vc_column_text][vc_separator type=&#8221;normal&#8221;][vc_column_text]Minutat Minutat\u00a0e&#8230;<\/p>\n","protected":false},"author":1,"featured_media":0,"parent":0,"menu_order":0,"comment_status":"closed","ping_status":"closed","template":"","meta":{"_monsterinsights_skip_tracking":false,"_monsterinsights_sitenote_active":false,"_monsterinsights_sitenote_note":"","_monsterinsights_sitenote_category":0},"_links":{"self":[{"href":"https:\/\/www.albeiti.org\/site\/wp-json\/wp\/v2\/pages\/9277"}],"collection":[{"href":"https:\/\/www.albeiti.org\/site\/wp-json\/wp\/v2\/pages"}],"about":[{"href":"https:\/\/www.albeiti.org\/site\/wp-json\/wp\/v2\/types\/page"}],"author":[{"embeddable":true,"href":"https:\/\/www.albeiti.org\/site\/wp-json\/wp\/v2\/users\/1"}],"replies":[{"embeddable":true,"href":"https:\/\/www.albeiti.org\/site\/wp-json\/wp\/v2\/comments?post=9277"}],"version-history":[{"count":2,"href":"https:\/\/www.albeiti.org\/site\/wp-json\/wp\/v2\/pages\/9277\/revisions"}],"predecessor-version":[{"id":9286,"href":"https:\/\/www.albeiti.org\/site\/wp-json\/wp\/v2\/pages\/9277\/revisions\/9286"}],"wp:attachment":[{"href":"https:\/\/www.albeiti.org\/site\/wp-json\/wp\/v2\/media?parent=9277"}],"curies":[{"name":"wp","href":"https:\/\/api.w.org\/{rel}","templated":true}]}}