{"id":9274,"date":"2020-09-02T12:03:56","date_gmt":"2020-09-02T12:03:56","guid":{"rendered":"http:\/\/www.albeiti.org\/site\/?page_id=9274"},"modified":"2020-09-02T12:16:07","modified_gmt":"2020-09-02T12:16:07","slug":"viti-2017","status":"publish","type":"page","link":"https:\/\/www.albeiti.org\/site\/viti-2017\/","title":{"rendered":"Viti 2017"},"content":{"rendered":"[vc_row css_animation=&#8221;&#8221; row_type=&#8221;row&#8221; use_row_as_full_screen_section=&#8221;no&#8221; type=&#8221;grid&#8221; angled_section=&#8221;no&#8221; text_align=&#8221;left&#8221; background_image_as_pattern=&#8221;without_pattern&#8221; z_index=&#8221;&#8221;][vc_column width=&#8221;2\/3&#8243;][vc_column_text]<strong>Axhenda<\/strong><\/p>\n<p><a class=\"fancybox-pdf\" href=\"http:\/\/www.albeiti.org\/wp-content\/uploads\/2017\/01\/Agenda-31.-10.-2017.pdf\">Axhenda\u00a0e Takimit 31.01.2017<\/a><\/p>\n<p><a class=\"fancybox-pdf\" href=\"http:\/\/www.albeiti.org\/wp-content\/uploads\/2019\/03\/Agenda-e-Takimit-21.-03.-2017.pdf\">Axhenda e Takimit 21.03.2017<\/a><\/p>\n<p><a class=\"fancybox-pdf\" href=\"http:\/\/www.albeiti.org\/wp-content\/uploads\/2017\/01\/Agenda-e-Takimit-28.-12.-2017.pdf\">Axhenda e Takimit 28.12.2017<\/a>[\/vc_column_text][vc_separator type=&#8221;normal&#8221;][vc_column_text]<strong>Liste Prezenca\u00a0<\/strong><\/p>\n<p><a class=\"fancybox-pdf\" href=\"http:\/\/www.albeiti.org\/wp-content\/uploads\/2017\/01\/Listeprezenca-31.-10.-2016.pdf\">Liste Prezenca\u00a031.01.2017<\/a><\/p>\n<p><a class=\"fancybox-pdf\" href=\"http:\/\/www.albeiti.org\/wp-content\/uploads\/2017\/01\/Liste-prezenca-e-Takimit-28.-12.-2017.pdf\">List\u00eb Prezenca 28.12.2017<\/a>[\/vc_column_text][vc_separator type=&#8221;normal&#8221;][vc_column_text]<strong>Minutat<\/strong><\/p>\n<p><a class=\"fancybox-pdf\" href=\"http:\/\/www.albeiti.org\/wp-content\/uploads\/2019\/01\/FINAL-MINUTAT-E-TAKIMIT-28-Dhjetor-2017-.pdf\">Minutat e Takimit 28.12.2017<\/a><\/p>\n<p><a class=\"fancybox-pdf\" href=\"http:\/\/www.albeiti.org\/wp-content\/uploads\/2019\/03\/Programi-per-viziten-dhe-takimin-tek-ANTEA-CEMENT.pdf\">Minutat e Takimit 21.03.2017<\/a><\/p>\n<p><a class=\"fancybox-pdf\" href=\"http:\/\/www.albeiti.org\/wp-content\/uploads\/2019\/01\/7-dhjetor-2017MINUTAT-E-TAKIMIT-.pdf\">Minutat e Takimit p\u00ebr Problematikat e Raportimit EITI 07.12.2017<\/a>[\/vc_column_text][vc_separator type=&#8221;normal&#8221;][vc_column_text]<strong>Vendimet\u00a0<\/strong><\/p>\n<p>Vendimet te marra ne MSG<\/p>\n<table width=\"100%\">\n<thead>\n<tr>\n<td width=\"0\"><strong>Vendimi i marr\u00eb<\/strong><\/td>\n<td width=\"0\"><strong>Data<\/strong><\/td>\n<td width=\"0\"><strong>Afati<\/strong><\/td>\n<td width=\"0\"><strong>Komente<\/strong><\/td>\n<td width=\"0\"><strong>Statusi Aktual<\/strong><\/td>\n<\/tr>\n<\/thead>\n<tbody>\n<tr>\n<td>L\u00ebnia e nj\u00eb afati tjet\u00ebr p\u00ebr Draft- Raportin Final EITI 2015. Afati p\u00ebrfundimtar p\u00ebr komentet do t\u00eb jet\u00eb dita e nes\u00ebrme, 01.02.2017. N\u00eb munges\u00eb t\u00eb komenteve Tuaja, Drafti do t\u00eb konsiderohet i miratuar dhe do t\u00eb vijohet me publikimin e tij.<\/td>\n<td>31.01.2017<\/td>\n<td>01.02.2017<\/td>\n<td><\/td>\n<td>Miratuar me Vendim Nr. 1, dat\u00eb 31.01.2017<\/td>\n<\/tr>\n<tr>\n<td>L\u00ebnia e nj\u00eb afati tjet\u00ebr p\u00ebr komente p\u00ebr Draft Raportin Final p\u00ebr Rishikimin e Kuadrit Legjislativ. Afati e i fundit p\u00ebr komente dhe sugjerime do t\u00eb jet\u00eb data 10. 02. 2017, n\u00eb munges\u00eb t\u00eb komenteve Drafti do t\u00eb konsiderohet i miratuar dhe do t\u00eb vijohet me procedurat e m\u00ebtejshme.<\/td>\n<td>31.01.2017<\/td>\n<td>10. 02. 2017<\/td>\n<td><\/td>\n<td>Miratuar me Vendim Nr. 1, dat\u00eb 31.01.2017<\/td>\n<\/tr>\n<tr>\n<td>Miratohet Draft Raporti Final p\u00ebr Rishikimin e Kuadrit Legjislativ<\/td>\n<td>31.01.2017<\/td>\n<td>10. 02. 2017<\/td>\n<td>Miratohet pa komente<\/td>\n<td>Miratuar me Vendim Nr. 1, dat\u00eb 31.01.2017<\/td>\n<\/tr>\n<tr>\n<td>Miratohet Draft- Raporti Final EITI 2015. Vijohet me publikimin e tij n\u00eb dat\u00ebn 02.02.2017<\/td>\n<td>31.01.2017<\/td>\n<td>01. 02. 2017<\/td>\n<td>Miratohet pa komente<\/td>\n<td>Miratuar me Vendim Nr. 1, dat\u00eb 31.01.2017<\/td>\n<\/tr>\n<\/tbody>\n<\/table>\n[\/vc_column_text][vc_separator type=&#8221;normal&#8221;][vc_column_text]<strong>Vendimet\u00a0<\/strong><\/p>\n<p>Vendimet te marra me qarkore<\/p>\n<table width=\"100%\">\n<thead>\n<tr>\n<td width=\"0\"><strong>Vendimi i marr\u00eb<\/strong><\/td>\n<td width=\"0\"><strong>Data<\/strong><\/td>\n<td width=\"0\"><strong>Afati<\/strong><\/td>\n<td width=\"0\"><strong>Komente<\/strong><\/td>\n<td width=\"0\"><strong>Statusi<\/strong><\/td>\n<\/tr>\n<\/thead>\n<tbody>\n<tr>\n<td>D\u00ebrgohet p\u00ebr komente, sugjerime dhe miratim Raporti Vjetor i Aktivitetit EITI 2016<\/td>\n<td>Email dat\u00eb 07. 03. 2017<\/td>\n<td>20.03.2017<\/td>\n<td>Pa komente<\/td>\n<td>I miratuar<\/td>\n<\/tr>\n<tr>\n<td>D\u00ebrgohet p\u00ebr komente, sugjerime dhe miratim Plani i Pun\u00ebs i Sekretariatit EITI Shqip\u00ebri 2016-2019<\/td>\n<td>Email dat\u00eb 07. 03. 2017<\/td>\n<td>20.03.2017<\/td>\n<td>Pa komente<\/td>\n<td>I miratuar<\/td>\n<\/tr>\n<\/tbody>\n<\/table>\n[\/vc_column_text][vc_separator type=&#8221;normal&#8221;][vc_column_text]<strong>Detyra<\/strong><\/p>\n<p>\u00c7\u00ebshtje t\u00eb tjera me miratim t\u00eb MSG-s\u00eb<\/p>\n<table width=\"100%\">\n<thead>\n<tr>\n<td width=\"0\"><strong>Lloji i veprimit t\u00eb nd\u00ebrmarr\u00eb<\/strong><\/td>\n<td width=\"0\"><strong>Data<\/strong><\/td>\n<td width=\"0\"><strong>Afati<\/strong><\/td>\n<td width=\"0\"><strong>Komente<\/strong><\/td>\n<td width=\"0\"><strong>Statusi<\/strong><\/td>\n<\/tr>\n<\/thead>\n<tbody>\n<tr>\n<td>D\u00ebrgohen p\u00ebr Komente ToRs p\u00ebr Raportin EITI 2016<\/td>\n<td>03.05.2017<\/td>\n<td>19.05.2017<\/td>\n<td><\/td>\n<td>N\u00eb proces<\/td>\n<\/tr>\n<tr>\n<td>D\u00ebrgohet p\u00ebr rishikim dhe komente Politik\u00ebn e t\u00eb Dh\u00ebnave t\u00eb Hapura\/ Open Data Policy<\/td>\n<td>31.03.2017<\/td>\n<td>08.04.2017<\/td>\n<td><\/td>\n<td>Miratuar<\/td>\n<\/tr>\n<\/tbody>\n<\/table>\n[\/vc_column_text][vc_separator type=&#8221;normal&#8221;][vc_column_text]<em>Sh\u00ebnim:\u00a0Formati n\u00eb audio i Minutave t\u00eb\u00a0Takimeve t\u00eb MSG-s\u00eb mund tju vihet ne dispozicion n\u00eb baz\u00eb t\u00eb k\u00ebrkes\u00ebs s\u00eb b\u00ebr\u00eb nga ju n\u00eb adres\u00ebn ton\u00eb t\u00eb e-mail:\u00a0<a href=\"mailto:sekretariati@albeiti.gov.al\">sekretariati@albeiti.gov.al<\/a><\/em>[\/vc_column_text][\/vc_column][vc_column width=&#8221;1\/3&#8243;][vc_widget_sidebar title=&#8221;Links&#8221; sidebar_id=&#8221;Sidebar Anesor&#8221;][\/vc_column][\/vc_row]\n","protected":false},"excerpt":{"rendered":"<p>[vc_row css_animation=&#8221;&#8221; row_type=&#8221;row&#8221; use_row_as_full_screen_section=&#8221;no&#8221; type=&#8221;grid&#8221; angled_section=&#8221;no&#8221; text_align=&#8221;left&#8221; background_image_as_pattern=&#8221;without_pattern&#8221; z_index=&#8221;&#8221;][vc_column width=&#8221;2\/3&#8243;][vc_column_text]Axhenda Axhenda\u00a0e Takimit 31.01.2017 Axhenda e Takimit 21.03.2017 Axhenda e Takimit 28.12.2017[\/vc_column_text][vc_separator type=&#8221;normal&#8221;][vc_column_text]Liste Prezenca\u00a0 Liste Prezenca\u00a031.01.2017 List\u00eb Prezenca 28.12.2017[\/vc_column_text][vc_separator type=&#8221;normal&#8221;][vc_column_text]Minutat Minutat e Takimit 28.12.2017 Minutat e Takimit 21.03.2017 Minutat e Takimit p\u00ebr Problematikat e Raportimit EITI&#8230;<\/p>\n","protected":false},"author":1,"featured_media":0,"parent":0,"menu_order":0,"comment_status":"closed","ping_status":"closed","template":"","meta":{"_monsterinsights_skip_tracking":false,"_monsterinsights_sitenote_active":false,"_monsterinsights_sitenote_note":"","_monsterinsights_sitenote_category":0},"_links":{"self":[{"href":"https:\/\/www.albeiti.org\/site\/wp-json\/wp\/v2\/pages\/9274"}],"collection":[{"href":"https:\/\/www.albeiti.org\/site\/wp-json\/wp\/v2\/pages"}],"about":[{"href":"https:\/\/www.albeiti.org\/site\/wp-json\/wp\/v2\/types\/page"}],"author":[{"embeddable":true,"href":"https:\/\/www.albeiti.org\/site\/wp-json\/wp\/v2\/users\/1"}],"replies":[{"embeddable":true,"href":"https:\/\/www.albeiti.org\/site\/wp-json\/wp\/v2\/comments?post=9274"}],"version-history":[{"count":2,"href":"https:\/\/www.albeiti.org\/site\/wp-json\/wp\/v2\/pages\/9274\/revisions"}],"predecessor-version":[{"id":9287,"href":"https:\/\/www.albeiti.org\/site\/wp-json\/wp\/v2\/pages\/9274\/revisions\/9287"}],"wp:attachment":[{"href":"https:\/\/www.albeiti.org\/site\/wp-json\/wp\/v2\/media?parent=9274"}],"curies":[{"name":"wp","href":"https:\/\/api.w.org\/{rel}","templated":true}]}}