{"id":9261,"date":"2020-09-02T11:44:35","date_gmt":"2020-09-02T11:44:35","guid":{"rendered":"http:\/\/www.albeiti.org\/site\/?page_id=9261"},"modified":"2020-09-22T08:45:59","modified_gmt":"2020-09-22T08:45:59","slug":"viti-2019","status":"publish","type":"page","link":"https:\/\/www.albeiti.org\/site\/viti-2019\/","title":{"rendered":"Viti 2019"},"content":{"rendered":"[vc_row css_animation=&#8221;&#8221; row_type=&#8221;row&#8221; use_row_as_full_screen_section=&#8221;no&#8221; type=&#8221;grid&#8221; angled_section=&#8221;no&#8221; text_align=&#8221;left&#8221; background_image_as_pattern=&#8221;without_pattern&#8221; z_index=&#8221;&#8221;][vc_column width=&#8221;2\/3&#8243;][vc_column_text]<strong>Axhenda<\/strong><\/p>\n<p><a class=\"fancybox-pdf\" href=\"http:\/\/www.albeiti.org\/wp-content\/uploads\/2019\/12\/eng-AGENDA.pdf\">Axhenda e Takimit 2 Dhjetor 2019<\/a><\/p>\n<p><a class=\"fancybox-pdf\" href=\"http:\/\/www.albeiti.org\/wp-content\/uploads\/2019\/11\/ENG-AGENDA.pdf\">Axhenda e Takimit 31 Tetor 2019<\/a><\/p>\n<p><a class=\"fancybox-pdf\" href=\"http:\/\/www.albeiti.org\/wp-content\/uploads\/2019\/04\/Mission-Agenda_Albania-Day-1-11.04.2019-MSG-meeting.pdf\">Axhenda e Takimit 11 Prill 2019<\/a><\/p>\n<p><a class=\"fancybox-pdf\" href=\"http:\/\/www.albeiti.org\/wp-content\/uploads\/2019\/02\/Agenda-e-Takimit-12.-02.-2019.pdf\">Axhenda e Takimit 12 Shkurt 2019<\/a><\/p>\n<p><a class=\"fancybox-pdf\" href=\"http:\/\/www.albeiti.org\/wp-content\/uploads\/2019\/01\/Agenda-Takim-11.-01.-2019.pdf\">Axhenda e Takimit 11 Janar 2019<\/a>[\/vc_column_text][vc_separator type=&#8221;normal&#8221;][vc_column_text]<strong>Liste Prezenca\u00a0<\/strong><\/p>\n<p><a class=\"fancybox-pdf\" href=\"http:\/\/www.albeiti.org\/wp-content\/uploads\/2019\/12\/Listeprezenca-02.-12.-2019-1.pdf\">List\u00eb Prezenca 2 Dhjetor 2019<\/a><\/p>\n<p><a class=\"fancybox-pdf\" href=\"http:\/\/www.albeiti.org\/wp-content\/uploads\/2019\/11\/Listeprezenca-Takim-30.-10.-2019.pdf\">List\u00eb Prezenca 31 Tetor 2019<\/a><\/p>\n<p><a class=\"fancybox-pdf\" href=\"http:\/\/www.albeiti.org\/wp-content\/uploads\/2019\/04\/11-PRILL-2019-MSG-listprezenca.pdf\">List\u00eb Prezenca 11 Prill 2019<\/a><\/p>\n<p><a class=\"fancybox-pdf\" href=\"http:\/\/www.albeiti.org\/wp-content\/uploads\/2019\/02\/Listeprezenca-Takimi-12.-02.-2019.pdf\">List\u00eb Prezenca 12 Shkurt 2019<\/a><\/p>\n<p><a class=\"fancybox-pdf\" href=\"http:\/\/www.albeiti.org\/wp-content\/uploads\/2019\/01\/Listeprezenca-Takim-11.-01.-2019.pdf\">List\u00eb Prezenca 11 Janar 2019<\/a>[\/vc_column_text][vc_separator type=&#8221;normal&#8221;][vc_column_text]<strong>Minutat<\/strong><\/p>\n<p><a class=\"fancybox-pdf\" href=\"http:\/\/www.albeiti.org\/wp-content\/uploads\/2020\/02\/PERMBLEDHJE-MSG-24-JANAR.pdf\">Minutat e Takimit 24 Janar 2020<\/a><\/p>\n<p><a class=\"fancybox-pdf\" href=\"http:\/\/www.albeiti.org\/wp-content\/uploads\/2019\/12\/ZBARDHJE-MSG-2-DHJETOR-2019-1.pdf\">Minutat e Takimit 2 Dhjetor 2019<\/a><\/p>\n<p><a class=\"fancybox-pdf\" href=\"http:\/\/www.albeiti.org\/wp-content\/uploads\/2019\/11\/ZBARDHJE-MSG-31-TETOR-2019.pdf\">Minutat e Takimit 31 Tetor 2019<\/a><\/p>\n<p><a class=\"fancybox-pdf\" href=\"http:\/\/www.albeiti.org\/wp-content\/uploads\/2019\/05\/MINUTAT-E-TAKIMIT-12-SHKURT-2019-1.pdf\">Minutat e Takimit 12 Shkurt 2019<\/a><\/p>\n<p><a class=\"fancybox-pdf\" href=\"http:\/\/www.albeiti.org\/wp-content\/uploads\/2019\/01\/MINUTAT-E-TAKIMIT-11.01.-2019-Short-version.pdf\">Minutat e Takimit 11 Janar 2019<\/a><\/p>\n[\/vc_column_text][vc_separator type=&#8221;normal&#8221;][vc_column_text]<strong>Vendimet\u00a0<\/strong><\/p>\n<p>Vendimet te marra ne MSG<\/p>\n<table width=\"100%\">\n<tbody>\n<tr>\n<td><\/td>\n<td colspan=\"4\" width=\"199\"><\/td>\n<\/tr>\n<tr>\n<td width=\"192\"><strong>VENDIMI I MARR\u00cb<\/strong><\/td>\n<td width=\"37\"><strong>DATA<\/strong><\/td>\n<td width=\"46\"><strong>AFATI<\/strong><\/td>\n<td width=\"65\"><strong>KOMENTE<\/strong><\/td>\n<td width=\"54\"><strong>STATUSI AKTUAL<\/strong><\/td>\n<\/tr>\n<tr>\n<td>D.Miratim i Overview p\u00ebr Corrective Actions t\u00eb dala nga Misioni i Validimit<\/td>\n<td>Vendim Nr.2, dat\u00eb 12 SHKURT 2019<\/td>\n<td><\/td>\n<td>Pa komente<\/td>\n<td><\/td>\n<\/tr>\n<tr>\n<td>E. Adresimin br\u00ebnda dt. 20 Shkurt 2019 t\u00eb problematikes s\u00eb ekzistenc\u00ebs dhe materialitetit t\u00eb Shpenzimeve \u201cquasi fiscale\u201d, p\u00ebr t\u00eb konfirmuar q\u00ebndrimin e MSG n\u00eb raport me k\u00ebrkesat e Sekretariatit Nd\u00ebrkomb\u00ebtar EITI p\u00ebr k\u00ebt\u00eb problematik\u00eb.<\/td>\n<td>Vendim Nr.2, dat\u00eb 12 SHKURT 2019<\/td>\n<td><\/td>\n<td>Pa komente<\/td>\n<td><\/td>\n<\/tr>\n<tr>\n<td>F.T\u00eb fillohet puna p\u00ebr draftimin e nj\u00eb Action Plan t\u00eb Rekomandimeve t\u00eb l\u00ebna nga Raporti EITI 2016<\/td>\n<td>Vendim Nr.2, dat\u00eb 12 SHKURT 2019<\/td>\n<td><\/td>\n<td>Pa komente<\/td>\n<td><\/td>\n<\/tr>\n<tr>\n<td>\u00cb.Ngritjen e Grupit t\u00eb P\u00ebrhersh\u00ebm t\u00eb Pun\u00ebs, me nj\u00eb p\u00ebrfaq\u00ebsues nga \u00e7do p\u00ebrfaq\u00ebsi n\u00eb MSG, p\u00ebr ndjekjen n\u00eb vijim\u00ebsi t\u00eb rekomandimeve t\u00eb l\u00ebna nga Misioni i Validimit dhe i Rekomandimeve t\u00eb Raportit EITI, br\u00ebnda dat\u00ebs 20. 02. 2019<\/td>\n<td>Vendim Nr.2, dat\u00eb 12 SHKURT 2019<\/td>\n<td><\/td>\n<td>Pa komente<\/td>\n<td><\/td>\n<\/tr>\n<tr>\n<td>A. T\u00eb filloj procedura p\u00ebr zgjedhjen e An\u00ebtar\u00ebve t\u00eb MSG-s\u00eb, p\u00ebrfaq\u00ebsues t\u00eb Shoq\u00ebris\u00eb Civile dhe t\u00eb finalizohet p\u00ebrpara dat\u00ebs 13. 02. 2019<\/td>\n<td>Vendim Nr.1, dat\u00eb 11 JANAR 2019<\/td>\n<td>Menj\u00ebher\u00eb<\/td>\n<td>Pa komente<\/td>\n<td>Miratuar me Vendim Nr.1, 11.01.2019<\/td>\n<\/tr>\n<tr>\n<td>B.T\u00eb finalizohet Vler\u00ebsimi Vjetor i An\u00ebtar\u00ebve t\u00eb MSG-s\u00eb<\/td>\n<td>Vendim Nr.1, dat\u00eb 11 JANAR 2019<\/td>\n<td>Menj\u00ebher\u00eb<\/td>\n<td>Pa komente<\/td>\n<td><\/td>\n<\/tr>\n<tr>\n<td>C. Ngritjen e nj\u00eb Grupi Pune nga MSG i cili do t\u00eb angazhohet p\u00ebr draftimin e nj\u00eb Plani Pune p\u00ebr prioritetet komb\u00ebtare n\u00eb vitin 2019, i cili do t\u00eb rezultoj\u00eb si produkt i diskutimeve m\u00eb t\u00eb gj\u00ebra me grupet e interesit, adresimin e masave p\u00ebr ezaurimin e Corrective Actions p\u00ebr pro\u00e7esin e Validimit, si dhe p\u00ebrdorimin e rekomandimeve t\u00eb raportit EITI p\u00ebr t\u00eb v\u00ebn\u00eb n\u00eb dukje mosp\u00ebrputhjet n\u00eb kuadrin ligjor, fiskal dhe rregullator n\u00eb fush\u00ebn e minerave, naft\u00ebs dhe gazit dhe mb\u00ebshtetjen institucionale p\u00ebr finalizimin e Draft Ligjit p\u00ebr Transparenc\u00ebn n\u00eb Sektor\u00ebt e Industris\u00eb Nxjerr\u00ebse<\/td>\n<td>Vendim Nr.1, dat\u00eb 11 JANAR 2019<\/td>\n<td>Menj\u00ebher\u00eb<\/td>\n<td>Pa komente<\/td>\n<td><\/td>\n<\/tr>\n<\/tbody>\n<\/table>\n[\/vc_column_text][vc_separator type=&#8221;normal&#8221;][vc_column_text]<strong>Vendimet\u00a0<\/strong><\/p>\n<p>Vendimet te marra me qarkore<\/p>\n<table width=\"100%\">\n<tbody>\n<tr>\n<td><\/td>\n<td colspan=\"4\" width=\"190\"><\/td>\n<\/tr>\n<tr>\n<td width=\"229\"><strong>VENDIMI I MARR\u00cb<\/strong><\/td>\n<td width=\"37\"><strong>DATA<\/strong><\/td>\n<td width=\"37\"><strong>AFATI<\/strong><\/td>\n<td width=\"65\"><strong>KOMENTE<\/strong><\/td>\n<td width=\"54\"><strong>STATUSI AKTUAL<\/strong><\/td>\n<\/tr>\n<tr>\n<td>C. Ngritjen e Grupit t\u00eb P\u00ebhersh\u00ebm t\u00eb Pun\u00ebs t\u00eb MSG-s\u00eb, p\u00ebr ndjekjen n\u00eb vijim\u00ebsi t\u00eb rekomandimeve t\u00eb l\u00ebna nga Misioni i Validimit dhe i Rekomandimeve t\u00eb Raportit EITI me an\u00ebtar\u00ebt e propozuar si m\u00eb posht\u00eb: 1. Mynyr Sinanaj 2. Robert Beshello 3. Dritan Dervishaj 4. Anila Hajnaj<\/td>\n<td>Vendim Nr.3, dat\u00eb 27 SHKURT 2019<\/td>\n<td><\/td>\n<td>Pa komente<\/td>\n<td><\/td>\n<\/tr>\n<tr>\n<td>B. MSG-ja EITI Shqip\u00ebri gjithashtu, u shpreh se se kuadri ligjor shqiptar nuk parashikon ndonj\u00eb detyrim p\u00ebr \u201cshpenzimet quasi-fiscale\u201d as p\u00ebr kompanite e licensuara q\u00eb kryejn\u00eb aktivitet n\u00eb industrin\u00eb nxjerr\u00ebse n\u00eb Shqip\u00ebri.<\/td>\n<td>Vendim Nr.3, dat\u00eb 27 SHKURT 2019<\/td>\n<td><\/td>\n<td>Pa komente<\/td>\n<td><\/td>\n<\/tr>\n<tr>\n<td>A. N\u00eb p\u00ebrputhje me k\u00ebrkes\u00ebn 6.2 t\u00eb Standartit EITI, MSG- EITI Shqip\u00ebri u shpreh se jan\u00eb dakort me p\u00ebrkufizimin q\u00eb ka b\u00ebr\u00eb Administratori i Pavarur n\u00eb Raportin EITI n\u00eb lidhje me Shpenzimet quasi-fiscale dhe se ligji dhe rregulloret q\u00eb rregullojn\u00eb veprimtarin\u00eb e Albpetrol SH.A. nuk p\u00ebrfshijn\u00eb k\u00ebto lloj shpenzimesh.<\/td>\n<td>Vendim Nr.3, dat\u00eb 27 SHKURT 2019<\/td>\n<td><\/td>\n<td>Pa komente<\/td>\n<td><\/td>\n<\/tr>\n<\/tbody>\n<\/table>\n[\/vc_column_text][vc_separator type=&#8221;normal&#8221;][vc_column_text]<em>Sh\u00ebnim:\u00a0Formati n\u00eb audio dhe i plot\u00eb i Minutave t\u00eb\u00a0Takimeve t\u00eb MSG-s\u00eb mund tju vihet ne dispozicion n\u00eb baz\u00eb t\u00eb k\u00ebrkes\u00ebs s\u00eb b\u00ebr\u00eb nga ju n\u00eb adres\u00ebn ton\u00eb t\u00eb e-mail:\u00a0<a href=\"mailto:sekretariati@albeiti.gov.al\">sekretariati@albeiti.gov.al<\/a><\/em>[\/vc_column_text][vc_row_inner row_type=&#8221;row&#8221; type=&#8221;full_width&#8221; text_align=&#8221;left&#8221; css_animation=&#8221;&#8221;][vc_column_inner][\/vc_column_inner][\/vc_row_inner][\/vc_column][vc_column width=&#8221;1\/3&#8243;][vc_widget_sidebar title=&#8221;Links&#8221; sidebar_id=&#8221;Sidebar Anesor&#8221;][\/vc_column][\/vc_row]\n","protected":false},"excerpt":{"rendered":"<p>[vc_row css_animation=&#8221;&#8221; row_type=&#8221;row&#8221; use_row_as_full_screen_section=&#8221;no&#8221; type=&#8221;grid&#8221; angled_section=&#8221;no&#8221; text_align=&#8221;left&#8221; background_image_as_pattern=&#8221;without_pattern&#8221; z_index=&#8221;&#8221;][vc_column width=&#8221;2\/3&#8243;][vc_column_text]Axhenda Axhenda e Takimit 2 Dhjetor 2019 Axhenda e Takimit 31 Tetor 2019 Axhenda e Takimit 11 Prill 2019 Axhenda e Takimit 12 Shkurt 2019 Axhenda e Takimit 11 Janar 2019[\/vc_column_text][vc_separator type=&#8221;normal&#8221;][vc_column_text]Liste Prezenca\u00a0 List\u00eb Prezenca 2&#8230;<\/p>\n","protected":false},"author":1,"featured_media":0,"parent":0,"menu_order":0,"comment_status":"closed","ping_status":"closed","template":"","meta":{"_monsterinsights_skip_tracking":false,"_monsterinsights_sitenote_active":false,"_monsterinsights_sitenote_note":"","_monsterinsights_sitenote_category":0},"_links":{"self":[{"href":"https:\/\/www.albeiti.org\/site\/wp-json\/wp\/v2\/pages\/9261"}],"collection":[{"href":"https:\/\/www.albeiti.org\/site\/wp-json\/wp\/v2\/pages"}],"about":[{"href":"https:\/\/www.albeiti.org\/site\/wp-json\/wp\/v2\/types\/page"}],"author":[{"embeddable":true,"href":"https:\/\/www.albeiti.org\/site\/wp-json\/wp\/v2\/users\/1"}],"replies":[{"embeddable":true,"href":"https:\/\/www.albeiti.org\/site\/wp-json\/wp\/v2\/comments?post=9261"}],"version-history":[{"count":9,"href":"https:\/\/www.albeiti.org\/site\/wp-json\/wp\/v2\/pages\/9261\/revisions"}],"predecessor-version":[{"id":9441,"href":"https:\/\/www.albeiti.org\/site\/wp-json\/wp\/v2\/pages\/9261\/revisions\/9441"}],"wp:attachment":[{"href":"https:\/\/www.albeiti.org\/site\/wp-json\/wp\/v2\/media?parent=9261"}],"curies":[{"name":"wp","href":"https:\/\/api.w.org\/{rel}","templated":true}]}}