{"id":9063,"date":"2020-08-20T11:29:09","date_gmt":"2020-08-20T11:29:09","guid":{"rendered":"http:\/\/www.albeiti.org\/site\/?page_id=9063"},"modified":"2020-08-20T11:32:45","modified_gmt":"2020-08-20T11:32:45","slug":"skrapar","status":"publish","type":"page","link":"https:\/\/www.albeiti.org\/site\/skrapar\/","title":{"rendered":"Skrapar"},"content":{"rendered":"[vc_row css_animation=&#8221;&#8221; row_type=&#8221;row&#8221; use_row_as_full_screen_section=&#8221;no&#8221; type=&#8221;full_width&#8221; angled_section=&#8221;no&#8221; text_align=&#8221;left&#8221; background_image_as_pattern=&#8221;without_pattern&#8221;][vc_column][vc_column_text]<strong>P\u00cbRSHKRIM I SHKURT\u00cbR<br \/>\n<\/strong><\/p>\n<p>&nbsp;<\/p>\n<p><img loading=\"lazy\" class=\"size-medium wp-image-9079 alignleft\" src=\"http:\/\/www.albeiti.org\/site\/wp-content\/uploads\/2020\/08\/bashkia-skrapar-274x300.jpg\" alt=\"\" width=\"274\" height=\"300\" srcset=\"https:\/\/www.albeiti.org\/site\/wp-content\/uploads\/2020\/08\/bashkia-skrapar-274x300.jpg 274w, https:\/\/www.albeiti.org\/site\/wp-content\/uploads\/2020\/08\/bashkia-skrapar.jpg 280w\" sizes=\"(max-width: 274px) 100vw, 274px\" \/>Zona Gjeografike: Skrapari kufizohet n\u00eb veri me\u00a0bashkin\u00eb Gramsh, n\u00eb per\u00ebndim me bashkit\u00eb\u00a0Berat dhe Poli\u00e7an, n\u00eb jug-per\u00ebndim me\u00a0bashkin\u00eb K\u00eblcyr\u00eb, n\u00eb jug me bashkin\u00eb P\u00ebrmet\u00a0dhe n\u00eb lindje me bashkit\u00eb Maliq e Kor\u00e7\u00eb.\u00a0Kryeqendra e Bashkis\u00eb \u00ebsht\u00eb qyteti i\u00a0\u00c7orovod\u00ebs.<\/p>\n<p>&nbsp;<\/p>\n<p>Popullsia: Sipas Censusit t\u00eb vitit 2011, kjo\u00a0bashki num\u00ebron 12.403 banor\u00eb, nd\u00ebrsa sipas\u00a0Regjistrit Civil ajo num\u00ebron nj\u00eb popullsi prej\u00a019.072 banor\u00eb. Bashkia e re ka nj\u00eb sip\u00ebrfaqe t\u00eb konsiderueshme prej 831, 44 km<sup>2<\/sup>. Sipas censusit, densiteti i\u00a0popullsis\u00eb \u00ebsht\u00eb 15 banor\u00eb\/km<sup>2<\/sup>\u00a0nd\u00ebrsa sipas regjistrit civil densiteti \u00ebsht\u00eb 22, 93 banor\u00eb\/km<sup>2<\/sup>.<\/p>\n<p>&nbsp;<\/p>\n<p>Kjo bashki p\u00ebrb\u00ebhet nga 8 nj\u00ebsi administrative, t\u00eb cilat jan\u00eb: \u00c7orovod\u00eb, Qend\u00ebr Skrapar, Bogov\u00eb, V\u00ebndresh\u00eb,\u00a0\u00c7epan, Potom, Leshnje, Gjerb\u00ebs dhe Zhep\u00eb. T\u00eb gjitha nj\u00ebsit\u00eb administrative jan\u00eb aktualisht pjes\u00eb e rrethit\u00a0Skrapar dhe pjes\u00eb e qarkut Berat.Bashkia e re ka n\u00ebn administrimin e saj nj\u00eb qytet dhe 106 fshatra.[\/vc_column_text][vc_empty_space height=&#8221;12px&#8221;][vc_column_text]<strong>NJ\u00cbSIT\u00cb ADMINISTRATIVE<\/strong><\/p>\n<p><img loading=\"lazy\" class=\"aligncenter wp-image-9071 size-full\" src=\"http:\/\/www.albeiti.org\/site\/wp-content\/uploads\/2020\/08\/tabela-1-7.png\" alt=\"\" width=\"668\" height=\"590\" srcset=\"https:\/\/www.albeiti.org\/site\/wp-content\/uploads\/2020\/08\/tabela-1-7.png 668w, https:\/\/www.albeiti.org\/site\/wp-content\/uploads\/2020\/08\/tabela-1-7-300x265.png 300w\" sizes=\"(max-width: 668px) 100vw, 668px\" \/>[\/vc_column_text][vc_empty_space height=&#8221;12px&#8221;][vc_column_text]<strong>PROFILI I BASHKIS\u00cb<\/strong><\/p>\n<p>&nbsp;<\/p>\n<p>Bashkia e re e Skraparit ka nj\u00eb reliev t\u00eb thyer malor, i cili ka nj\u00eb territor shum\u00eb t\u00eb gjer\u00eb dhe popullsi t\u00eb\u00a0ul\u00ebt.Popullsia e zon\u00ebs \u00ebsht\u00eb pak\u00ebsuar ndjesh\u00ebm gjat\u00eb dekad\u00ebs s\u00eb fundit nga largimet e banor\u00ebve drejt\u00a0qyteteve t\u00eb m\u00ebdha t\u00eb Shqip\u00ebris\u00eb apo n\u00eb emigrim. Vet\u00eb qyteti i \u00c7orovod\u00ebs humbi mbi 40 p\u00ebr qind t\u00eb\u00a0popullsis\u00eb mes viteve 2001 dhe 2011, nd\u00ebrsa shum\u00eb nga komunat p\u00ebrb\u00ebr\u00ebse kan\u00eb humbur mbi gjysm\u00ebn e\u00a0popullsis\u00eb.<\/p>\n<p>&nbsp;<\/p>\n<p>Mungesa e perspektiv\u00ebs, kryesisht ajo e vendeve t\u00eb pun\u00ebs, ka b\u00ebr\u00eb q\u00eb banor\u00ebt e qytetit t\u00eb vendosen p\u00ebr nj\u00eb\u00a0t\u00eb ardhme m\u00eb t\u00eb mir\u00eb p\u00ebr f\u00ebmij\u00ebt e tyre drejt qyteteve t\u00eb m\u00ebdha, nd\u00ebrsa banor\u00ebt e zonave t\u00eb thella jan\u00eb\u00a0larguar drejt qytetit t\u00eb \u00c7orovod\u00ebs, si rezultat i munges\u00ebs s\u00eb rrug\u00ebve dhe mjek\u00ebve n\u00eb fshatrat e tyre.\u00a0Problematika kryesore e banor\u00ebve t\u00eb \u00c7orovod\u00ebs ka qen\u00eb gjendja e v\u00ebshtir\u00eb e rrug\u00ebs komb\u00ebtare Skrapar-Berat.<\/p>\n<p>&nbsp;<\/p>\n<p>Skrapari si burim kryesor ka t\u00eb ardhurat q\u00eb vijn\u00eb nga blegtoria dhe bujq\u00ebsia, prodhime mjaft t\u00eb vler\u00ebsuara\u00a0k\u00ebto n\u00eb tregjet e vendit, nd\u00ebr m\u00eb t\u00eb njohurat djathi dhe rakia e Skraparit. Vitet e fundit Skraparit i \u00ebsht\u00eb\u00a0shtuar shpresa p\u00ebr zhvillimin n\u00ebp\u00ebrmjet turizmit.Kanionet e Skraparit, po t\u00ebrheqin \u00e7do dit\u00eb e m\u00eb shum\u00eb\u00a0v\u00ebmendjen e vizitor\u00ebve t\u00eb huaj dhe vendas.<\/p>\n<p>&nbsp;<\/p>\n<p>Mbi 20 mij\u00eb vizitor\u00eb mendohet se kan\u00eb prekur k\u00ebt\u00eb bukuri t\u00eb natyr\u00ebs kat\u00ebr vitet e fundit.Turizmi fetar \u00ebsht\u00eb\u00a0nj\u00eb tjet\u00ebr resurs i k\u00ebsaj zone.Mij\u00ebra vizitor\u00eb shkelin n\u00eb Skrapar \u00e7do vit gjat\u00eb fest\u00ebs s\u00eb Bektashinjve, gjat\u00eb\u00a0dit\u00ebve t\u00eb pelegrinazhit t\u00eb muajit gusht.Por dhe k\u00ebt\u00eb resurs t\u00eb turizmit e pengon gjendja e v\u00ebshtir\u00eb e rrug\u00ebs\u00a0n\u00eb fshatin Gjerb\u00ebs, nga ku vizitor\u00ebt duhet t\u00eb udh\u00ebtojn\u00eb drejt malit t\u00eb shenjt\u00eb Tomor.<\/p>\n<p>&nbsp;<\/p>\n<p>Parku Komb\u00ebtar i Tomorit, \u00ebsht\u00eb nj\u00eb tjet\u00ebr resurs mjaft i r\u00ebnd\u00ebsish\u00ebm i k\u00ebsaj zone, ende i pa v\u00ebn\u00eb n\u00eb\u00a0sh\u00ebrbim t\u00eb turizmit malor, si rezultat i munges\u00ebs s\u00eb infrastruktur\u00ebs dhe sh\u00ebrbimeve. Bashkimi i komun\u00ebs\u00a0Bogov\u00eb me Skraparin, i jep k\u00ebsaj bashkie t\u00eb re nj\u00eb tjet\u00ebr mund\u00ebsi p\u00ebr zhvillimin e turizmit.Uji q\u00eb rrjedh nga\u00a0zemra e malit, kodrat e hijshme, klima mjaft favorizuese dhe ushqimet e shijshme, i japin zon\u00ebs elemente\u00a0mjaft pozitive p\u00ebr zhvillimin e turizmit natyror.Ndryshe me pjes\u00ebn tjet\u00ebr t\u00eb rrethit, nga Bogova nuk ka pasur\u00a0l\u00ebvizje t\u00eb m\u00ebdha t\u00eb popullsis\u00eb.I gjith\u00eb fshati jeton me t\u00eb ardhurat nga turizmi familjar.Pjes\u00eb e k\u00ebsaj komune\u00a0\u00ebsht\u00eb fshati Novaj i njohur p\u00ebr gurin dekorativ.<\/p>\n<p>&nbsp;<\/p>\n<p>Aktiviteti minerar privat, n\u00eb rrethin e Skraparit, ka filluar n\u00eb vitin 2001 dhe deri n\u00eb Dhjetor t\u00eb vitit 2014 jan\u00eb\u00a0aktive 25 leje minerare shfryt\u00ebzimi.<\/p>\n<p>&nbsp;<\/p>\n<p>N\u00eb rrethin e Skraparit aktiviteti minerar \u00ebsht\u00eb i zhvilluar n\u00eb dy zona dhe konkretisht; n\u00eb Novaj ku punohet\u00a0p\u00ebr nxjerrjen e pllakave t\u00eb gurit g\u00eblqeror dhe n\u00eb zon\u00ebn e Milov\u00ebs n\u00eb nxjerrjen e g\u00eblqerorit masiv.[\/vc_column_text][vc_empty_space height=&#8221;12px&#8221;][vc_column_text]<img loading=\"lazy\" class=\"aligncenter wp-image-9072 size-full\" src=\"http:\/\/www.albeiti.org\/site\/wp-content\/uploads\/2020\/08\/tabela-2-6.png\" alt=\"\" width=\"670\" height=\"275\" srcset=\"https:\/\/www.albeiti.org\/site\/wp-content\/uploads\/2020\/08\/tabela-2-6.png 670w, https:\/\/www.albeiti.org\/site\/wp-content\/uploads\/2020\/08\/tabela-2-6-300x123.png 300w\" sizes=\"(max-width: 670px) 100vw, 670px\" \/>[\/vc_column_text][vc_empty_space height=&#8221;12px&#8221;][vc_column_text]<strong>LISTA E KOMPANIVE Q\u00cb VEPROJN\u00cb N\u00cb RAJONIN E\u00a0SKRAPARIT<\/strong>[\/vc_column_text][vc_column_text]<img loading=\"lazy\" class=\"aligncenter wp-image-9075 size-full\" src=\"http:\/\/www.albeiti.org\/site\/wp-content\/uploads\/2020\/08\/tabela-3-2.png\" alt=\"\" width=\"832\" height=\"906\" srcset=\"https:\/\/www.albeiti.org\/site\/wp-content\/uploads\/2020\/08\/tabela-3-2.png 832w, https:\/\/www.albeiti.org\/site\/wp-content\/uploads\/2020\/08\/tabela-3-2-275x300.png 275w, https:\/\/www.albeiti.org\/site\/wp-content\/uploads\/2020\/08\/tabela-3-2-768x836.png 768w, https:\/\/www.albeiti.org\/site\/wp-content\/uploads\/2020\/08\/tabela-3-2-700x762.png 700w\" sizes=\"(max-width: 832px) 100vw, 832px\" \/>[\/vc_column_text][vc_empty_space height=&#8221;12px&#8221;][vc_column_text]\n<p style=\"text-align: center;\">Burimi: AKBN 2014, Volumi III<\/p>\n[\/vc_column_text][vc_empty_space height=&#8221;22px&#8221;][\/vc_column][\/vc_row]\n","protected":false},"excerpt":{"rendered":"<p>[vc_row css_animation=&#8221;&#8221; row_type=&#8221;row&#8221; use_row_as_full_screen_section=&#8221;no&#8221; type=&#8221;full_width&#8221; angled_section=&#8221;no&#8221; text_align=&#8221;left&#8221; background_image_as_pattern=&#8221;without_pattern&#8221;][vc_column][vc_column_text]P\u00cbRSHKRIM I SHKURT\u00cbR &nbsp; Zona Gjeografike: Skrapari kufizohet n\u00eb veri me\u00a0bashkin\u00eb Gramsh, n\u00eb per\u00ebndim me bashkit\u00eb\u00a0Berat dhe Poli\u00e7an, n\u00eb jug-per\u00ebndim me\u00a0bashkin\u00eb K\u00eblcyr\u00eb, n\u00eb jug me bashkin\u00eb P\u00ebrmet\u00a0dhe n\u00eb lindje me bashkit\u00eb Maliq e Kor\u00e7\u00eb.\u00a0Kryeqendra e Bashkis\u00eb \u00ebsht\u00eb qyteti&#8230;<\/p>\n","protected":false},"author":1,"featured_media":0,"parent":0,"menu_order":0,"comment_status":"closed","ping_status":"closed","template":"","meta":{"_monsterinsights_skip_tracking":false,"_monsterinsights_sitenote_active":false,"_monsterinsights_sitenote_note":"","_monsterinsights_sitenote_category":0},"_links":{"self":[{"href":"https:\/\/www.albeiti.org\/site\/wp-json\/wp\/v2\/pages\/9063"}],"collection":[{"href":"https:\/\/www.albeiti.org\/site\/wp-json\/wp\/v2\/pages"}],"about":[{"href":"https:\/\/www.albeiti.org\/site\/wp-json\/wp\/v2\/types\/page"}],"author":[{"embeddable":true,"href":"https:\/\/www.albeiti.org\/site\/wp-json\/wp\/v2\/users\/1"}],"replies":[{"embeddable":true,"href":"https:\/\/www.albeiti.org\/site\/wp-json\/wp\/v2\/comments?post=9063"}],"version-history":[{"count":5,"href":"https:\/\/www.albeiti.org\/site\/wp-json\/wp\/v2\/pages\/9063\/revisions"}],"predecessor-version":[{"id":9082,"href":"https:\/\/www.albeiti.org\/site\/wp-json\/wp\/v2\/pages\/9063\/revisions\/9082"}],"wp:attachment":[{"href":"https:\/\/www.albeiti.org\/site\/wp-json\/wp\/v2\/media?parent=9063"}],"curies":[{"name":"wp","href":"https:\/\/api.w.org\/{rel}","templated":true}]}}