{"id":8935,"date":"2020-08-20T09:01:58","date_gmt":"2020-08-20T09:01:58","guid":{"rendered":"http:\/\/www.albeiti.org\/site\/?page_id=8935"},"modified":"2021-07-01T10:33:20","modified_gmt":"2021-07-01T10:33:20","slug":"industry-activities","status":"publish","type":"page","link":"https:\/\/www.albeiti.org\/site\/en\/industry-activities\/","title":{"rendered":"Industry Activities"},"content":{"rendered":"[vc_row css_animation=&#8221;&#8221; row_type=&#8221;row&#8221; use_row_as_full_screen_section=&#8221;no&#8221; type=&#8221;full_width&#8221; angled_section=&#8221;no&#8221; text_align=&#8221;left&#8221; background_image_as_pattern=&#8221;without_pattern&#8221;][vc_column width=&#8221;2\/3&#8243;][vc_column_text]<a href=\"http:\/\/fiaalbania.al\/important-institutions\/\">http:\/\/fiaalbania.al\/important-institutions\/<\/a><\/p>\n<p><a href=\"http:\/\/fiaalbania.al\/achievements-and-challenges-of-extractive-industry-transparency-initiative-in-albania\/\">Achievements and Challenges of Extractive Industry Transparency Initiative in Albania<\/a><\/p>\n<p><a href=\"http:\/\/www.albeiti.org\/site\/transparency-and-sustainable-development-model-in-the-albanian-mining-sector-nga-dr-sokol-mati\/\">Transparency and sustainable development model in the Albanian Mining Sector nga Dr. Sokol Mati<\/a><\/p>\n<p><a href=\"http:\/\/www.albeiti.org\/site\/eiti-arritjet-dhe-sfidat-ne-shqiperi-nga-prof-dr-perparim-alikaj\/\">EITI achievements and challenges in Albania by Prof. P\u00ebrparim Alikaj<\/a><\/p>\n<p><a href=\"https:\/\/cqegheiulaval.com\/transparency-and-sustainable-development-model-in-the-albanian-mining-sector\/\">Transparency and sustainable development model in the Albanian mining&nbsp;sector<\/a><\/p>\n<blockquote class=\"wp-embedded-content\" data-secret=\"tEMANAdLjp\"><p><a href=\"https:\/\/albpetrol.al\/albpetrol-eiti-me-shume-transparence-per-industrine-hidrokarbure\/\">Albpetrol-EITI: M\u00eb shum\u00eb transparenc\u00eb p\u00ebr industrin\u00eb hidrokarbure<\/a><\/p><\/blockquote>\n<p><iframe class=\"wp-embedded-content\" sandbox=\"allow-scripts\" security=\"restricted\" style=\"position: absolute; clip: rect(1px, 1px, 1px, 1px);\" title=\"&#8220;Albpetrol-EITI: M\u00eb shum\u00eb transparenc\u00eb p\u00ebr industrin\u00eb hidrokarbure&#8221; &#8212; Albpetrol\" src=\"https:\/\/albpetrol.al\/albpetrol-eiti-me-shume-transparence-per-industrine-hidrokarbure\/embed\/#?secret=tEMANAdLjp\" data-secret=\"tEMANAdLjp\" width=\"600\" height=\"338\" frameborder=\"0\" marginwidth=\"0\" marginheight=\"0\" scrolling=\"no\"><\/iframe><\/p>\n<p><a href=\"https:\/\/cqegheiulaval.com\/facing-the-global-challenges-in-mining-activities-adoption-of-legislation-and-mining-policies-in-albania\/?fbclid=IwAR0TgOrSieSWOD7e7UVHPA2QiwwfgvlkevqmHEFZprIDcz-Xthoz4Yw6A6A\">Facing the global challenges in mining activities: adoption of legislation and mining policies in&nbsp;Albania<\/a><\/p>\n<p><a href=\"https:\/\/www.albeiti.org\/site\/takim-me-fiaa-lidhur-me-aktivitetin-e-sekretariatit-eiti-ne-shqiperi\/\">Meeting with FIAA regarding the EITI Secretariat activity in Albania<\/a><\/p>\n<p><a href=\"https:\/\/www.albeiti.org\/site\/per-rritjen-e-sinergjise-me-investitoret-nderkombetare-ne-procesin-e-trasparences-takim-me-drejtorin-e-ri-te-pergjithshem-te-shell-upstream-albania-z-rohan-dsouza\/\">To increase synergy with the international investors on transparency process-Meeting with the new General Director of SHELL Upstream Albania, Rohan D\u2019Souza<\/a>[\/vc_column_text][\/vc_column][vc_column width=&#8221;1\/3&#8243;][vc_widget_sidebar title=&#8221;Links&#8221; sidebar_id=&#8221;Sidebar Anesor&#8221;][\/vc_column][\/vc_row]\n","protected":false},"excerpt":{"rendered":"<p>[vc_row css_animation=&#8221;&#8221; row_type=&#8221;row&#8221; use_row_as_full_screen_section=&#8221;no&#8221; type=&#8221;full_width&#8221; angled_section=&#8221;no&#8221; text_align=&#8221;left&#8221; background_image_as_pattern=&#8221;without_pattern&#8221;][vc_column width=&#8221;2\/3&#8243;][vc_column_text]http:\/\/fiaalbania.al\/important-institutions\/ Achievements and Challenges of Extractive Industry Transparency Initiative in Albania Transparency and sustainable development model in the Albanian Mining Sector nga Dr. Sokol Mati EITI achievements and challenges in Albania by Prof. P\u00ebrparim Alikaj Transparency and&#8230;<\/p>\n","protected":false},"author":1,"featured_media":0,"parent":0,"menu_order":0,"comment_status":"closed","ping_status":"closed","template":"","meta":{"_monsterinsights_skip_tracking":false,"_monsterinsights_sitenote_active":false,"_monsterinsights_sitenote_note":"","_monsterinsights_sitenote_category":0},"_links":{"self":[{"href":"https:\/\/www.albeiti.org\/site\/wp-json\/wp\/v2\/pages\/8935"}],"collection":[{"href":"https:\/\/www.albeiti.org\/site\/wp-json\/wp\/v2\/pages"}],"about":[{"href":"https:\/\/www.albeiti.org\/site\/wp-json\/wp\/v2\/types\/page"}],"author":[{"embeddable":true,"href":"https:\/\/www.albeiti.org\/site\/wp-json\/wp\/v2\/users\/1"}],"replies":[{"embeddable":true,"href":"https:\/\/www.albeiti.org\/site\/wp-json\/wp\/v2\/comments?post=8935"}],"version-history":[{"count":4,"href":"https:\/\/www.albeiti.org\/site\/wp-json\/wp\/v2\/pages\/8935\/revisions"}],"predecessor-version":[{"id":10634,"href":"https:\/\/www.albeiti.org\/site\/wp-json\/wp\/v2\/pages\/8935\/revisions\/10634"}],"wp:attachment":[{"href":"https:\/\/www.albeiti.org\/site\/wp-json\/wp\/v2\/media?parent=8935"}],"curies":[{"name":"wp","href":"https:\/\/api.w.org\/{rel}","templated":true}]}}