{"id":8765,"date":"2020-08-05T09:08:36","date_gmt":"2020-08-05T09:08:36","guid":{"rendered":"http:\/\/www.albeiti.org\/site\/?page_id=8765"},"modified":"2021-06-23T15:08:12","modified_gmt":"2021-06-23T15:08:12","slug":"dokumente-aktive","status":"publish","type":"page","link":"https:\/\/www.albeiti.org\/site\/dokumente-aktive\/","title":{"rendered":"Dokumente Aktive"},"content":{"rendered":"[vc_row css_animation=&#8221;&#8221; row_type=&#8221;row&#8221; use_row_as_full_screen_section=&#8221;no&#8221; type=&#8221;grid&#8221; angled_section=&#8221;no&#8221; text_align=&#8221;left&#8221; background_image_as_pattern=&#8221;without_pattern&#8221; padding_top=&#8221;20&#8243; padding_bottom=&#8221;20&#8243; z_index=&#8221;&#8221;][vc_column width=&#8221;1\/5&#8243;][vc_single_image image=&#8221;8767&#8243; onclick=&#8221;custom_link&#8221; qode_css_animation=&#8221;&#8221; link=&#8221;https:\/\/www.albeiti.org\/site\/wp-content\/uploads\/2021\/01\/AL-AB-BA1-Albania-EITI-Environment-Scoping-Study-Final-Report_Shqip-firmosur.pdf&#8221;][vc_column_text]\n<div class=\"one_fourth\">\n<p><a href=\"https:\/\/www.albeiti.org\/site\/wp-content\/uploads\/2021\/01\/AL-AB-BA1-Albania-EITI-Environment-Scoping-Study-Final-Report_Shqip-firmosur.pdf\"><strong>EITI Shqip\u00ebri, Raporti Studimor P\u00ebrfundimtar n\u00eb fush\u00ebn e Mjedisit p\u00ebr Industrit\u00eb Nxjerr\u00ebse<\/strong><\/a><\/p>\n<\/div>\n[\/vc_column_text][\/vc_column][vc_column width=&#8221;1\/5&#8243;][vc_single_image image=&#8221;8767&#8243; onclick=&#8221;custom_link&#8221; qode_css_animation=&#8221;&#8221; link=&#8221;https:\/\/www.albeiti.org\/site\/wp-content\/uploads\/2021\/02\/EITI-Mng.Letter-2019-2.pdf&#8221;][vc_column_text]\n<div class=\"one_fourth\">\n<p><a href=\"https:\/\/www.albeiti.org\/site\/wp-content\/uploads\/2021\/02\/EITI-Mng.Letter-2019-2.pdf\"><strong>Management Letter<\/strong><\/a><\/p>\n<\/div>\n[\/vc_column_text][\/vc_column][vc_column width=&#8221;1\/5&#8243;][vc_single_image image=&#8221;8767&#8243; onclick=&#8221;custom_link&#8221; qode_css_animation=&#8221;&#8221; link=&#8221;https:\/\/www.albeiti.org\/site\/wp-content\/uploads\/2021\/02\/EITI-Project-2019-4.pdf&#8221;][vc_column_text]\n<div class=\"one_fourth\">\n<p><a href=\"https:\/\/www.albeiti.org\/site\/wp-content\/uploads\/2021\/02\/EITI-Project-2019-4.pdf\"><strong>Independent Auditor\u2019s Report and Special Purpose Financial Information<\/strong><\/a><\/p>\n<\/div>\n[\/vc_column_text][\/vc_column][vc_column width=&#8221;1\/5&#8243;][vc_single_image image=&#8221;8767&#8243; onclick=&#8221;custom_link&#8221; qode_css_animation=&#8221;&#8221; link=&#8221;http:\/\/www.albeiti.org\/wp-content\/uploads\/2014\/03\/Rregullore-E-MSG-EITI-Albania.pdf&#8221;][vc_column_text]\n<div class=\"one_fourth\">\n<div class=\"one_fourth\">\n<div class=\"one_fourth\">\n<p><a href=\"http:\/\/www.albeiti.org\/wp-content\/uploads\/2014\/03\/Rregullore-E-MSG-EITI-Albania.pdf\"><strong>MSG ToR\u2019s<\/strong><\/a><\/p>\n<\/div>\n<\/div>\n<\/div>\n[\/vc_column_text][\/vc_column][\/vc_row][vc_row css_animation=&#8221;&#8221; row_type=&#8221;row&#8221; use_row_as_full_screen_section=&#8221;no&#8221; type=&#8221;grid&#8221; angled_section=&#8221;no&#8221; text_align=&#8221;left&#8221; background_image_as_pattern=&#8221;without_pattern&#8221; padding_top=&#8221;20&#8243; padding_bottom=&#8221;20&#8243; z_index=&#8221;&#8221;][vc_column width=&#8221;1\/4&#8243;][vc_single_image image=&#8221;8767&#8243; onclick=&#8221;custom_link&#8221; qode_css_animation=&#8221;&#8221; link=&#8221;http:\/\/www.albeiti.org\/wp-content\/uploads\/2014\/03\/Legal-review-Final-report-ALB.pdf&#8221;][vc_column_text]\n<div class=\"one_fourth\">\n<p><a href=\"http:\/\/www.albeiti.org\/wp-content\/uploads\/2014\/03\/Legal-review-Final-report-ALB.pdf\"><strong>Studim i Kuadrit Legjislativ Shqiptar<\/strong><\/a><\/p>\n<\/div>\n[\/vc_column_text][\/vc_column][vc_column width=&#8221;1\/4&#8243;][vc_single_image image=&#8221;8767&#8243; onclick=&#8221;custom_link&#8221; qode_css_animation=&#8221;&#8221; link=&#8221;http:\/\/www.albeiti.org\/wp-content\/uploads\/2016\/02\/BO-Roadmap-Albania.pdf&#8221;][vc_column_text]\n<div class=\"one_fourth\">\n<div class=\"one_fourth\">\n<p><a href=\"http:\/\/www.albeiti.org\/wp-content\/uploads\/2016\/02\/BO-Roadmap-Albania.pdf\"><strong>BO Roadmap<\/strong><\/a><\/p>\n<\/div>\n<\/div>\n[\/vc_column_text][\/vc_column][vc_column width=&#8221;1\/4&#8243;][vc_single_image image=&#8221;8767&#8243; onclick=&#8221;custom_link&#8221; qode_css_animation=&#8221;&#8221; link=&#8221;http:\/\/www.albeiti.org\/wp-content\/uploads\/2016\/02\/Report-Testimi-i-Spotit-te-Vjeter.pdf&#8221;][vc_column_text]\n<div class=\"one_fourth\">\n<p><a href=\"http:\/\/www.albeiti.org\/wp-content\/uploads\/2016\/02\/Report-Testimi-i-Spotit-te-Vjeter.pdf\"><strong>Raport mbi vler\u00ebsimin e impaktit t\u00eb spotit EITI<\/strong><\/a><\/p>\n<\/div>\n[\/vc_column_text][\/vc_column][\/vc_row][vc_row css_animation=&#8221;&#8221; row_type=&#8221;row&#8221; use_row_as_full_screen_section=&#8221;no&#8221; type=&#8221;grid&#8221; angled_section=&#8221;no&#8221; text_align=&#8221;left&#8221; background_image_as_pattern=&#8221;without_pattern&#8221; padding_top=&#8221;20&#8243; padding_bottom=&#8221;20&#8243; z_index=&#8221;&#8221;][vc_column width=&#8221;1\/4&#8243;][vc_single_image image=&#8221;8767&#8243; onclick=&#8221;custom_link&#8221; qode_css_animation=&#8221;&#8221; link=&#8221;http:\/\/www.albeiti.org\/site\/wp-content\/uploads\/2021\/02\/Social-impact-of-EI-in-Albania_Final-Draft_AL_EXE.pdf&#8221;][vc_column_text]\n<div class=\"one_fourth\">\n<p><a href=\"http:\/\/www.albeiti.org\/site\/wp-content\/uploads\/2021\/02\/Social-impact-of-EI-in-Albania_Final-Draft_AL_EXE.pdf\"><strong>Albania EITI Impakti Social i industrive nxjerr\u00ebse n\u00eb aspektin e qeverisjes vendore &amp; pun\u00ebsimit <\/strong><\/a><\/p>\n<\/div>\n[\/vc_column_text][\/vc_column][vc_column width=&#8221;1\/4&#8243;][vc_single_image image=&#8221;8767&#8243; onclick=&#8221;custom_link&#8221; qode_css_animation=&#8221;&#8221; link=&#8221;http:\/\/www.albeiti.org\/wp-content\/uploads\/2014\/03\/Open-Data-Policy.pdf&#8221;][vc_column_text]\n<div class=\"one_fourth\">\n<p><a href=\"http:\/\/www.albeiti.org\/wp-content\/uploads\/2014\/03\/Open-Data-Policy.pdf\"><strong>Politika Open Data<\/strong><\/a><\/p>\n<\/div>\n[\/vc_column_text][\/vc_column][vc_column width=&#8221;1\/4&#8243;][vc_single_image image=&#8221;8767&#8243; onclick=&#8221;custom_link&#8221; qode_css_animation=&#8221;&#8221; link=&#8221;http:\/\/www.albeiti.org\/wp-content\/uploads\/2014\/03\/2016-Impact-and-Outcomes-of-EITI-Implementation-in-Albania-4.pdf&#8221;][vc_column_text]\n<div class=\"one_fourth\">\n<p><a href=\"http:\/\/www.albeiti.org\/wp-content\/uploads\/2014\/03\/2016-Impact-and-Outcomes-of-EITI-Implementation-in-Albania-4.pdf\"><strong>Studimi i Impaktit n\u00eb Komunitet 2016<\/strong><\/a><\/p>\n<\/div>\n[\/vc_column_text][\/vc_column][vc_column width=&#8221;1\/4&#8243;][\/vc_column][\/vc_row]\n","protected":false},"excerpt":{"rendered":"<p>[vc_row css_animation=&#8221;&#8221; row_type=&#8221;row&#8221; use_row_as_full_screen_section=&#8221;no&#8221; type=&#8221;grid&#8221; angled_section=&#8221;no&#8221; text_align=&#8221;left&#8221; background_image_as_pattern=&#8221;without_pattern&#8221; padding_top=&#8221;20&#8243; padding_bottom=&#8221;20&#8243; z_index=&#8221;&#8221;][vc_column width=&#8221;1\/5&#8243;][vc_single_image image=&#8221;8767&#8243; onclick=&#8221;custom_link&#8221; qode_css_animation=&#8221;&#8221; link=&#8221;https:\/\/www.albeiti.org\/site\/wp-content\/uploads\/2021\/01\/AL-AB-BA1-Albania-EITI-Environment-Scoping-Study-Final-Report_Shqip-firmosur.pdf&#8221;][vc_column_text] EITI Shqip\u00ebri, Raporti Studimor P\u00ebrfundimtar n\u00eb fush\u00ebn e Mjedisit p\u00ebr Industrit\u00eb Nxjerr\u00ebse [\/vc_column_text][\/vc_column][vc_column width=&#8221;1\/5&#8243;][vc_single_image image=&#8221;8767&#8243; onclick=&#8221;custom_link&#8221; qode_css_animation=&#8221;&#8221; link=&#8221;https:\/\/www.albeiti.org\/site\/wp-content\/uploads\/2021\/02\/EITI-Mng.Letter-2019-2.pdf&#8221;][vc_column_text] Management Letter [\/vc_column_text][\/vc_column][vc_column width=&#8221;1\/5&#8243;][vc_single_image image=&#8221;8767&#8243; onclick=&#8221;custom_link&#8221; qode_css_animation=&#8221;&#8221; link=&#8221;https:\/\/www.albeiti.org\/site\/wp-content\/uploads\/2021\/02\/EITI-Project-2019-4.pdf&#8221;][vc_column_text] Independent Auditor\u2019s Report&#8230;<\/p>\n","protected":false},"author":1,"featured_media":0,"parent":0,"menu_order":0,"comment_status":"closed","ping_status":"closed","template":"full_width.php","meta":{"_monsterinsights_skip_tracking":false,"_monsterinsights_sitenote_active":false,"_monsterinsights_sitenote_note":"","_monsterinsights_sitenote_category":0},"_links":{"self":[{"href":"https:\/\/www.albeiti.org\/site\/wp-json\/wp\/v2\/pages\/8765"}],"collection":[{"href":"https:\/\/www.albeiti.org\/site\/wp-json\/wp\/v2\/pages"}],"about":[{"href":"https:\/\/www.albeiti.org\/site\/wp-json\/wp\/v2\/types\/page"}],"author":[{"embeddable":true,"href":"https:\/\/www.albeiti.org\/site\/wp-json\/wp\/v2\/users\/1"}],"replies":[{"embeddable":true,"href":"https:\/\/www.albeiti.org\/site\/wp-json\/wp\/v2\/comments?post=8765"}],"version-history":[{"count":17,"href":"https:\/\/www.albeiti.org\/site\/wp-json\/wp\/v2\/pages\/8765\/revisions"}],"predecessor-version":[{"id":10469,"href":"https:\/\/www.albeiti.org\/site\/wp-json\/wp\/v2\/pages\/8765\/revisions\/10469"}],"wp:attachment":[{"href":"https:\/\/www.albeiti.org\/site\/wp-json\/wp\/v2\/media?parent=8765"}],"curies":[{"name":"wp","href":"https:\/\/api.w.org\/{rel}","templated":true}]}}