{"id":665,"date":"2020-07-07T09:30:04","date_gmt":"2020-07-07T09:30:04","guid":{"rendered":"http:\/\/www.albeiti.org\/site\/?page_id=665"},"modified":"2023-11-30T13:44:55","modified_gmt":"2023-11-30T13:44:55","slug":"koordinatori-per-te-drejten-e-informimit","status":"publish","type":"page","link":"https:\/\/www.albeiti.org\/site\/koordinatori-per-te-drejten-e-informimit\/","title":{"rendered":"Koordinatori p\u00ebr t\u00eb drejt\u00ebn e informimit"},"content":{"rendered":"[vc_row css_animation=&#8221;&#8221; row_type=&#8221;row&#8221; use_row_as_full_screen_section=&#8221;no&#8221; type=&#8221;full_width&#8221; angled_section=&#8221;no&#8221; text_align=&#8221;left&#8221; background_image_as_pattern=&#8221;without_pattern&#8221; padding_top=&#8221;30&#8243; padding_bottom=&#8221;30&#8243; z_index=&#8221;&#8221;][vc_column width=&#8221;2\/3&#8243;][vc_column_text]<strong>Koordinatori p\u00ebr t\u00eb drejt\u00ebn e informimit EITI Shqiptar<\/strong><\/p>\n<p><span lang=\"IT\">Koordinatori:<strong> Znj Majlinda BALLA<\/strong><\/span><\/p>\n<p><span lang=\"IT\"><br \/>\nE-mail: Majlinda.Balla@albeiti.gov.al<br \/>\nTel: +355 4 2264645<br \/>\nAdresa: Bulevardi Zhan D\u2019Ark, ish godina ME, Kati V, Tiran\u00eb, Shqip\u00ebri<br \/>\nOrari: E H\u00ebn\u00eb \u2013 E Enjte, ora 08:00 \u2013 16:30; E Premte, ora 08:00 \u2013 14:00<\/span><\/p>\n<p>&nbsp;<\/p>\n[\/vc_column_text][\/vc_column][vc_column width=&#8221;1\/3&#8243;][vc_widget_sidebar sidebar_id=&#8221;Sidebar Anesor&#8221;][\/vc_column][\/vc_row]\n","protected":false},"excerpt":{"rendered":"<p>[vc_row css_animation=&#8221;&#8221; row_type=&#8221;row&#8221; use_row_as_full_screen_section=&#8221;no&#8221; type=&#8221;full_width&#8221; angled_section=&#8221;no&#8221; text_align=&#8221;left&#8221; background_image_as_pattern=&#8221;without_pattern&#8221; padding_top=&#8221;30&#8243; padding_bottom=&#8221;30&#8243; z_index=&#8221;&#8221;][vc_column width=&#8221;2\/3&#8243;][vc_column_text]Koordinatori p\u00ebr t\u00eb drejt\u00ebn e informimit EITI Shqiptar Koordinatori: Znj Majlinda BALLA E-mail: Majlinda.Balla@albeiti.gov.al Tel: +355 4 2264645 Adresa: Bulevardi Zhan D\u2019Ark, ish godina ME, Kati V, Tiran\u00eb, Shqip\u00ebri Orari: E H\u00ebn\u00eb \u2013 E&#8230;<\/p>\n","protected":false},"author":1,"featured_media":0,"parent":0,"menu_order":0,"comment_status":"closed","ping_status":"closed","template":"","meta":{"_monsterinsights_skip_tracking":false,"_monsterinsights_sitenote_active":false,"_monsterinsights_sitenote_note":"","_monsterinsights_sitenote_category":0},"_links":{"self":[{"href":"https:\/\/www.albeiti.org\/site\/wp-json\/wp\/v2\/pages\/665"}],"collection":[{"href":"https:\/\/www.albeiti.org\/site\/wp-json\/wp\/v2\/pages"}],"about":[{"href":"https:\/\/www.albeiti.org\/site\/wp-json\/wp\/v2\/types\/page"}],"author":[{"embeddable":true,"href":"https:\/\/www.albeiti.org\/site\/wp-json\/wp\/v2\/users\/1"}],"replies":[{"embeddable":true,"href":"https:\/\/www.albeiti.org\/site\/wp-json\/wp\/v2\/comments?post=665"}],"version-history":[{"count":5,"href":"https:\/\/www.albeiti.org\/site\/wp-json\/wp\/v2\/pages\/665\/revisions"}],"predecessor-version":[{"id":11683,"href":"https:\/\/www.albeiti.org\/site\/wp-json\/wp\/v2\/pages\/665\/revisions\/11683"}],"wp:attachment":[{"href":"https:\/\/www.albeiti.org\/site\/wp-json\/wp\/v2\/media?parent=665"}],"curies":[{"name":"wp","href":"https:\/\/api.w.org\/{rel}","templated":true}]}}