{"id":663,"date":"2020-07-07T09:29:52","date_gmt":"2020-07-07T09:29:52","guid":{"rendered":"http:\/\/www.albeiti.org\/site\/?page_id=663"},"modified":"2026-04-06T19:11:52","modified_gmt":"2026-04-06T19:11:52","slug":"regjistri-i-kerkesave-dhe-pergjigjeve","status":"publish","type":"page","link":"https:\/\/www.albeiti.org\/site\/regjistri-i-kerkesave-dhe-pergjigjeve\/","title":{"rendered":"REGJISTRI I K\u00cbRKESAVE DHE P\u00cbRGJIGJEVE"},"content":{"rendered":"[vc_row css_animation=&#8221;&#8221; row_type=&#8221;row&#8221; use_row_as_full_screen_section=&#8221;no&#8221; type=&#8221;grid&#8221; angled_section=&#8221;no&#8221; text_align=&#8221;left&#8221; background_image_as_pattern=&#8221;without_pattern&#8221; z_index=&#8221;&#8221;][vc_column width=&#8221;1\/2&#8243;][vc_column_text]<a href=\"https:\/\/www.albeiti.org\/site\/wp-content\/uploads\/2026\/04\/regjistri-i-kerkesave-dhe-pergjigjeve-mars-2026.pdf\">Regjistri i K\u00ebrkesave dhe P\u00ebrgjigjeve 2026<\/a><\/p>\n<p><a href=\"https:\/\/www.albeiti.org\/site\/wp-content\/uploads\/2026\/01\/regjistri-i-kerkesave-dhe-pergjigjeve-dhjetor-2025.pdf\">Regjistri i K\u00ebrkesave dhe P\u00ebrgjigjeve 2025<\/a><\/p>\n<p><a href=\"https:\/\/www.albeiti.org\/site\/wp-content\/uploads\/2025\/01\/regjistri-i-kerkesave-dhe-pergjigjeve-dhjetor.pdf\">Regjistri i K\u00ebrkesave dhe P\u00ebrgjigjeve 2024<\/a><\/p>\n<p><a href=\"https:\/\/www.albeiti.org\/site\/wp-content\/uploads\/2023\/11\/regjistri-i-kerkesave-dhe-pergjigjeve-viti-2023.pdf\">Regjistri i K\u00ebrkesave dhe P\u00ebrgjigjeve 2023<\/a><\/p>\n<p><a href=\"https:\/\/www.albeiti.org\/site\/wp-content\/uploads\/2023\/11\/regjistri-i-kerkesave-dhe-pergjigjeve-viti-2022.pdf\">Regjistri i K\u00ebrkesave dhe P\u00ebrgjigjeve 2022<\/a><\/p>\n<p><a href=\"https:\/\/www.albeiti.org\/site\/wp-content\/uploads\/2023\/07\/regjistri-2021.pdf\">Regjistri i K\u00ebrkesave dhe P\u00ebrgjigjeve 2021<\/a>[\/vc_column_text][\/vc_column][vc_column width=&#8221;1\/2&#8243;][vc_widget_sidebar title=&#8221;Links&#8221; sidebar_id=&#8221;Sidebar Anesor&#8221;][\/vc_column][\/vc_row][vc_row css_animation=&#8221;&#8221; row_type=&#8221;row&#8221; use_row_as_full_screen_section=&#8221;no&#8221; type=&#8221;grid&#8221; angled_section=&#8221;no&#8221; text_align=&#8221;left&#8221; background_image_as_pattern=&#8221;without_pattern&#8221; z_index=&#8221;&#8221;][vc_column][\/vc_column][\/vc_row][vc_row css_animation=&#8221;&#8221; row_type=&#8221;row&#8221; use_row_as_full_screen_section=&#8221;no&#8221; type=&#8221;full_width&#8221; angled_section=&#8221;no&#8221; text_align=&#8221;left&#8221; background_image_as_pattern=&#8221;without_pattern&#8221;][vc_column][\/vc_column][\/vc_row]\n","protected":false},"excerpt":{"rendered":"<p>[vc_row css_animation=&#8221;&#8221; row_type=&#8221;row&#8221; use_row_as_full_screen_section=&#8221;no&#8221; type=&#8221;grid&#8221; angled_section=&#8221;no&#8221; text_align=&#8221;left&#8221; background_image_as_pattern=&#8221;without_pattern&#8221; z_index=&#8221;&#8221;][vc_column width=&#8221;1\/2&#8243;][vc_column_text]Regjistri i K\u00ebrkesave dhe P\u00ebrgjigjeve 2026 Regjistri i K\u00ebrkesave dhe P\u00ebrgjigjeve 2025 Regjistri i K\u00ebrkesave dhe P\u00ebrgjigjeve 2024 Regjistri i K\u00ebrkesave dhe P\u00ebrgjigjeve 2023 Regjistri i K\u00ebrkesave dhe P\u00ebrgjigjeve 2022 Regjistri i K\u00ebrkesave dhe P\u00ebrgjigjeve 2021[\/vc_column_text][\/vc_column][vc_column&#8230;<\/p>\n","protected":false},"author":1,"featured_media":0,"parent":0,"menu_order":0,"comment_status":"closed","ping_status":"closed","template":"","meta":{"_monsterinsights_skip_tracking":false,"_monsterinsights_sitenote_active":false,"_monsterinsights_sitenote_note":"","_monsterinsights_sitenote_category":0},"_links":{"self":[{"href":"https:\/\/www.albeiti.org\/site\/wp-json\/wp\/v2\/pages\/663"}],"collection":[{"href":"https:\/\/www.albeiti.org\/site\/wp-json\/wp\/v2\/pages"}],"about":[{"href":"https:\/\/www.albeiti.org\/site\/wp-json\/wp\/v2\/types\/page"}],"author":[{"embeddable":true,"href":"https:\/\/www.albeiti.org\/site\/wp-json\/wp\/v2\/users\/1"}],"replies":[{"embeddable":true,"href":"https:\/\/www.albeiti.org\/site\/wp-json\/wp\/v2\/comments?post=663"}],"version-history":[{"count":43,"href":"https:\/\/www.albeiti.org\/site\/wp-json\/wp\/v2\/pages\/663\/revisions"}],"predecessor-version":[{"id":12411,"href":"https:\/\/www.albeiti.org\/site\/wp-json\/wp\/v2\/pages\/663\/revisions\/12411"}],"wp:attachment":[{"href":"https:\/\/www.albeiti.org\/site\/wp-json\/wp\/v2\/media?parent=663"}],"curies":[{"name":"wp","href":"https:\/\/api.w.org\/{rel}","templated":true}]}}