{"id":651,"date":"2020-07-07T09:26:53","date_gmt":"2020-07-07T09:26:53","guid":{"rendered":"http:\/\/www.albeiti.org\/site\/?page_id=651"},"modified":"2020-10-13T09:49:23","modified_gmt":"2020-10-13T09:49:23","slug":"lajme","status":"publish","type":"page","link":"https:\/\/www.albeiti.org\/site\/lajme\/","title":{"rendered":"Lajme"},"content":{"rendered":"[vc_row css_animation=&#8221;&#8221; row_type=&#8221;row&#8221; use_row_as_full_screen_section=&#8221;no&#8221; type=&#8221;full_width&#8221; angled_section=&#8221;no&#8221; text_align=&#8221;left&#8221; background_image_as_pattern=&#8221;without_pattern&#8221;][vc_column][vc_column_text]<div class=\"pt-cv-wrapper\"><div class=\"pt-cv-view pt-cv-grid pt-cv-colsys\" id=\"pt-cv-view-c22edeaoic\"><div data-id=\"pt-cv-page-1\" class=\"pt-cv-page\" data-cvc=\"3\"><div class=\"col-md-4 col-sm-6 col-xs-12 pt-cv-content-item pt-cv-1-col\" ><div class='pt-cv-ifield'><a href=\"https:\/\/www.albeiti.org\/site\/publikohet-raporti-eiti-shqiperi-2023\/\" class=\"_self pt-cv-href-thumbnail pt-cv-thumb-default\" target=\"_self\" ><\/a>\n<h4 class=\"pt-cv-title\"><a href=\"https:\/\/www.albeiti.org\/site\/publikohet-raporti-eiti-shqiperi-2023\/\" class=\"_self\" target=\"_self\" >Publikohet Raporti EITI Shqip\u00ebri 2023<\/a><\/h4>\n<div class=\"pt-cv-content\">Sekretariati i EITI n\u00eb Shqip\u00ebri ka publikuar n\u00eb muajin dhjetor 2025 Raportin EITI p\u00ebr vitin 2023, n\u00eb p\u00ebrputhje me Standardin ...<br \/><a href=\"https:\/\/www.albeiti.org\/site\/publikohet-raporti-eiti-shqiperi-2023\/\" class=\"_self pt-cv-readmore btn btn-success\" target=\"_self\">Lexoni M\u00eb Tep\u00ebr\u2026<\/a><\/div><\/div><\/div>\n<div class=\"col-md-4 col-sm-6 col-xs-12 pt-cv-content-item pt-cv-1-col\" ><div class='pt-cv-ifield'><a href=\"https:\/\/www.albeiti.org\/site\/konference-industria-e-naftes-ne-republiken-e-shqiperise\/\" class=\"_self pt-cv-href-thumbnail pt-cv-thumb-default\" target=\"_self\" ><img width=\"300\" height=\"190\" src=\"https:\/\/www.albeiti.org\/site\/wp-content\/uploads\/2025\/08\/screenshot-2025-08-06-211456-300x190.png\" class=\"pt-cv-thumbnail\" alt=\"\" loading=\"lazy\" srcset=\"https:\/\/www.albeiti.org\/site\/wp-content\/uploads\/2025\/08\/screenshot-2025-08-06-211456-300x190.png 300w, https:\/\/www.albeiti.org\/site\/wp-content\/uploads\/2025\/08\/screenshot-2025-08-06-211456-1024x648.png 1024w, https:\/\/www.albeiti.org\/site\/wp-content\/uploads\/2025\/08\/screenshot-2025-08-06-211456-768x486.png 768w, https:\/\/www.albeiti.org\/site\/wp-content\/uploads\/2025\/08\/screenshot-2025-08-06-211456-700x443.png 700w, https:\/\/www.albeiti.org\/site\/wp-content\/uploads\/2025\/08\/screenshot-2025-08-06-211456.png 1325w\" sizes=\"(max-width: 300px) 100vw, 300px\" \/><\/a>\n<h4 class=\"pt-cv-title\"><a href=\"https:\/\/www.albeiti.org\/site\/konference-industria-e-naftes-ne-republiken-e-shqiperise\/\" class=\"_self\" target=\"_self\" >Konferenc\u00eb \u2013 Industria e Naft\u00ebs n\u00eb Republik\u00ebn e Shqip\u00ebris\u00eb<\/a><\/h4>\n<div class=\"pt-cv-content\">Sot, m\u00eb 31 korrik, EITI Shqip\u00ebri, n\u00eb bashk\u00ebpunim me Grupin e Pal\u00ebve t\u00eb Interesuara (MSG), organizoi me sukses nj\u00eb konferenc\u00eb ...<br \/><a href=\"https:\/\/www.albeiti.org\/site\/konference-industria-e-naftes-ne-republiken-e-shqiperise\/\" class=\"_self pt-cv-readmore btn btn-success\" target=\"_self\">Lexoni M\u00eb Tep\u00ebr\u2026<\/a><\/div><\/div><\/div>\n<div class=\"col-md-4 col-sm-6 col-xs-12 pt-cv-content-item pt-cv-1-col\" ><div class='pt-cv-ifield'><a href=\"https:\/\/www.albeiti.org\/site\/konferenca-vendore-per-transparencen-ne-industrine-nxjerrese\/\" class=\"_self pt-cv-href-thumbnail pt-cv-thumb-default\" target=\"_self\" ><img width=\"300\" height=\"195\" src=\"https:\/\/www.albeiti.org\/site\/wp-content\/uploads\/2025\/08\/screenshot-2025-08-06-211822-300x195.png\" class=\"pt-cv-thumbnail\" alt=\"\" loading=\"lazy\" srcset=\"https:\/\/www.albeiti.org\/site\/wp-content\/uploads\/2025\/08\/screenshot-2025-08-06-211822-300x195.png 300w, https:\/\/www.albeiti.org\/site\/wp-content\/uploads\/2025\/08\/screenshot-2025-08-06-211822-1024x665.png 1024w, https:\/\/www.albeiti.org\/site\/wp-content\/uploads\/2025\/08\/screenshot-2025-08-06-211822-768x499.png 768w, https:\/\/www.albeiti.org\/site\/wp-content\/uploads\/2025\/08\/screenshot-2025-08-06-211822-400x260.png 400w, https:\/\/www.albeiti.org\/site\/wp-content\/uploads\/2025\/08\/screenshot-2025-08-06-211822-700x454.png 700w, https:\/\/www.albeiti.org\/site\/wp-content\/uploads\/2025\/08\/screenshot-2025-08-06-211822.png 1143w\" sizes=\"(max-width: 300px) 100vw, 300px\" \/><\/a>\n<h4 class=\"pt-cv-title\"><a href=\"https:\/\/www.albeiti.org\/site\/konferenca-vendore-per-transparencen-ne-industrine-nxjerrese\/\" class=\"_self\" target=\"_self\" >Konferenca Vendore p\u00ebr Transparenc\u00ebn n\u00eb Industrin\u00eb Nxjerr\u00ebse<\/a><\/h4>\n<div class=\"pt-cv-content\">Sot, m\u00eb 30 korrik, u zhvillua konferenca vendore me tem\u00eb \u201cIniciativa EITI n\u00eb Shqip\u00ebri dhe veprimtaria n\u00eb fush\u00ebn e transparenc\u00ebs ...<br \/><a href=\"https:\/\/www.albeiti.org\/site\/konferenca-vendore-per-transparencen-ne-industrine-nxjerrese\/\" class=\"_self pt-cv-readmore btn btn-success\" target=\"_self\">Lexoni M\u00eb Tep\u00ebr\u2026<\/a><\/div><\/div><\/div>\n<div class=\"col-md-4 col-sm-6 col-xs-12 pt-cv-content-item pt-cv-1-col\" ><div class='pt-cv-ifield'><a href=\"https:\/\/www.albeiti.org\/site\/trajnim-mbi-standardin-eiti-2023\/\" class=\"_self pt-cv-href-thumbnail pt-cv-thumb-default\" target=\"_self\" ><img width=\"300\" height=\"167\" src=\"https:\/\/www.albeiti.org\/site\/wp-content\/uploads\/2025\/08\/screenshot-2025-08-06-212302-300x167.png\" class=\"pt-cv-thumbnail\" alt=\"\" loading=\"lazy\" srcset=\"https:\/\/www.albeiti.org\/site\/wp-content\/uploads\/2025\/08\/screenshot-2025-08-06-212302-300x167.png 300w, https:\/\/www.albeiti.org\/site\/wp-content\/uploads\/2025\/08\/screenshot-2025-08-06-212302-1024x571.png 1024w, https:\/\/www.albeiti.org\/site\/wp-content\/uploads\/2025\/08\/screenshot-2025-08-06-212302-768x428.png 768w, https:\/\/www.albeiti.org\/site\/wp-content\/uploads\/2025\/08\/screenshot-2025-08-06-212302-700x390.png 700w, https:\/\/www.albeiti.org\/site\/wp-content\/uploads\/2025\/08\/screenshot-2025-08-06-212302.png 1297w\" sizes=\"(max-width: 300px) 100vw, 300px\" \/><\/a>\n<h4 class=\"pt-cv-title\"><a href=\"https:\/\/www.albeiti.org\/site\/trajnim-mbi-standardin-eiti-2023\/\" class=\"_self\" target=\"_self\" >Trajnim mbi Standardin EITI 2023<\/a><\/h4>\n<div class=\"pt-cv-content\">M\u00eb dat\u00eb 22 korrik 2024, n\u00eb ambientet e Agjencis\u00eb Komb\u00ebtare t\u00eb Burimeve Natyrore (AKBN) n\u00eb Tiran\u00eb, u zhvillua nj\u00eb trajnim ...<br \/><a href=\"https:\/\/www.albeiti.org\/site\/trajnim-mbi-standardin-eiti-2023\/\" class=\"_self pt-cv-readmore btn btn-success\" target=\"_self\">Lexoni M\u00eb Tep\u00ebr\u2026<\/a><\/div><\/div><\/div>\n<div class=\"col-md-4 col-sm-6 col-xs-12 pt-cv-content-item pt-cv-1-col\" ><div class='pt-cv-ifield'><a href=\"https:\/\/www.albeiti.org\/site\/12190-2\/\" class=\"_self pt-cv-href-thumbnail pt-cv-thumb-default\" target=\"_self\" ><img width=\"300\" height=\"155\" src=\"https:\/\/www.albeiti.org\/site\/wp-content\/uploads\/2025\/08\/screenshot-2025-08-06-210917-300x155.png\" class=\"pt-cv-thumbnail\" alt=\"\" loading=\"lazy\" srcset=\"https:\/\/www.albeiti.org\/site\/wp-content\/uploads\/2025\/08\/screenshot-2025-08-06-210917-300x155.png 300w, https:\/\/www.albeiti.org\/site\/wp-content\/uploads\/2025\/08\/screenshot-2025-08-06-210917-1024x530.png 1024w, https:\/\/www.albeiti.org\/site\/wp-content\/uploads\/2025\/08\/screenshot-2025-08-06-210917-768x398.png 768w, https:\/\/www.albeiti.org\/site\/wp-content\/uploads\/2025\/08\/screenshot-2025-08-06-210917-700x362.png 700w, https:\/\/www.albeiti.org\/site\/wp-content\/uploads\/2025\/08\/screenshot-2025-08-06-210917.png 1530w\" sizes=\"(max-width: 300px) 100vw, 300px\" \/><\/a>\n<h4 class=\"pt-cv-title\"><a href=\"https:\/\/www.albeiti.org\/site\/12190-2\/\" class=\"_self\" target=\"_self\" >Tryez\u00eb mbi transparenc\u00ebn n\u00eb industrin\u00eb nxjerr\u00ebse \u2013 EITI Shqip\u00ebri &#038; AKBN<\/a><\/h4>\n<div class=\"pt-cv-content\">M\u00eb 22 korrik 2025, EITI Shqip\u00ebri organizoi nj\u00eb tryez\u00eb prezantuese n\u00eb ambientet e Agjencis\u00eb Komb\u00ebtare t\u00eb Burimeve Natyrore (AKBN) n\u00eb ...<br \/><a href=\"https:\/\/www.albeiti.org\/site\/12190-2\/\" class=\"_self pt-cv-readmore btn btn-success\" target=\"_self\">Lexoni M\u00eb Tep\u00ebr\u2026<\/a><\/div><\/div><\/div>\n<div class=\"col-md-4 col-sm-6 col-xs-12 pt-cv-content-item pt-cv-1-col\" ><div class='pt-cv-ifield'><a href=\"https:\/\/www.albeiti.org\/site\/trajnim-kombetar-online-perfundoi-me-sukses\/\" class=\"_self pt-cv-href-thumbnail pt-cv-thumb-default\" target=\"_self\" ><img width=\"300\" height=\"158\" src=\"https:\/\/www.albeiti.org\/site\/wp-content\/uploads\/2025\/08\/screenshot-2025-08-06-212017-300x158.png\" class=\"pt-cv-thumbnail\" alt=\"\" loading=\"lazy\" srcset=\"https:\/\/www.albeiti.org\/site\/wp-content\/uploads\/2025\/08\/screenshot-2025-08-06-212017-300x158.png 300w, https:\/\/www.albeiti.org\/site\/wp-content\/uploads\/2025\/08\/screenshot-2025-08-06-212017-1024x541.png 1024w, https:\/\/www.albeiti.org\/site\/wp-content\/uploads\/2025\/08\/screenshot-2025-08-06-212017-768x406.png 768w, https:\/\/www.albeiti.org\/site\/wp-content\/uploads\/2025\/08\/screenshot-2025-08-06-212017-1536x811.png 1536w, https:\/\/www.albeiti.org\/site\/wp-content\/uploads\/2025\/08\/screenshot-2025-08-06-212017-700x370.png 700w, https:\/\/www.albeiti.org\/site\/wp-content\/uploads\/2025\/08\/screenshot-2025-08-06-212017.png 1545w\" sizes=\"(max-width: 300px) 100vw, 300px\" \/><\/a>\n<h4 class=\"pt-cv-title\"><a href=\"https:\/\/www.albeiti.org\/site\/trajnim-kombetar-online-perfundoi-me-sukses\/\" class=\"_self\" target=\"_self\" >Trajnim Komb\u00ebtar Online \u2013 P\u00ebrfundoi me Sukses!<\/a><\/h4>\n<div class=\"pt-cv-content\">M\u00eb 22 korrik 2025 u zhvillua trajnimi nj\u00eb ditor online \u201cIndustria Nxjerr\u00ebse, Siguria Energjitike dhe Tranzicioni Klimatik\u201d, i organizuar nga ...<br \/><a href=\"https:\/\/www.albeiti.org\/site\/trajnim-kombetar-online-perfundoi-me-sukses\/\" class=\"_self pt-cv-readmore btn btn-success\" target=\"_self\">Lexoni M\u00eb Tep\u00ebr\u2026<\/a><\/div><\/div><\/div>\n<div class=\"col-md-4 col-sm-6 col-xs-12 pt-cv-content-item pt-cv-1-col\" ><div class='pt-cv-ifield'><a href=\"https:\/\/www.albeiti.org\/site\/trajnim-per-raportimin-eiti-transparenca-ne-praktike-me-albpetrol-sh-a\/\" class=\"_self pt-cv-href-thumbnail pt-cv-thumb-default\" target=\"_self\" ><img width=\"294\" height=\"300\" src=\"https:\/\/www.albeiti.org\/site\/wp-content\/uploads\/2025\/08\/screenshot-2025-08-06-212822-294x300.png\" class=\"pt-cv-thumbnail\" alt=\"\" loading=\"lazy\" srcset=\"https:\/\/www.albeiti.org\/site\/wp-content\/uploads\/2025\/08\/screenshot-2025-08-06-212822-294x300.png 294w, https:\/\/www.albeiti.org\/site\/wp-content\/uploads\/2025\/08\/screenshot-2025-08-06-212822.png 643w\" sizes=\"(max-width: 294px) 100vw, 294px\" \/><\/a>\n<h4 class=\"pt-cv-title\"><a href=\"https:\/\/www.albeiti.org\/site\/trajnim-per-raportimin-eiti-transparenca-ne-praktike-me-albpetrol-sh-a\/\" class=\"_self\" target=\"_self\" >Trajnim p\u00ebr Raportimin EITI \u2013 Transparenca n\u00eb praktik\u00eb me Albpetrol sh.a.<\/a><\/h4>\n<div class=\"pt-cv-content\">M\u00eb dat\u00eb 21 korrik 2024, n\u00eb ambientet e Albpetrol sh.a., Patos \u2013 Fier, EITI Shqip\u00ebri organizoi nj\u00eb trajnim t\u00eb dedikuar ...<br \/><a href=\"https:\/\/www.albeiti.org\/site\/trajnim-per-raportimin-eiti-transparenca-ne-praktike-me-albpetrol-sh-a\/\" class=\"_self pt-cv-readmore btn btn-success\" target=\"_self\">Lexoni M\u00eb Tep\u00ebr\u2026<\/a><\/div><\/div><\/div>\n<div class=\"col-md-4 col-sm-6 col-xs-12 pt-cv-content-item pt-cv-1-col\" ><div class='pt-cv-ifield'><a href=\"https:\/\/www.albeiti.org\/site\/transparenca-ne-praktike-eiti-shqiperi-ne-tryeze-me-albpetrol-sh-a\/\" class=\"_self pt-cv-href-thumbnail pt-cv-thumb-default\" target=\"_self\" ><img width=\"300\" height=\"173\" src=\"https:\/\/www.albeiti.org\/site\/wp-content\/uploads\/2025\/08\/screenshot-2025-08-06-213052-300x173.png\" class=\"pt-cv-thumbnail\" alt=\"\" loading=\"lazy\" srcset=\"https:\/\/www.albeiti.org\/site\/wp-content\/uploads\/2025\/08\/screenshot-2025-08-06-213052-300x173.png 300w, https:\/\/www.albeiti.org\/site\/wp-content\/uploads\/2025\/08\/screenshot-2025-08-06-213052-1024x591.png 1024w, https:\/\/www.albeiti.org\/site\/wp-content\/uploads\/2025\/08\/screenshot-2025-08-06-213052-768x444.png 768w, https:\/\/www.albeiti.org\/site\/wp-content\/uploads\/2025\/08\/screenshot-2025-08-06-213052-345x198.png 345w, https:\/\/www.albeiti.org\/site\/wp-content\/uploads\/2025\/08\/screenshot-2025-08-06-213052-700x404.png 700w, https:\/\/www.albeiti.org\/site\/wp-content\/uploads\/2025\/08\/screenshot-2025-08-06-213052.png 1155w\" sizes=\"(max-width: 300px) 100vw, 300px\" \/><\/a>\n<h4 class=\"pt-cv-title\"><a href=\"https:\/\/www.albeiti.org\/site\/transparenca-ne-praktike-eiti-shqiperi-ne-tryeze-me-albpetrol-sh-a\/\" class=\"_self\" target=\"_self\" >Transparenca n\u00eb praktik\u00eb \u2013 EITI Shqip\u00ebri n\u00eb tryez\u00eb me Albpetrol sh.a.<\/a><\/h4>\n<div class=\"pt-cv-content\">M\u00eb 21 korrik 2025, EITI Shqip\u00ebri organizoi nj\u00eb tryez\u00eb prezantuese n\u00eb ambientet e kompanis\u00eb publike Albpetrol sh.a. n\u00eb Patos\/Fier, me ...<br \/><a href=\"https:\/\/www.albeiti.org\/site\/transparenca-ne-praktike-eiti-shqiperi-ne-tryeze-me-albpetrol-sh-a\/\" class=\"_self pt-cv-readmore btn btn-success\" target=\"_self\">Lexoni M\u00eb Tep\u00ebr\u2026<\/a><\/div><\/div><\/div>\n<div class=\"col-md-4 col-sm-6 col-xs-12 pt-cv-content-item pt-cv-1-col\" ><div class='pt-cv-ifield'><a href=\"https:\/\/www.albeiti.org\/site\/takimi-i-misionit-te-bankes-boterore-ne-shqiperi-me-perfaqesuesit-e-grupit-multifunksional-te-albeiti\/\" class=\"_self pt-cv-href-thumbnail pt-cv-thumb-default\" target=\"_self\" ><img width=\"300\" height=\"225\" src=\"https:\/\/www.albeiti.org\/site\/wp-content\/uploads\/2024\/07\/img-9405-300x225.jpeg\" class=\"pt-cv-thumbnail\" alt=\"\" loading=\"lazy\" srcset=\"https:\/\/www.albeiti.org\/site\/wp-content\/uploads\/2024\/07\/img-9405-300x225.jpeg 300w, https:\/\/www.albeiti.org\/site\/wp-content\/uploads\/2024\/07\/img-9405-1024x768.jpeg 1024w, https:\/\/www.albeiti.org\/site\/wp-content\/uploads\/2024\/07\/img-9405-768x576.jpeg 768w, https:\/\/www.albeiti.org\/site\/wp-content\/uploads\/2024\/07\/img-9405-1536x1152.jpeg 1536w, https:\/\/www.albeiti.org\/site\/wp-content\/uploads\/2024\/07\/img-9405-2048x1536.jpeg 2048w, https:\/\/www.albeiti.org\/site\/wp-content\/uploads\/2024\/07\/img-9405-800x600.jpeg 800w, https:\/\/www.albeiti.org\/site\/wp-content\/uploads\/2024\/07\/img-9405-700x525.jpeg 700w\" sizes=\"(max-width: 300px) 100vw, 300px\" \/><\/a>\n<h4 class=\"pt-cv-title\"><a href=\"https:\/\/www.albeiti.org\/site\/takimi-i-misionit-te-bankes-boterore-ne-shqiperi-me-perfaqesuesit-e-grupit-multifunksional-te-albeiti\/\" class=\"_self\" target=\"_self\" >Takimi i Misionit t\u00eb Bank\u00ebs Bot\u00ebrore n\u00eb Shqip\u00ebri me p\u00ebrfaq\u00ebsuesit e Grupit Multifunksional t\u00eb Albeiti<\/a><\/h4>\n<div class=\"pt-cv-content\">Sekretariati Komb\u00ebtar Nisma p\u00ebr Transparenc\u00eb n\u00eb Industrin\u00eb Nxjerr\u00ebse n\u00eb dat\u00ebn 26 qershor 2024 priti misionin e Bank\u00ebs Bot\u00ebrore nga Washington ...<br \/><a href=\"https:\/\/www.albeiti.org\/site\/takimi-i-misionit-te-bankes-boterore-ne-shqiperi-me-perfaqesuesit-e-grupit-multifunksional-te-albeiti\/\" class=\"_self pt-cv-readmore btn btn-success\" target=\"_self\">Lexoni M\u00eb Tep\u00ebr\u2026<\/a><\/div><\/div><\/div>\n<div class=\"col-md-4 col-sm-6 col-xs-12 pt-cv-content-item pt-cv-1-col\" ><div class='pt-cv-ifield'><a href=\"https:\/\/www.albeiti.org\/site\/takimi-i-koordinatoreve-kombetare-te-vendeve-eiti-ne-gjeneve-zvicer-ne-datat-17-18-qershor-2024\/\" class=\"_self pt-cv-href-thumbnail pt-cv-thumb-default\" target=\"_self\" ><img width=\"300\" height=\"169\" src=\"https:\/\/www.albeiti.org\/site\/wp-content\/uploads\/2024\/06\/53804355390-ae010671f7-o-300x169.jpg\" class=\"pt-cv-thumbnail\" alt=\"\" loading=\"lazy\" srcset=\"https:\/\/www.albeiti.org\/site\/wp-content\/uploads\/2024\/06\/53804355390-ae010671f7-o-300x169.jpg 300w, https:\/\/www.albeiti.org\/site\/wp-content\/uploads\/2024\/06\/53804355390-ae010671f7-o-1024x576.jpg 1024w, https:\/\/www.albeiti.org\/site\/wp-content\/uploads\/2024\/06\/53804355390-ae010671f7-o-768x432.jpg 768w, https:\/\/www.albeiti.org\/site\/wp-content\/uploads\/2024\/06\/53804355390-ae010671f7-o-1536x864.jpg 1536w, https:\/\/www.albeiti.org\/site\/wp-content\/uploads\/2024\/06\/53804355390-ae010671f7-o-2048x1152.jpg 2048w, https:\/\/www.albeiti.org\/site\/wp-content\/uploads\/2024\/06\/53804355390-ae010671f7-o-700x394.jpg 700w, https:\/\/www.albeiti.org\/site\/wp-content\/uploads\/2024\/06\/53804355390-ae010671f7-o-539x303.jpg 539w\" sizes=\"(max-width: 300px) 100vw, 300px\" \/><\/a>\n<h4 class=\"pt-cv-title\"><a href=\"https:\/\/www.albeiti.org\/site\/takimi-i-koordinatoreve-kombetare-te-vendeve-eiti-ne-gjeneve-zvicer-ne-datat-17-18-qershor-2024\/\" class=\"_self\" target=\"_self\" >Takimi i Koordinator\u00ebve Komb\u00ebtar\u00eb t\u00eb vendeve EITI n\u00eb Gjenev\u00eb, Zvic\u00ebr ne datat 17-18 Qershor 2024<\/a><\/h4>\n<div class=\"pt-cv-content\">EITI, n\u00eb partneritet me Bank\u00ebn Bot\u00ebrore dhe Qeverin\u00eb e Zvicr\u00ebs, t\u00eb p\u00ebrfaq\u00ebsuar nga Sekretariati Shtet\u00ebror p\u00ebr \u00c7\u00ebshtje Ekonomike (SECO), organizuan ...<br \/><a href=\"https:\/\/www.albeiti.org\/site\/takimi-i-koordinatoreve-kombetare-te-vendeve-eiti-ne-gjeneve-zvicer-ne-datat-17-18-qershor-2024\/\" class=\"_self pt-cv-readmore btn btn-success\" target=\"_self\">Lexoni M\u00eb Tep\u00ebr\u2026<\/a><\/div><\/div><\/div>\n<div class=\"col-md-4 col-sm-6 col-xs-12 pt-cv-content-item pt-cv-1-col\" ><div class='pt-cv-ifield'><a href=\"https:\/\/www.albeiti.org\/site\/vizita-e-misionit-te-bankes-boterore-prane-institucionit-te-sekretariatit-kombetar-nisma-per-transparence-ne-industrine-nxjerrese-tirane-qershor-2024\/\" class=\"_self pt-cv-href-thumbnail pt-cv-thumb-default\" target=\"_self\" ><img width=\"300\" height=\"225\" src=\"https:\/\/www.albeiti.org\/site\/wp-content\/uploads\/2024\/06\/img-9358-scaled-e1719412513178-300x225.jpg\" class=\"pt-cv-thumbnail\" alt=\"\" loading=\"lazy\" srcset=\"https:\/\/www.albeiti.org\/site\/wp-content\/uploads\/2024\/06\/img-9358-scaled-e1719412513178-300x225.jpg 300w, https:\/\/www.albeiti.org\/site\/wp-content\/uploads\/2024\/06\/img-9358-scaled-e1719412513178-1024x768.jpg 1024w, https:\/\/www.albeiti.org\/site\/wp-content\/uploads\/2024\/06\/img-9358-scaled-e1719412513178-768x576.jpg 768w, https:\/\/www.albeiti.org\/site\/wp-content\/uploads\/2024\/06\/img-9358-scaled-e1719412513178-1536x1152.jpg 1536w, https:\/\/www.albeiti.org\/site\/wp-content\/uploads\/2024\/06\/img-9358-scaled-e1719412513178-2048x1536.jpg 2048w, https:\/\/www.albeiti.org\/site\/wp-content\/uploads\/2024\/06\/img-9358-scaled-e1719412513178-800x600.jpg 800w, https:\/\/www.albeiti.org\/site\/wp-content\/uploads\/2024\/06\/img-9358-scaled-e1719412513178-700x525.jpg 700w\" sizes=\"(max-width: 300px) 100vw, 300px\" \/><\/a>\n<h4 class=\"pt-cv-title\"><a href=\"https:\/\/www.albeiti.org\/site\/vizita-e-misionit-te-bankes-boterore-prane-institucionit-te-sekretariatit-kombetar-nisma-per-transparence-ne-industrine-nxjerrese-tirane-qershor-2024\/\" class=\"_self\" target=\"_self\" >Vizita e Misionit t\u00eb Bank\u00ebs Bot\u00ebrore pran\u00eb institucionit t\u00eb Sekretariatit Komb\u00ebtar Nisma p\u00ebr Transparenc\u00eb n\u00eb Industrin\u00eb Nxjerr\u00ebse, Tiran\u00eb, Qershor 2024<\/a><\/h4>\n<div class=\"pt-cv-content\">Sekretariati Komb\u00ebtar Nisma p\u00ebr Transparenc\u00eb n\u00eb Industrin\u00eb Nxjerr\u00ebse n\u00eb dat\u00ebn 25 qershor 2024 priti misionin e Bank\u00ebs Bot\u00ebrore nga Washington ...<br \/><a href=\"https:\/\/www.albeiti.org\/site\/vizita-e-misionit-te-bankes-boterore-prane-institucionit-te-sekretariatit-kombetar-nisma-per-transparence-ne-industrine-nxjerrese-tirane-qershor-2024\/\" class=\"_self pt-cv-readmore btn btn-success\" target=\"_self\">Lexoni M\u00eb Tep\u00ebr\u2026<\/a><\/div><\/div><\/div>\n<div class=\"col-md-4 col-sm-6 col-xs-12 pt-cv-content-item pt-cv-1-col\" ><div class='pt-cv-ifield'><a href=\"https:\/\/www.albeiti.org\/site\/vizita-e-misionit-te-sekretariatit-nderkombetar-eiti-ne-shqiperi-qershor-2024\/\" class=\"_self pt-cv-href-thumbnail pt-cv-thumb-default\" target=\"_self\" ><img width=\"300\" height=\"225\" src=\"https:\/\/www.albeiti.org\/site\/wp-content\/uploads\/2024\/06\/foto-17-300x225.jpg\" class=\"pt-cv-thumbnail\" alt=\"\" loading=\"lazy\" srcset=\"https:\/\/www.albeiti.org\/site\/wp-content\/uploads\/2024\/06\/foto-17-300x225.jpg 300w, https:\/\/www.albeiti.org\/site\/wp-content\/uploads\/2024\/06\/foto-17-1024x768.jpg 1024w, https:\/\/www.albeiti.org\/site\/wp-content\/uploads\/2024\/06\/foto-17-768x576.jpg 768w, https:\/\/www.albeiti.org\/site\/wp-content\/uploads\/2024\/06\/foto-17-800x600.jpg 800w, https:\/\/www.albeiti.org\/site\/wp-content\/uploads\/2024\/06\/foto-17-700x525.jpg 700w, https:\/\/www.albeiti.org\/site\/wp-content\/uploads\/2024\/06\/foto-17.jpg 1280w\" sizes=\"(max-width: 300px) 100vw, 300px\" \/><\/a>\n<h4 class=\"pt-cv-title\"><a href=\"https:\/\/www.albeiti.org\/site\/vizita-e-misionit-te-sekretariatit-nderkombetar-eiti-ne-shqiperi-qershor-2024\/\" class=\"_self\" target=\"_self\" >Vizita e Misionit t\u00eb Sekretariatit Nd\u00ebrkomb\u00ebtar EITI n\u00eb Shqip\u00ebri, Qershor 2024<\/a><\/h4>\n<div class=\"pt-cv-content\">Sekretariati Nisma p\u00ebr Transparenc\u00eb n\u00eb Industrin\u00eb Nxjerr\u00ebse dhe MSG zhvilloi nje takim nj\u00eb ditor me ekipin e Sekretariatit Nd\u00ebrkomb\u00ebtar EITI ...<br \/><a href=\"https:\/\/www.albeiti.org\/site\/vizita-e-misionit-te-sekretariatit-nderkombetar-eiti-ne-shqiperi-qershor-2024\/\" class=\"_self pt-cv-readmore btn btn-success\" target=\"_self\">Lexoni M\u00eb Tep\u00ebr\u2026<\/a><\/div><\/div><\/div><\/div><\/div>\n<div class=\" pt-cv-pagination-wrapper\"><ul class=\"pt-cv-pagination pt-cv-ajax pagination\" data-totalpages=\"17\" data-currentpage=\"1\" data-sid=\"c22edeaoic\" data-unid=\"\"><li class=\"active\"><a href=\"#\">1<\/a><\/li>\n\t<li ><a class=\"\" href=\"https:\/\/www.albeiti.org\/site\/wp-json\/wp\/v2\/pages\/651\/?_page=2\">2<\/a><\/li>\n\t<li ><a class=\"\" href=\"https:\/\/www.albeiti.org\/site\/wp-json\/wp\/v2\/pages\/651\/?_page=3\">3<\/a><\/li>\n\t<li ><a href=\"#\">&hellip;<\/a><\/li>\n\t<li ><a class=\"\" href=\"https:\/\/www.albeiti.org\/site\/wp-json\/wp\/v2\/pages\/651\/?_page=17\">17<\/a><\/li>\n\t<li ><a class=\" \" href=\"https:\/\/www.albeiti.org\/site\/wp-json\/wp\/v2\/pages\/651\/?_page=2\">&rsaquo;<\/a><\/li>\n\t<\/ul><img width=\"15\" height=\"15\" class=\"pt-cv-spinner\" alt=\"Loading...\" src=\"data:image\/gif;base64,R0lGODlhDwAPALMPAMrKygwMDJOTkz09PZWVla+vr3p6euTk5M7OzuXl5TMzMwAAAJmZmWZmZszMzP\/\/\/yH\/C05FVFNDQVBFMi4wAwEAAAAh+QQFCgAPACwAAAAADwAPAAAEQvDJaZaZOIcV8iQK8VRX4iTYoAwZ4iCYoAjZ4RxejhVNoT+mRGP4cyF4Pp0N98sBGIBMEMOotl6YZ3S61Bmbkm4mAgAh+QQFCgAPACwAAAAADQANAAAENPDJSRSZeA418itN8QiK8BiLITVsFiyBBIoYqnoewAD4xPw9iY4XLGYSjkQR4UAUD45DLwIAIfkEBQoADwAsAAAAAA8ACQAABC\/wyVlamTi3nSdgwFNdhEJgTJoNyoB9ISYoQmdjiZPcj7EYCAeCF1gEDo4Dz2eIAAAh+QQFCgAPACwCAAAADQANAAAEM\/DJBxiYeLKdX3IJZT1FU0iIg2RNKx3OkZVnZ98ToRD4MyiDnkAh6BkNC0MvsAj0kMpHBAAh+QQFCgAPACwGAAAACQAPAAAEMDC59KpFDll73HkAA2wVY5KgiK5b0RRoI6MuzG6EQqCDMlSGheEhUAgqgUUAFRySIgAh+QQFCgAPACwCAAIADQANAAAEM\/DJKZNLND\/kkKaHc3xk+QAMYDKsiaqmZCxGVjSFFCxB1vwy2oOgIDxuucxAMTAJFAJNBAAh+QQFCgAPACwAAAYADwAJAAAEMNAs86q1yaWwwv2Ig0jUZx3OYa4XoRAfwADXoAwfo1+CIjyFRuEho60aSNYlOPxEAAAh+QQFCgAPACwAAAIADQANAAAENPA9s4y8+IUVcqaWJ4qEQozSoAzoIyhCK2NFU2SJk0hNnyEOhKR2AzAAj4Pj4GE4W0bkJQIAOw==\" \/><div class=\"clear pt-cv-clear-pagination\"><\/div><\/div><\/div>[\/vc_column_text][\/vc_column][\/vc_row]\n","protected":false},"excerpt":{"rendered":"<p>[vc_row css_animation=&#8221;&#8221; row_type=&#8221;row&#8221; use_row_as_full_screen_section=&#8221;no&#8221; type=&#8221;full_width&#8221; angled_section=&#8221;no&#8221; text_align=&#8221;left&#8221; background_image_as_pattern=&#8221;without_pattern&#8221;][vc_column][vc_column_text][\/vc_column_text][\/vc_column][\/vc_row]<\/p>\n","protected":false},"author":1,"featured_media":0,"parent":0,"menu_order":0,"comment_status":"closed","ping_status":"closed","template":"","meta":{"_monsterinsights_skip_tracking":false,"_monsterinsights_sitenote_active":false,"_monsterinsights_sitenote_note":"","_monsterinsights_sitenote_category":0},"_links":{"self":[{"href":"https:\/\/www.albeiti.org\/site\/wp-json\/wp\/v2\/pages\/651"}],"collection":[{"href":"https:\/\/www.albeiti.org\/site\/wp-json\/wp\/v2\/pages"}],"about":[{"href":"https:\/\/www.albeiti.org\/site\/wp-json\/wp\/v2\/types\/page"}],"author":[{"embeddable":true,"href":"https:\/\/www.albeiti.org\/site\/wp-json\/wp\/v2\/users\/1"}],"replies":[{"embeddable":true,"href":"https:\/\/www.albeiti.org\/site\/wp-json\/wp\/v2\/comments?post=651"}],"version-history":[{"count":11,"href":"https:\/\/www.albeiti.org\/site\/wp-json\/wp\/v2\/pages\/651\/revisions"}],"predecessor-version":[{"id":8740,"href":"https:\/\/www.albeiti.org\/site\/wp-json\/wp\/v2\/pages\/651\/revisions\/8740"}],"wp:attachment":[{"href":"https:\/\/www.albeiti.org\/site\/wp-json\/wp\/v2\/media?parent=651"}],"curies":[{"name":"wp","href":"https:\/\/api.w.org\/{rel}","templated":true}]}}