{"id":649,"date":"2020-07-07T09:26:14","date_gmt":"2020-07-07T09:26:14","guid":{"rendered":"http:\/\/www.albeiti.org\/site\/?page_id=649"},"modified":"2020-08-27T11:20:53","modified_gmt":"2020-08-27T11:20:53","slug":"njoftime","status":"publish","type":"page","link":"https:\/\/www.albeiti.org\/site\/njoftime\/","title":{"rendered":"Njoftime"},"content":{"rendered":"[vc_row css_animation=&#8221;&#8221; row_type=&#8221;row&#8221; use_row_as_full_screen_section=&#8221;no&#8221; type=&#8221;full_width&#8221; angled_section=&#8221;no&#8221; text_align=&#8221;left&#8221; background_image_as_pattern=&#8221;without_pattern&#8221;][vc_column][vc_column_text]<div class=\"pt-cv-wrapper\"><div class=\"pt-cv-view pt-cv-grid pt-cv-colsys\" id=\"pt-cv-view-bd2c1e9y9x\"><div data-id=\"pt-cv-page-1\" class=\"pt-cv-page\" data-cvc=\"3\"><div class=\"col-md-4 col-sm-6 col-xs-12 pt-cv-content-item pt-cv-1-col\" ><div class='pt-cv-ifield'><a href=\"https:\/\/www.albeiti.org\/site\/takimi-i-misionit-te-bankes-boterore-ne-shqiperi-me-perfaqesuesit-e-grupit-multifunksional-te-albeiti\/\" class=\"_self pt-cv-href-thumbnail pt-cv-thumb-default\" target=\"_self\" ><img width=\"300\" height=\"225\" src=\"https:\/\/www.albeiti.org\/site\/wp-content\/uploads\/2024\/07\/img-9405-300x225.jpeg\" class=\"pt-cv-thumbnail\" alt=\"\" loading=\"lazy\" srcset=\"https:\/\/www.albeiti.org\/site\/wp-content\/uploads\/2024\/07\/img-9405-300x225.jpeg 300w, https:\/\/www.albeiti.org\/site\/wp-content\/uploads\/2024\/07\/img-9405-1024x768.jpeg 1024w, https:\/\/www.albeiti.org\/site\/wp-content\/uploads\/2024\/07\/img-9405-768x576.jpeg 768w, https:\/\/www.albeiti.org\/site\/wp-content\/uploads\/2024\/07\/img-9405-1536x1152.jpeg 1536w, https:\/\/www.albeiti.org\/site\/wp-content\/uploads\/2024\/07\/img-9405-2048x1536.jpeg 2048w, https:\/\/www.albeiti.org\/site\/wp-content\/uploads\/2024\/07\/img-9405-800x600.jpeg 800w, https:\/\/www.albeiti.org\/site\/wp-content\/uploads\/2024\/07\/img-9405-700x525.jpeg 700w\" sizes=\"(max-width: 300px) 100vw, 300px\" \/><\/a>\n<h4 class=\"pt-cv-title\"><a href=\"https:\/\/www.albeiti.org\/site\/takimi-i-misionit-te-bankes-boterore-ne-shqiperi-me-perfaqesuesit-e-grupit-multifunksional-te-albeiti\/\" class=\"_self\" target=\"_self\" >Takimi i Misionit t\u00eb Bank\u00ebs Bot\u00ebrore n\u00eb Shqip\u00ebri me p\u00ebrfaq\u00ebsuesit e Grupit Multifunksional t\u00eb Albeiti<\/a><\/h4>\n<div class=\"pt-cv-content\">Sekretariati Komb\u00ebtar Nisma p\u00ebr Transparenc\u00eb n\u00eb Industrin\u00eb Nxjerr\u00ebse n\u00eb dat\u00ebn 26 qershor 2024 priti misionin e Bank\u00ebs Bot\u00ebrore nga Washington ...<br \/><a href=\"https:\/\/www.albeiti.org\/site\/takimi-i-misionit-te-bankes-boterore-ne-shqiperi-me-perfaqesuesit-e-grupit-multifunksional-te-albeiti\/\" class=\"_self pt-cv-readmore btn btn-success\" target=\"_self\">Lexoni M\u00eb Tep\u00ebr\u2026<\/a><\/div><\/div><\/div>\n<div class=\"col-md-4 col-sm-6 col-xs-12 pt-cv-content-item pt-cv-1-col\" ><div class='pt-cv-ifield'><a href=\"https:\/\/www.albeiti.org\/site\/takimi-i-koordinatoreve-kombetare-te-vendeve-eiti-ne-gjeneve-zvicer-ne-datat-17-18-qershor-2024\/\" class=\"_self pt-cv-href-thumbnail pt-cv-thumb-default\" target=\"_self\" ><img width=\"300\" height=\"169\" src=\"https:\/\/www.albeiti.org\/site\/wp-content\/uploads\/2024\/06\/53804355390-ae010671f7-o-300x169.jpg\" class=\"pt-cv-thumbnail\" alt=\"\" loading=\"lazy\" srcset=\"https:\/\/www.albeiti.org\/site\/wp-content\/uploads\/2024\/06\/53804355390-ae010671f7-o-300x169.jpg 300w, https:\/\/www.albeiti.org\/site\/wp-content\/uploads\/2024\/06\/53804355390-ae010671f7-o-1024x576.jpg 1024w, https:\/\/www.albeiti.org\/site\/wp-content\/uploads\/2024\/06\/53804355390-ae010671f7-o-768x432.jpg 768w, https:\/\/www.albeiti.org\/site\/wp-content\/uploads\/2024\/06\/53804355390-ae010671f7-o-1536x864.jpg 1536w, https:\/\/www.albeiti.org\/site\/wp-content\/uploads\/2024\/06\/53804355390-ae010671f7-o-2048x1152.jpg 2048w, https:\/\/www.albeiti.org\/site\/wp-content\/uploads\/2024\/06\/53804355390-ae010671f7-o-700x394.jpg 700w, https:\/\/www.albeiti.org\/site\/wp-content\/uploads\/2024\/06\/53804355390-ae010671f7-o-539x303.jpg 539w\" sizes=\"(max-width: 300px) 100vw, 300px\" \/><\/a>\n<h4 class=\"pt-cv-title\"><a href=\"https:\/\/www.albeiti.org\/site\/takimi-i-koordinatoreve-kombetare-te-vendeve-eiti-ne-gjeneve-zvicer-ne-datat-17-18-qershor-2024\/\" class=\"_self\" target=\"_self\" >Takimi i Koordinator\u00ebve Komb\u00ebtar\u00eb t\u00eb vendeve EITI n\u00eb Gjenev\u00eb, Zvic\u00ebr ne datat 17-18 Qershor 2024<\/a><\/h4>\n<div class=\"pt-cv-content\">EITI, n\u00eb partneritet me Bank\u00ebn Bot\u00ebrore dhe Qeverin\u00eb e Zvicr\u00ebs, t\u00eb p\u00ebrfaq\u00ebsuar nga Sekretariati Shtet\u00ebror p\u00ebr \u00c7\u00ebshtje Ekonomike (SECO), organizuan ...<br \/><a href=\"https:\/\/www.albeiti.org\/site\/takimi-i-koordinatoreve-kombetare-te-vendeve-eiti-ne-gjeneve-zvicer-ne-datat-17-18-qershor-2024\/\" class=\"_self pt-cv-readmore btn btn-success\" target=\"_self\">Lexoni M\u00eb Tep\u00ebr\u2026<\/a><\/div><\/div><\/div>\n<div class=\"col-md-4 col-sm-6 col-xs-12 pt-cv-content-item pt-cv-1-col\" ><div class='pt-cv-ifield'><a href=\"https:\/\/www.albeiti.org\/site\/vizita-e-misionit-te-bankes-boterore-prane-institucionit-te-sekretariatit-kombetar-nisma-per-transparence-ne-industrine-nxjerrese-tirane-qershor-2024\/\" class=\"_self pt-cv-href-thumbnail pt-cv-thumb-default\" target=\"_self\" ><img width=\"300\" height=\"225\" src=\"https:\/\/www.albeiti.org\/site\/wp-content\/uploads\/2024\/06\/img-9358-scaled-e1719412513178-300x225.jpg\" class=\"pt-cv-thumbnail\" alt=\"\" loading=\"lazy\" srcset=\"https:\/\/www.albeiti.org\/site\/wp-content\/uploads\/2024\/06\/img-9358-scaled-e1719412513178-300x225.jpg 300w, https:\/\/www.albeiti.org\/site\/wp-content\/uploads\/2024\/06\/img-9358-scaled-e1719412513178-1024x768.jpg 1024w, https:\/\/www.albeiti.org\/site\/wp-content\/uploads\/2024\/06\/img-9358-scaled-e1719412513178-768x576.jpg 768w, https:\/\/www.albeiti.org\/site\/wp-content\/uploads\/2024\/06\/img-9358-scaled-e1719412513178-1536x1152.jpg 1536w, https:\/\/www.albeiti.org\/site\/wp-content\/uploads\/2024\/06\/img-9358-scaled-e1719412513178-2048x1536.jpg 2048w, https:\/\/www.albeiti.org\/site\/wp-content\/uploads\/2024\/06\/img-9358-scaled-e1719412513178-800x600.jpg 800w, https:\/\/www.albeiti.org\/site\/wp-content\/uploads\/2024\/06\/img-9358-scaled-e1719412513178-700x525.jpg 700w\" sizes=\"(max-width: 300px) 100vw, 300px\" \/><\/a>\n<h4 class=\"pt-cv-title\"><a href=\"https:\/\/www.albeiti.org\/site\/vizita-e-misionit-te-bankes-boterore-prane-institucionit-te-sekretariatit-kombetar-nisma-per-transparence-ne-industrine-nxjerrese-tirane-qershor-2024\/\" class=\"_self\" target=\"_self\" >Vizita e Misionit t\u00eb Bank\u00ebs Bot\u00ebrore pran\u00eb institucionit t\u00eb Sekretariatit Komb\u00ebtar Nisma p\u00ebr Transparenc\u00eb n\u00eb Industrin\u00eb Nxjerr\u00ebse, Tiran\u00eb, Qershor 2024<\/a><\/h4>\n<div class=\"pt-cv-content\">Sekretariati Komb\u00ebtar Nisma p\u00ebr Transparenc\u00eb n\u00eb Industrin\u00eb Nxjerr\u00ebse n\u00eb dat\u00ebn 25 qershor 2024 priti misionin e Bank\u00ebs Bot\u00ebrore nga Washington ...<br \/><a href=\"https:\/\/www.albeiti.org\/site\/vizita-e-misionit-te-bankes-boterore-prane-institucionit-te-sekretariatit-kombetar-nisma-per-transparence-ne-industrine-nxjerrese-tirane-qershor-2024\/\" class=\"_self pt-cv-readmore btn btn-success\" target=\"_self\">Lexoni M\u00eb Tep\u00ebr\u2026<\/a><\/div><\/div><\/div>\n<div class=\"col-md-4 col-sm-6 col-xs-12 pt-cv-content-item pt-cv-1-col\" ><div class='pt-cv-ifield'><a href=\"https:\/\/www.albeiti.org\/site\/vizita-e-misionit-te-sekretariatit-nderkombetar-eiti-ne-shqiperi-qershor-2024\/\" class=\"_self pt-cv-href-thumbnail pt-cv-thumb-default\" target=\"_self\" ><img width=\"300\" height=\"225\" src=\"https:\/\/www.albeiti.org\/site\/wp-content\/uploads\/2024\/06\/foto-17-300x225.jpg\" class=\"pt-cv-thumbnail\" alt=\"\" loading=\"lazy\" srcset=\"https:\/\/www.albeiti.org\/site\/wp-content\/uploads\/2024\/06\/foto-17-300x225.jpg 300w, https:\/\/www.albeiti.org\/site\/wp-content\/uploads\/2024\/06\/foto-17-1024x768.jpg 1024w, https:\/\/www.albeiti.org\/site\/wp-content\/uploads\/2024\/06\/foto-17-768x576.jpg 768w, https:\/\/www.albeiti.org\/site\/wp-content\/uploads\/2024\/06\/foto-17-800x600.jpg 800w, https:\/\/www.albeiti.org\/site\/wp-content\/uploads\/2024\/06\/foto-17-700x525.jpg 700w, https:\/\/www.albeiti.org\/site\/wp-content\/uploads\/2024\/06\/foto-17.jpg 1280w\" sizes=\"(max-width: 300px) 100vw, 300px\" \/><\/a>\n<h4 class=\"pt-cv-title\"><a href=\"https:\/\/www.albeiti.org\/site\/vizita-e-misionit-te-sekretariatit-nderkombetar-eiti-ne-shqiperi-qershor-2024\/\" class=\"_self\" target=\"_self\" >Vizita e Misionit t\u00eb Sekretariatit Nd\u00ebrkomb\u00ebtar EITI n\u00eb Shqip\u00ebri, Qershor 2024<\/a><\/h4>\n<div class=\"pt-cv-content\">Sekretariati Nisma p\u00ebr Transparenc\u00eb n\u00eb Industrin\u00eb Nxjerr\u00ebse dhe MSG zhvilloi nje takim nj\u00eb ditor me ekipin e Sekretariatit Nd\u00ebrkomb\u00ebtar EITI ...<br \/><a href=\"https:\/\/www.albeiti.org\/site\/vizita-e-misionit-te-sekretariatit-nderkombetar-eiti-ne-shqiperi-qershor-2024\/\" class=\"_self pt-cv-readmore btn btn-success\" target=\"_self\">Lexoni M\u00eb Tep\u00ebr\u2026<\/a><\/div><\/div><\/div>\n<div class=\"col-md-4 col-sm-6 col-xs-12 pt-cv-content-item pt-cv-1-col\" ><div class='pt-cv-ifield'><a href=\"https:\/\/www.albeiti.org\/site\/mbledhja-e-55-te-e-bordit-nderkombetar-eiti-ne-buenos-aires-argjentine\/\" class=\"_self pt-cv-href-thumbnail pt-cv-thumb-default\" target=\"_self\" ><\/a>\n<h4 class=\"pt-cv-title\"><a href=\"https:\/\/www.albeiti.org\/site\/mbledhja-e-55-te-e-bordit-nderkombetar-eiti-ne-buenos-aires-argjentine\/\" class=\"_self\" target=\"_self\" >Mbledhja e 55-t\u00eb e Bordit Nd\u00ebrkomb\u00ebtar Eiti n\u00eb Buenos Aires (Argjentin\u00eb)<\/a><\/h4>\n<div class=\"pt-cv-content\">Drejtuesi i Sekretariatit Komb\u00ebtar p\u00ebr Transparenc\u00eb n\u00eb Industrin\u00eb Nxjerr\u00ebse ( (Albeiti) Z.Genci T\u00ebrpo ka marr\u00eb pjes\u00eb n\u00eb mbledhjen e konstituimit ...<br \/><a href=\"https:\/\/www.albeiti.org\/site\/mbledhja-e-55-te-e-bordit-nderkombetar-eiti-ne-buenos-aires-argjentine\/\" class=\"_self pt-cv-readmore btn btn-success\" target=\"_self\">Lexoni M\u00eb Tep\u00ebr\u2026<\/a><\/div><\/div><\/div>\n<div class=\"col-md-4 col-sm-6 col-xs-12 pt-cv-content-item pt-cv-1-col\" ><div class='pt-cv-ifield'><a href=\"https:\/\/www.albeiti.org\/site\/drejtori-i-albeiti-z-genci-terpo-zgjidhet-anetar-i-bordit-nderkombetar-te-sekretariatit-eiti-ne-mbledhjen-e-57-te-te-bordit-nderkombetar-gjate-punimeve-ne-konferencen-globale-e-eiti-ne-senegal-qe-u\/\" class=\"_self pt-cv-href-thumbnail pt-cv-thumb-default\" target=\"_self\" ><img width=\"300\" height=\"161\" src=\"https:\/\/www.albeiti.org\/site\/wp-content\/uploads\/2023\/08\/screenshot1-300x161.png\" class=\"pt-cv-thumbnail\" alt=\"\" loading=\"lazy\" srcset=\"https:\/\/www.albeiti.org\/site\/wp-content\/uploads\/2023\/08\/screenshot1-300x161.png 300w, https:\/\/www.albeiti.org\/site\/wp-content\/uploads\/2023\/08\/screenshot1.png 508w\" sizes=\"(max-width: 300px) 100vw, 300px\" \/><\/a>\n<h4 class=\"pt-cv-title\"><a href=\"https:\/\/www.albeiti.org\/site\/drejtori-i-albeiti-z-genci-terpo-zgjidhet-anetar-i-bordit-nderkombetar-te-sekretariatit-eiti-ne-mbledhjen-e-57-te-te-bordit-nderkombetar-gjate-punimeve-ne-konferencen-globale-e-eiti-ne-senegal-qe-u\/\" class=\"_self\" target=\"_self\" >Drejtori i Albeiti, Z. Genci T\u00ebrpo zgjidhet An\u00ebtar i Bordit Nd\u00ebrkomb\u00ebtar t\u00eb Sekretariatit EITI n\u00eb Mbledhjen e 57-t\u00eb t\u00eb Bordit Nd\u00ebrkomb\u00ebtar gjat\u00eb punimeve n\u00eb Konferenc\u00ebn Globale e EITI n\u00eb Senegal q\u00eb u zhvillua n\u00eb datat 13-14 qershor 2023.<\/a><\/h4>\n<div class=\"pt-cv-content\">Drejtori i Albeiti, Z. Genci T\u00ebrpo u zgjodh An\u00ebtar i Bordit Nd\u00ebrkomb\u00ebtar t\u00eb Sekretariatit EITI p\u00ebr nj\u00eb mandat 3- vje\u00e7ar, ...<br \/><a href=\"https:\/\/www.albeiti.org\/site\/drejtori-i-albeiti-z-genci-terpo-zgjidhet-anetar-i-bordit-nderkombetar-te-sekretariatit-eiti-ne-mbledhjen-e-57-te-te-bordit-nderkombetar-gjate-punimeve-ne-konferencen-globale-e-eiti-ne-senegal-qe-u\/\" class=\"_self pt-cv-readmore btn btn-success\" target=\"_self\">Lexoni M\u00eb Tep\u00ebr\u2026<\/a><\/div><\/div><\/div>\n<div class=\"col-md-4 col-sm-6 col-xs-12 pt-cv-content-item pt-cv-1-col\" ><div class='pt-cv-ifield'><a href=\"https:\/\/www.albeiti.org\/site\/ne-datat-09-13-tetor-2022-me-ftese-te-sekretariatit-nderkombetar-eiti-drejtuesi-i-sekretariatit-te-nismes-per-transparence-ne-industrine-nxjerrese-mori-pjese-ne-takimin-e-koordinatoreve-kombetare-d\/\" class=\"_self pt-cv-href-thumbnail pt-cv-thumb-default\" target=\"_self\" ><img width=\"300\" height=\"225\" src=\"https:\/\/www.albeiti.org\/site\/wp-content\/uploads\/2023\/04\/foto-oslo-tetor-300x225.jpg\" class=\"pt-cv-thumbnail\" alt=\"\" loading=\"lazy\" srcset=\"https:\/\/www.albeiti.org\/site\/wp-content\/uploads\/2023\/04\/foto-oslo-tetor-300x225.jpg 300w, https:\/\/www.albeiti.org\/site\/wp-content\/uploads\/2023\/04\/foto-oslo-tetor-1024x768.jpg 1024w, https:\/\/www.albeiti.org\/site\/wp-content\/uploads\/2023\/04\/foto-oslo-tetor-768x576.jpg 768w, https:\/\/www.albeiti.org\/site\/wp-content\/uploads\/2023\/04\/foto-oslo-tetor-1536x1152.jpg 1536w, https:\/\/www.albeiti.org\/site\/wp-content\/uploads\/2023\/04\/foto-oslo-tetor-800x600.jpg 800w, https:\/\/www.albeiti.org\/site\/wp-content\/uploads\/2023\/04\/foto-oslo-tetor-700x525.jpg 700w, https:\/\/www.albeiti.org\/site\/wp-content\/uploads\/2023\/04\/foto-oslo-tetor.jpg 2048w\" sizes=\"(max-width: 300px) 100vw, 300px\" \/><\/a>\n<h4 class=\"pt-cv-title\"><a href=\"https:\/\/www.albeiti.org\/site\/ne-datat-09-13-tetor-2022-me-ftese-te-sekretariatit-nderkombetar-eiti-drejtuesi-i-sekretariatit-te-nismes-per-transparence-ne-industrine-nxjerrese-mori-pjese-ne-takimin-e-koordinatoreve-kombetare-d\/\" class=\"_self\" target=\"_self\" >N\u00eb datat 09-13, tetor 2022, me ftes\u00eb t\u00eb Sekretariatit Nd\u00ebrkomb\u00ebtar EITI, Drejtuesi i Sekretariatit t\u00eb Nism\u00ebs p\u00ebr Transparenc\u00eb n\u00eb Industrin\u00eb Nxjerr\u00ebse mori pjes\u00eb n\u00eb takimin e koordinator\u00ebve komb\u00ebtare dhe mbledhjen e bordit q\u00eb u zhvillua n\u00eb Oslo, Norvegji.<\/a><\/h4>\n<div class=\"pt-cv-content\">N\u00eb datat 09-13, tetor 2022, me ftes\u00eb t\u00eb Sekretariatit Nd\u00ebrkomb\u00ebtar EITI, Drejtuesi i Sekretariatit t\u00eb Nism\u00ebs p\u00ebr Transparenc\u00eb n\u00eb Industrin\u00eb ...<br \/><a href=\"https:\/\/www.albeiti.org\/site\/ne-datat-09-13-tetor-2022-me-ftese-te-sekretariatit-nderkombetar-eiti-drejtuesi-i-sekretariatit-te-nismes-per-transparence-ne-industrine-nxjerrese-mori-pjese-ne-takimin-e-koordinatoreve-kombetare-d\/\" class=\"_self pt-cv-readmore btn btn-success\" target=\"_self\">Lexoni M\u00eb Tep\u00ebr\u2026<\/a><\/div><\/div><\/div>\n<div class=\"col-md-4 col-sm-6 col-xs-12 pt-cv-content-item pt-cv-1-col\" ><div class='pt-cv-ifield'><a href=\"https:\/\/www.albeiti.org\/site\/ne-datat-16-20-janar-2023-me-ftese-te-sekretariatit-nderkombetar-eiti-titullari-i-institucionit-dhe-stafi-kryen-nje-vizite-pune-ne-zyrat-e-sekretariatit-nderkombetar-eiti-ne-oslo-norvegji-me-qelli\/\" class=\"_self pt-cv-href-thumbnail pt-cv-thumb-default\" target=\"_self\" ><\/a>\n<h4 class=\"pt-cv-title\"><a href=\"https:\/\/www.albeiti.org\/site\/ne-datat-16-20-janar-2023-me-ftese-te-sekretariatit-nderkombetar-eiti-titullari-i-institucionit-dhe-stafi-kryen-nje-vizite-pune-ne-zyrat-e-sekretariatit-nderkombetar-eiti-ne-oslo-norvegji-me-qelli\/\" class=\"_self\" target=\"_self\" >N\u00eb datat 16- 20 Janar 2023, me ftes\u00eb t\u00eb Sekretariatit Nd\u00ebrkomb\u00ebtar EITI, titullari i institucionit dhe stafi kryen nj\u00eb vizit\u00eb pune n\u00eb zyrat e Sekretariatit Nd\u00ebrkomb\u00ebtar EITI n\u00eb Oslo, Norvegji me q\u00ebllim marrjen pjes\u00eb n\u00eb workshopin mbi ngritjen dhe forcimin e kapaciteteve n\u00eb sektorin e industris\u00eb nxjerr\u00ebse, si edhe pjes\u00ebmarrjen n\u00eb disa takime pune.<\/a><\/h4>\n<div class=\"pt-cv-content\">N\u00eb datat 16- 20 Janar 2023, me ftes\u00eb t\u00eb Sekretariatit Nd\u00ebrkomb\u00ebtar EITI, titullari i institucionit dhe stafi kryen nj\u00eb vizit\u00eb ...<br \/><a href=\"https:\/\/www.albeiti.org\/site\/ne-datat-16-20-janar-2023-me-ftese-te-sekretariatit-nderkombetar-eiti-titullari-i-institucionit-dhe-stafi-kryen-nje-vizite-pune-ne-zyrat-e-sekretariatit-nderkombetar-eiti-ne-oslo-norvegji-me-qelli\/\" class=\"_self pt-cv-readmore btn btn-success\" target=\"_self\">Lexoni M\u00eb Tep\u00ebr\u2026<\/a><\/div><\/div><\/div>\n<div class=\"col-md-4 col-sm-6 col-xs-12 pt-cv-content-item pt-cv-1-col\" ><div class='pt-cv-ifield'><a href=\"https:\/\/www.albeiti.org\/site\/transparenca-qeverisja-e-mire-dhe-rritja-e-kapaciteteve-te-burimeve-te-rinovueshme\/\" class=\"_self pt-cv-href-thumbnail pt-cv-thumb-default\" target=\"_self\" ><\/a>\n<h4 class=\"pt-cv-title\"><a href=\"https:\/\/www.albeiti.org\/site\/transparenca-qeverisja-e-mire-dhe-rritja-e-kapaciteteve-te-burimeve-te-rinovueshme\/\" class=\"_self\" target=\"_self\" >Transparenca qeverisja e mire dhe rritja e kapaciteteve t\u00eb burimeve t\u00eb rinovueshme<\/a><\/h4>\n<div class=\"pt-cv-content\">Drejtuesi i Sekretariatit Komb\u00ebtar Eiti n\u00eb Shqip\u00ebri Z. Genci T\u00ebrpo mori pjes\u00eb si panelist n\u00eb sesionin e vecant\u00eb me tem\u00eb ...<br \/><a href=\"https:\/\/www.albeiti.org\/site\/transparenca-qeverisja-e-mire-dhe-rritja-e-kapaciteteve-te-burimeve-te-rinovueshme\/\" class=\"_self pt-cv-readmore btn btn-success\" target=\"_self\">Lexoni M\u00eb Tep\u00ebr\u2026<\/a><\/div><\/div><\/div>\n<div class=\"col-md-4 col-sm-6 col-xs-12 pt-cv-content-item pt-cv-1-col\" ><div class='pt-cv-ifield'><a href=\"https:\/\/www.albeiti.org\/site\/konferenca-nderkombetare-minex-europe-mining\/\" class=\"_self pt-cv-href-thumbnail pt-cv-thumb-default\" target=\"_self\" ><\/a>\n<h4 class=\"pt-cv-title\"><a href=\"https:\/\/www.albeiti.org\/site\/konferenca-nderkombetare-minex-europe-mining\/\" class=\"_self\" target=\"_self\" >Konferenca Nd\u00ebrkomb\u00ebtare Minex Europe Mining<\/a><\/h4>\n<div class=\"pt-cv-content\">Konferenca Nd\u00ebrkomb\u00ebtare Minex Europe Mining p\u00ebr nj\u00eb prespektiv\u00eb t\u00eb re mbi mineralet dhe investimet ne Ballkanin Perendimor, Tiran\u00eb n\u00eb dat\u00eb ...<br \/><a href=\"https:\/\/www.albeiti.org\/site\/konferenca-nderkombetare-minex-europe-mining\/\" class=\"_self pt-cv-readmore btn btn-success\" target=\"_self\">Lexoni M\u00eb Tep\u00ebr\u2026<\/a><\/div><\/div><\/div>\n<div class=\"col-md-4 col-sm-6 col-xs-12 pt-cv-content-item pt-cv-1-col\" ><div class='pt-cv-ifield'><a href=\"https:\/\/www.albeiti.org\/site\/validimi-eiti-i-shqiperise-2021-thirrje-per-pikepamje-mbi-angazhimin-e-paleve-te-interesit\/\" class=\"_self pt-cv-href-thumbnail pt-cv-thumb-default\" target=\"_self\" ><\/a>\n<h4 class=\"pt-cv-title\"><a href=\"https:\/\/www.albeiti.org\/site\/validimi-eiti-i-shqiperise-2021-thirrje-per-pikepamje-mbi-angazhimin-e-paleve-te-interesit\/\" class=\"_self\" target=\"_self\" >Validimi EITI i Shqip\u00ebris\u00eb 2021: Thirrje p\u00ebr pik\u00ebpamje mbi angazhimin e Pal\u00ebve t\u00eb Interesit<\/a><\/h4>\n<div class=\"pt-cv-content\">Shqip\u00ebria u bashkua me EITI n\u00eb 2009. N\u00eb qershor 2019, Validimi i dyt\u00eb i Shqip\u00ebris\u00eb bazuar n\u00eb Standartin 2016 vendosi ...<br \/><a href=\"https:\/\/www.albeiti.org\/site\/validimi-eiti-i-shqiperise-2021-thirrje-per-pikepamje-mbi-angazhimin-e-paleve-te-interesit\/\" class=\"_self pt-cv-readmore btn btn-success\" target=\"_self\">Lexoni M\u00eb Tep\u00ebr\u2026<\/a><\/div><\/div><\/div>\n<div class=\"col-md-4 col-sm-6 col-xs-12 pt-cv-content-item pt-cv-1-col\" ><div class='pt-cv-ifield'><a href=\"https:\/\/www.albeiti.org\/site\/urdher-per-miratimin-e-rregullave-dhe-procedurave-standarde-te-punes-te-harmonizuara-gjate-periudhes-se-gjendjes-se-epidemise-se-shkaktuar-nga-covid-19-dhe-periudhes-se-kohezgjatjes-se-vitit-shkollo\/\" class=\"_self pt-cv-href-thumbnail pt-cv-thumb-default\" target=\"_self\" ><\/a>\n<h4 class=\"pt-cv-title\"><a href=\"https:\/\/www.albeiti.org\/site\/urdher-per-miratimin-e-rregullave-dhe-procedurave-standarde-te-punes-te-harmonizuara-gjate-periudhes-se-gjendjes-se-epidemise-se-shkaktuar-nga-covid-19-dhe-periudhes-se-kohezgjatjes-se-vitit-shkollo\/\" class=\"_self\" target=\"_self\" >Urdh\u00ebr p\u00ebr miratimin e rregullave dhe procedurave standarde t\u00eb pun\u00ebs t\u00eb harmonizuara, gjat\u00eb periudh\u00ebs s\u00eb gjendjes s\u00eb epidemis\u00eb s\u00eb shkaktuar  nga covid-19 dhe periudh\u00ebs s\u00eb koh\u00ebzgjatjes s\u00eb vitit shkollor 2020-2021<\/a><\/h4>\n<div class=\"pt-cv-content\"> ...<br \/><a href=\"https:\/\/www.albeiti.org\/site\/urdher-per-miratimin-e-rregullave-dhe-procedurave-standarde-te-punes-te-harmonizuara-gjate-periudhes-se-gjendjes-se-epidemise-se-shkaktuar-nga-covid-19-dhe-periudhes-se-kohezgjatjes-se-vitit-shkollo\/\" class=\"_self pt-cv-readmore btn btn-success\" target=\"_self\">Lexoni M\u00eb Tep\u00ebr\u2026<\/a><\/div><\/div><\/div><\/div><\/div>\n<div class=\" pt-cv-pagination-wrapper\"><ul class=\"pt-cv-pagination pt-cv-ajax pagination\" data-totalpages=\"7\" data-currentpage=\"1\" data-sid=\"bd2c1e9y9x\" data-unid=\"\"><li class=\"active\"><a href=\"#\">1<\/a><\/li>\n\t<li ><a class=\"\" href=\"https:\/\/www.albeiti.org\/site\/wp-json\/wp\/v2\/pages\/649\/?_page=2\">2<\/a><\/li>\n\t<li ><a class=\"\" href=\"https:\/\/www.albeiti.org\/site\/wp-json\/wp\/v2\/pages\/649\/?_page=3\">3<\/a><\/li>\n\t<li ><a href=\"#\">&hellip;<\/a><\/li>\n\t<li ><a class=\"\" href=\"https:\/\/www.albeiti.org\/site\/wp-json\/wp\/v2\/pages\/649\/?_page=7\">7<\/a><\/li>\n\t<li ><a class=\" \" href=\"https:\/\/www.albeiti.org\/site\/wp-json\/wp\/v2\/pages\/649\/?_page=2\">&rsaquo;<\/a><\/li>\n\t<\/ul><img width=\"15\" height=\"15\" class=\"pt-cv-spinner\" alt=\"Loading...\" src=\"data:image\/gif;base64,R0lGODlhDwAPALMPAMrKygwMDJOTkz09PZWVla+vr3p6euTk5M7OzuXl5TMzMwAAAJmZmWZmZszMzP\/\/\/yH\/C05FVFNDQVBFMi4wAwEAAAAh+QQFCgAPACwAAAAADwAPAAAEQvDJaZaZOIcV8iQK8VRX4iTYoAwZ4iCYoAjZ4RxejhVNoT+mRGP4cyF4Pp0N98sBGIBMEMOotl6YZ3S61Bmbkm4mAgAh+QQFCgAPACwAAAAADQANAAAENPDJSRSZeA418itN8QiK8BiLITVsFiyBBIoYqnoewAD4xPw9iY4XLGYSjkQR4UAUD45DLwIAIfkEBQoADwAsAAAAAA8ACQAABC\/wyVlamTi3nSdgwFNdhEJgTJoNyoB9ISYoQmdjiZPcj7EYCAeCF1gEDo4Dz2eIAAAh+QQFCgAPACwCAAAADQANAAAEM\/DJBxiYeLKdX3IJZT1FU0iIg2RNKx3OkZVnZ98ToRD4MyiDnkAh6BkNC0MvsAj0kMpHBAAh+QQFCgAPACwGAAAACQAPAAAEMDC59KpFDll73HkAA2wVY5KgiK5b0RRoI6MuzG6EQqCDMlSGheEhUAgqgUUAFRySIgAh+QQFCgAPACwCAAIADQANAAAEM\/DJKZNLND\/kkKaHc3xk+QAMYDKsiaqmZCxGVjSFFCxB1vwy2oOgIDxuucxAMTAJFAJNBAAh+QQFCgAPACwAAAYADwAJAAAEMNAs86q1yaWwwv2Ig0jUZx3OYa4XoRAfwADXoAwfo1+CIjyFRuEho60aSNYlOPxEAAAh+QQFCgAPACwAAAIADQANAAAENPA9s4y8+IUVcqaWJ4qEQozSoAzoIyhCK2NFU2SJk0hNnyEOhKR2AzAAj4Pj4GE4W0bkJQIAOw==\" \/><div class=\"clear pt-cv-clear-pagination\"><\/div><\/div><\/div>[\/vc_column_text][\/vc_column][\/vc_row]\n","protected":false},"excerpt":{"rendered":"<p>[vc_row css_animation=&#8221;&#8221; row_type=&#8221;row&#8221; use_row_as_full_screen_section=&#8221;no&#8221; type=&#8221;full_width&#8221; angled_section=&#8221;no&#8221; text_align=&#8221;left&#8221; background_image_as_pattern=&#8221;without_pattern&#8221;][vc_column][vc_column_text][\/vc_column_text][\/vc_column][\/vc_row]<\/p>\n","protected":false},"author":1,"featured_media":0,"parent":0,"menu_order":0,"comment_status":"closed","ping_status":"closed","template":"","meta":{"_monsterinsights_skip_tracking":false,"_monsterinsights_sitenote_active":false,"_monsterinsights_sitenote_note":"","_monsterinsights_sitenote_category":0},"_links":{"self":[{"href":"https:\/\/www.albeiti.org\/site\/wp-json\/wp\/v2\/pages\/649"}],"collection":[{"href":"https:\/\/www.albeiti.org\/site\/wp-json\/wp\/v2\/pages"}],"about":[{"href":"https:\/\/www.albeiti.org\/site\/wp-json\/wp\/v2\/types\/page"}],"author":[{"embeddable":true,"href":"https:\/\/www.albeiti.org\/site\/wp-json\/wp\/v2\/users\/1"}],"replies":[{"embeddable":true,"href":"https:\/\/www.albeiti.org\/site\/wp-json\/wp\/v2\/comments?post=649"}],"version-history":[{"count":2,"href":"https:\/\/www.albeiti.org\/site\/wp-json\/wp\/v2\/pages\/649\/revisions"}],"predecessor-version":[{"id":8742,"href":"https:\/\/www.albeiti.org\/site\/wp-json\/wp\/v2\/pages\/649\/revisions\/8742"}],"wp:attachment":[{"href":"https:\/\/www.albeiti.org\/site\/wp-json\/wp\/v2\/media?parent=649"}],"curies":[{"name":"wp","href":"https:\/\/api.w.org\/{rel}","templated":true}]}}