{"id":619,"date":"2020-07-07T09:16:07","date_gmt":"2020-07-07T09:16:07","guid":{"rendered":"http:\/\/www.albeiti.org\/site\/?page_id=619"},"modified":"2021-07-01T08:21:48","modified_gmt":"2021-07-01T08:21:48","slug":"legjislacioni-hidroenergjitik","status":"publish","type":"page","link":"https:\/\/www.albeiti.org\/site\/legjislacioni-hidroenergjitik\/","title":{"rendered":"Legjislacioni Hidroenergjitik"},"content":{"rendered":"[vc_row css_animation=&#8221;&#8221; row_type=&#8221;row&#8221; use_row_as_full_screen_section=&#8221;no&#8221; type=&#8221;full_width&#8221; angled_section=&#8221;no&#8221; text_align=&#8221;left&#8221; background_image_as_pattern=&#8221;without_pattern&#8221;][vc_column width=&#8221;2\/3&#8243;][vc_column_text]\n<ul>\n<li><em>LIGJ Nr. 7\/2017 P\u00cbR NXITJEN E P\u00cbRDORIMIT T\u00cb ENERGJIS\u00cb NGA BURIMET E RINOVUESHME<\/em><\/li>\n<\/ul>\n<p><em><a class=\"fancybox-pdf\" href=\"http:\/\/www.qbz.gov.al\/Ligje.pdf\/burime%20natyrore\/LIGJ%20nr.%207-2017,%20date%202.2.2017.pdf\">http:\/\/www.qbz.gov.al\/Ligje.pdf\/burime%20natyrore\/LIGJ%20nr.%207-2017,%20date%202.2.2017.pdf<\/a><\/em><\/p>\n<ul>\n<li><em>LIGJ Nr. 111\/2012 P\u00cbR MENAXHIMIN E INTEGRUAR T\u00cb BURIMEVE UJORE1 (ndryshuar me ligjin nr.6\/2018, dat\u00eb 8.2.2018)<\/em><\/li>\n<\/ul>\n<p><em><a class=\"fancybox-pdf\" href=\"http:\/\/www.qbz.gov.al\/Ligje.pdf\/burime%20natyrore\/Ligj_111_15112012_perditesuar_2018.pdf\">http:\/\/www.qbz.gov.al\/Ligje.pdf\/burime%20natyrore\/Ligj_111_15112012_perditesuar_2018.pdf<\/a><\/em><\/p>\n<ul>\n<li><em>LIGJ Nr. 43\/2015 P\u00cbR SEKTORIN E ENERGJIS\u00cb ELEKTRIKE1 (ndryshuar me ligjin nr. 7\/2018, dat\u00eb 15.2.2018)<\/em><\/li>\n<\/ul>\n<p><em><a class=\"fancybox-pdf\" href=\"http:\/\/www.qbz.gov.al\/Ligje.pdf\/energji%20elektrike\/Ligj_43_30042015_perditesuar_2018.pdf\">http:\/\/www.qbz.gov.al\/Ligje.pdf\/energji%20elektrike\/Ligj_43_30042015_perditesuar_2018.pdf<\/a><\/em>[\/vc_column_text][\/vc_column][vc_column width=&#8221;1\/3&#8243;][vc_widget_sidebar title=&#8221;Links&#8221; sidebar_id=&#8221;Sidebar Anesor&#8221;][\/vc_column][\/vc_row]\n","protected":false},"excerpt":{"rendered":"<p>[vc_row css_animation=&#8221;&#8221; row_type=&#8221;row&#8221; use_row_as_full_screen_section=&#8221;no&#8221; type=&#8221;full_width&#8221; angled_section=&#8221;no&#8221; text_align=&#8221;left&#8221; background_image_as_pattern=&#8221;without_pattern&#8221;][vc_column width=&#8221;2\/3&#8243;][vc_column_text] LIGJ Nr. 7\/2017 P\u00cbR NXITJEN E P\u00cbRDORIMIT T\u00cb ENERGJIS\u00cb NGA BURIMET E RINOVUESHME http:\/\/www.qbz.gov.al\/Ligje.pdf\/burime%20natyrore\/LIGJ%20nr.%207-2017,%20date%202.2.2017.pdf LIGJ Nr. 111\/2012 P\u00cbR MENAXHIMIN E INTEGRUAR T\u00cb BURIMEVE UJORE1 (ndryshuar me ligjin nr.6\/2018, dat\u00eb 8.2.2018) http:\/\/www.qbz.gov.al\/Ligje.pdf\/burime%20natyrore\/Ligj_111_15112012_perditesuar_2018.pdf LIGJ Nr. 43\/2015 P\u00cbR SEKTORIN&#8230;<\/p>\n","protected":false},"author":1,"featured_media":0,"parent":0,"menu_order":0,"comment_status":"closed","ping_status":"closed","template":"","meta":{"_monsterinsights_skip_tracking":false,"_monsterinsights_sitenote_active":false,"_monsterinsights_sitenote_note":"","_monsterinsights_sitenote_category":0},"_links":{"self":[{"href":"https:\/\/www.albeiti.org\/site\/wp-json\/wp\/v2\/pages\/619"}],"collection":[{"href":"https:\/\/www.albeiti.org\/site\/wp-json\/wp\/v2\/pages"}],"about":[{"href":"https:\/\/www.albeiti.org\/site\/wp-json\/wp\/v2\/types\/page"}],"author":[{"embeddable":true,"href":"https:\/\/www.albeiti.org\/site\/wp-json\/wp\/v2\/users\/1"}],"replies":[{"embeddable":true,"href":"https:\/\/www.albeiti.org\/site\/wp-json\/wp\/v2\/comments?post=619"}],"version-history":[{"count":5,"href":"https:\/\/www.albeiti.org\/site\/wp-json\/wp\/v2\/pages\/619\/revisions"}],"predecessor-version":[{"id":10610,"href":"https:\/\/www.albeiti.org\/site\/wp-json\/wp\/v2\/pages\/619\/revisions\/10610"}],"wp:attachment":[{"href":"https:\/\/www.albeiti.org\/site\/wp-json\/wp\/v2\/media?parent=619"}],"curies":[{"name":"wp","href":"https:\/\/api.w.org\/{rel}","templated":true}]}}