{"id":607,"date":"2020-07-07T09:12:21","date_gmt":"2020-07-07T09:12:21","guid":{"rendered":"http:\/\/www.albeiti.org\/site\/?page_id=607"},"modified":"2021-06-29T12:03:55","modified_gmt":"2021-06-29T12:03:55","slug":"raport-mbi-tregtimin-e-produkteve-te-perftuara-nga-nafta-dhe-nenproduktet-e-saj","status":"publish","type":"page","link":"https:\/\/www.albeiti.org\/site\/raport-mbi-tregtimin-e-produkteve-te-perftuara-nga-nafta-dhe-nenproduktet-e-saj\/","title":{"rendered":"RAPORT MBI TREGTIMIN E PRODUKTEVE T\u00cb P\u00cbRFTUARA NGA NAFTA DHE N\u00cbNPRODUKTET E SAJ"},"content":{"rendered":"<p><em><strong>RAPORT MBI TREGTIMIN E PRODUKTEVE T\u00cb P\u00cbRFTUARA NGA NAFTA DHE N\u00cbNPRODUKTET E SAJ <\/strong><\/em><a href=\"https:\/\/www.albeiti.org\/wp-content\/uploads\/2019\/04\/Albanian-1st-Commodity-trading-scoping-report_FINAL-1.pdf\"><em>KLIKO K\u00cbTU<\/em><\/a><\/p>\n<p>&nbsp;<\/p>\n<p><em><strong>REKOMANDIME P\u00cbR ALBPETROL <\/strong><\/em><\/p>\n<p><em>Albpetrol si nj\u00eb entitet shtet\u00ebror ka nj\u00eb rol vendimtar n\u00eb transparenc\u00ebn e tregtimit t\u00eb produkteve t\u00eb p\u00ebrftuara nga nafta dhe n\u00ebnproduktet e saj, p\u00ebr arsye t\u00eb autoritetit q\u00eb ka p\u00ebr t\u00eb administruar t\u00eb gjitha fushat aktuale t\u00eb naft\u00ebs n\u00eb faz\u00ebn e prodhimit. Albpetrol nxjerr naft\u00eb bruto ose p\u00ebrmes operimit t\u00eb fushave t\u00eb naft\u00ebs ose duke n\u00ebnlicencuar t\u00eb drejtat e saj te kompanit\u00eb private t\u00eb naft\u00ebs dhe shet naft\u00eb bruto p\u00ebrmes ankandeve publike t\u00eb organizuara nj\u00eb ose dy her\u00eb n\u00eb vit.<\/em><\/p>\n<p><em>N\u00eb m\u00ebnyr\u00eb q\u00eb t\u00eb rritet transparenca dhe n\u00eb p\u00ebrputhje me zhvillimet m\u00eb t\u00eb fundit EITI mbi zbardhjen e \u201ctregtimeve t\u00eb para t\u00eb naft\u00ebs\u201d, Albpetrol duhet raportoj \u00e7do vit si m\u00eb posht\u00eb vijon:<\/em><\/p>\n<ol>\n<li><em><strong>Termat e plota t\u00eb kontratave t\u00eb shitjes<\/strong><\/em><\/li>\n<\/ol>\n<p><em>Albpetrol duhet t\u00eb zbardhi termat e plota t\u00eb kontratave t\u00eb saja p\u00ebr t\u00eb shitur naft\u00eb bruto n\u00eb website-in e saj dhe t\u00eb jen\u00eb t\u00eb aksesushme p\u00ebr publikun. Ne jemi t\u00eb vet\u00ebdijsh\u00ebm q\u00eb nuk duhet t\u00eb ket\u00eb pengesa p\u00ebr zbardhjen e tyre sepse:<\/em><\/p>\n<ul>\n<li><em>Aktualisht, termat e p\u00ebrgjithshme t\u00eb kontrat\u00ebs jan\u00eb publike pasi bazohen n\u00eb Urdh\u00ebrin no.83, dat\u00eb 10 Shkurt 2012, i ndryshuar, l\u00ebshuar nga Ministri p\u00ebrgjegj\u00ebs p\u00ebr sektorin e energjis\u00eb;<\/em><\/li>\n<li><em>Termat kryesore tregtare p\u00ebrfshir\u00eb \u00e7mimin e shitjes dhe sasin\u00eb jan\u00eb tashm\u00eb t\u00eb zbardhura n\u00eb website-in e Albpetrol dhe n\u00eb Raportet Vjetore EITI; dhe<\/em><\/li>\n<li><em>Marr\u00ebveshjet e kontrat\u00ebs nuk e kufizojn\u00eb zbardhjen e tyre.<\/em><\/li>\n<\/ul>\n<p><em>\u00a0<\/em><\/p>\n<ol start=\"2\">\n<li><em><strong>Faktor\u00ebt e konsideruar n\u00eb \u00e7mimin e shitjes t\u00eb naft\u00ebs<\/strong><\/em><\/li>\n<\/ol>\n<p><em>Rezultatet e ankandeve t\u00eb organizuara nga Albpetrol nga viti 2013 deri n\u00eb vitin 2016 tregojn\u00eb nj\u00eb num\u00ebr t\u00eb kufizuar t\u00eb ofertuesve ose nj\u00eb ofertues t\u00eb vet\u00ebm q\u00eb dor\u00ebzojn\u00eb nj\u00eb \u00e7mim, i cili \u00ebsht\u00eb n\u00eb thelb i nj\u00ebjt\u00eb me \u00e7mimin dysheme t\u00eb ankandit.<\/em><\/p>\n<p><em>Duke patur parasysh situat\u00ebn, panvar\u00ebsisht form\u00ebs s\u00eb tij si nj\u00eb ankand public, procesi i caktimit t\u00eb kontrat\u00ebs \u00ebsht\u00eb i ngjash\u00ebm me negociatat e nj\u00eb kontraktori t\u00eb vet\u00ebm. P\u00ebr t\u00eb rritur transparenc\u00ebn mbi \u00e7mimin e kontrat\u00ebs, Albpetrol duhet t\u00eb kryej\u00eb krahasime periodike t\u00eb \u00e7mimeve t\u00eb aplikuara p\u00ebr ato q\u00eb zbatohen nga kompanit\u00eb private t\u00eb naft\u00ebs n\u00eb Shqip\u00ebri. Tabela e m\u00ebposhtme jep nj\u00eb nj\u00eb shembull ilustrues t\u00eb \u00e7mimeve krahasuese dhe mund t\u00eb p\u00ebrshtatet si\u00e7 \u00ebsht\u00eb e nevojshme p\u00ebr t\u00eb p\u00ebrmir\u00ebsuar gjith\u00ebp\u00ebrfshirjen e krahasimeve.<\/em><\/p>\n<p>&nbsp;<\/p>\n<table width=\"648\">\n<tbody>\n<tr>\n<td width=\"110\">\n<table width=\"0\">\n<tbody>\n<tr>\n<td width=\"648\"><em>\u00c7mimi mesatar i shitjeve aplikuar n\u00eb USD nga<\/em><\/td>\n<\/tr>\n<\/tbody>\n<\/table>\n<\/td>\n<td width=\"124\"><em>\u00c7mimi mesatar i Albpetrol jo i rregulluar p\u00ebr kostot e transportit dhe sigurimeve (FOB)<\/em><\/td>\n<td width=\"114\"><em>Mesatarja e Albpetrol p\u00ebrshtatur p\u00ebr kostot e transportit dhe sigurimeve (EXW)<\/em><\/td>\n<td width=\"104\"><em>\u00c7mimet mesatare t\u00eb aplikuara nga kompanit\u00eb private(FoB<\/em><\/td>\n<td width=\"93\"><em>\u00c7mimet mesatare t\u00eb aplikuara nga kompanit\u00eb private (EXW)<\/em><\/td>\n<td width=\"103\"><em>Komentet p\u00ebrkat\u00ebse p\u00ebr krahasimet e \u00e7mimit<\/em><\/td>\n<\/tr>\n<tr>\n<td width=\"110\"><em>Janar<\/em><\/td>\n<td width=\"124\"><em>\u00a0<\/em><\/td>\n<td width=\"114\"><em>\u00a0<\/em><\/td>\n<td width=\"104\"><em>\u00a0<\/em><\/td>\n<td width=\"93\"><em>\u00a0<\/em><\/td>\n<td width=\"103\"><em>\u00a0<\/em><\/td>\n<\/tr>\n<tr>\n<td width=\"110\"><em>Shkurt<\/em><\/td>\n<td width=\"124\"><em>\u00a0<\/em><\/td>\n<td width=\"114\"><em>\u00a0<\/em><\/td>\n<td width=\"104\"><em>\u00a0<\/em><\/td>\n<td width=\"93\"><em>\u00a0<\/em><\/td>\n<td width=\"103\"><em>\u00a0<\/em><\/td>\n<\/tr>\n<tr>\n<td width=\"110\"><em>Mars<\/em><\/td>\n<td width=\"124\"><em>\u00a0<\/em><\/td>\n<td width=\"114\"><em>\u00a0<\/em><\/td>\n<td width=\"104\"><em>\u00a0<\/em><\/td>\n<td width=\"93\"><em>\u00a0<\/em><\/td>\n<td width=\"103\"><em>\u00a0<\/em><\/td>\n<\/tr>\n<tr>\n<td width=\"110\"><em>\u2026<\/em><\/td>\n<td width=\"124\"><em>\u00a0<\/em><\/td>\n<td width=\"114\"><em>\u00a0<\/em><\/td>\n<td width=\"104\"><em>\u00a0<\/em><\/td>\n<td width=\"93\"><em>\u00a0<\/em><\/td>\n<td width=\"103\"><em>\u00a0<\/em><\/td>\n<\/tr>\n<tr>\n<td width=\"110\"><em>Dhjetor<\/em><\/td>\n<td width=\"124\"><em>\u00a0<\/em><\/td>\n<td width=\"114\"><em>\u00a0<\/em><\/td>\n<td width=\"104\"><em>\u00a0<\/em><\/td>\n<td width=\"93\"><em>\u00a0<\/em><\/td>\n<td width=\"103\"><em>\u00a0<\/em><\/td>\n<\/tr>\n<\/tbody>\n<\/table>\n<p><em>\u00a0<\/em><\/p>\n<h2><em>3.\u00a0\u00a0\u00a0\u00a0\u00a0\u00a0<\/em><em><strong>Regjistri i shitjeve<\/strong><\/em><\/h2>\n<p><em>N\u00eb p\u00ebrputhje me k\u00ebrkesat e reja EITI mbi shitjet e para t\u00eb naft\u00ebs, Albpetrol duhet t\u00eb ket\u00eb dhe zbardh\u00eb t\u00eb pakt\u00ebn \u00e7do vit\u00eb t\u00eb dh\u00ebnat e azhornuara t\u00eb shitjeve duke p\u00ebrfshir\u00eb detaje rreth cil\u00ebsis\u00eb s\u00eb shitur, \u00e7mimit t\u00eb aplikuar p\u00ebr secilin kontraktor etj. Duke patur parasysh termat e shitjeve t\u00eb Albpetrol, regjistri i shitjeve dyhet t\u00eb p\u00ebrfshij\u00eb t\u00eb pakt\u00ebn informacionin si m\u00eb posht\u00eb:<\/em><\/p>\n<table width=\"730\">\n<tbody>\n<tr>\n<td width=\"45\">\n<table width=\"0\">\n<tbody>\n<tr>\n<td width=\"1048\"><em>Faturat e shitjes #<\/em><\/td>\n<\/tr>\n<\/tbody>\n<\/table>\n<\/td>\n<td width=\"43\"><em>Dat\u00ebn e shitjes <\/em><\/td>\n<td width=\"50\"><em>Kompanin\u00eb bler\u00ebse<\/em><\/td>\n<td width=\"60\"><em>Numrin e kontrat\u00ebs dhe dat\u00ebn<\/em><\/td>\n<td width=\"54\"><em>Sasin\u00eb e shitur n\u00eb ton\u00eb<\/em><\/td>\n<td width=\"54\"><em>Sasin\u00eb e shitur n\u00eb bbl<\/em><\/td>\n<td width=\"45\"><em>Dend\u00ebsia e naft\u00ebs n\u00eb 15.5\u02daC<\/em><\/td>\n<td width=\"45\"><em>Grad\u00ebn e naft\u00ebs API<\/em><\/td>\n<td width=\"60\"><em>Formula e \u00e7mimit duke ju referuar Brent<\/em><\/td>\n<td width=\"42\"><em>Termat-Inco<\/em><\/td>\n<td width=\"53\"><em>\u00c7mimi i aplikuar n\u00eb USD<\/em><\/td>\n<td width=\"61\"><em>\u00c7mimi Brent i p\u00ebrdorur si referenc\u00eb<\/em><\/td>\n<td width=\"60\"><em>Data e referimit t\u00eb \u00e7mimit<\/em><\/p>\n<p><em>Brent<\/em><\/td>\n<td width=\"58\"><em>Opsionet e pages\u00ebs(parapaguar\/postpaguar)<\/em><\/td>\n<\/tr>\n<tr>\n<td width=\"45\"><em>\u00a0<\/em><\/td>\n<td width=\"43\"><em>\u00a0<\/em><\/td>\n<td width=\"50\"><em>\u00a0<\/em><\/td>\n<td width=\"60\"><em>\u00a0<\/em><\/td>\n<td width=\"54\"><em>\u00a0<\/em><\/td>\n<td width=\"54\"><em>\u00a0<\/em><\/td>\n<td width=\"45\"><em>\u00a0<\/em><\/td>\n<td width=\"45\"><em>\u00a0<\/em><\/td>\n<td width=\"60\"><em>\u00a0<\/em><\/td>\n<td width=\"42\"><em>\u00a0<\/em><\/td>\n<td width=\"53\"><em>\u00a0<\/em><\/td>\n<td width=\"61\"><em>\u00a0<\/em><\/td>\n<td width=\"60\"><em>\u00a0<\/em><\/td>\n<td width=\"58\"><em>\u00a0<\/em><\/td>\n<\/tr>\n<tr>\n<td width=\"45\"><em>\u00a0<\/em><\/td>\n<td width=\"43\"><em>\u00a0<\/em><\/td>\n<td width=\"50\"><em>\u00a0<\/em><\/td>\n<td width=\"60\"><em>\u00a0<\/em><\/td>\n<td width=\"54\"><em>\u00a0<\/em><\/td>\n<td width=\"54\"><em>\u00a0<\/em><\/td>\n<td width=\"45\"><em>\u00a0<\/em><\/td>\n<td width=\"45\"><em>\u00a0<\/em><\/td>\n<td width=\"60\"><em>\u00a0<\/em><\/td>\n<td width=\"42\"><em>\u00a0<\/em><\/td>\n<td width=\"53\"><em>\u00a0<\/em><\/td>\n<td width=\"61\"><em>\u00a0<\/em><\/td>\n<td width=\"60\"><em>\u00a0<\/em><\/td>\n<td width=\"58\"><em>\u00a0<\/em><\/td>\n<\/tr>\n<tr>\n<td width=\"45\"><em>\u00a0<\/em><\/td>\n<td width=\"43\"><em>\u00a0<\/em><\/td>\n<td width=\"50\"><em>\u00a0<\/em><\/td>\n<td width=\"60\"><em>\u00a0<\/em><\/td>\n<td width=\"54\"><em>\u00a0<\/em><\/td>\n<td width=\"54\"><em>\u00a0<\/em><\/td>\n<td width=\"45\"><em>\u00a0<\/em><\/td>\n<td width=\"45\"><em>\u00a0<\/em><\/td>\n<td width=\"60\"><em>\u00a0<\/em><\/td>\n<td width=\"42\"><em>\u00a0<\/em><\/td>\n<td width=\"53\"><em>\u00a0<\/em><\/td>\n<td width=\"61\"><em>\u00a0<\/em><\/td>\n<td width=\"60\"><em>\u00a0<\/em><\/td>\n<td width=\"58\"><em>\u00a0<\/em><\/td>\n<\/tr>\n<tr>\n<td width=\"45\"><em>\u00a0<\/em><\/td>\n<td width=\"43\"><em>\u00a0<\/em><\/td>\n<td width=\"50\"><em>\u00a0<\/em><\/td>\n<td width=\"60\"><em>\u00a0<\/em><\/td>\n<td width=\"54\"><em>\u00a0<\/em><\/td>\n<td width=\"54\"><em>\u00a0<\/em><\/td>\n<td width=\"45\"><em>\u00a0<\/em><\/td>\n<td width=\"45\"><em>\u00a0<\/em><\/td>\n<td width=\"60\"><em>\u00a0<\/em><\/td>\n<td width=\"42\"><em>\u00a0<\/em><\/td>\n<td width=\"53\"><em>\u00a0<\/em><\/td>\n<td width=\"61\"><em>\u00a0<\/em><\/td>\n<td width=\"60\"><em>\u00a0<\/em><\/td>\n<td width=\"58\"><em>\u00a0<\/em><\/td>\n<\/tr>\n<tr>\n<td width=\"45\"><em>\u00a0<\/em><\/td>\n<td width=\"43\"><em>\u00a0<\/em><\/td>\n<td width=\"50\"><em>\u00a0<\/em><\/td>\n<td width=\"60\"><em>\u00a0<\/em><\/td>\n<td width=\"54\"><em>\u00a0<\/em><\/td>\n<td width=\"54\"><em>\u00a0<\/em><\/td>\n<td width=\"45\"><em>\u00a0<\/em><\/td>\n<td width=\"45\"><em>\u00a0<\/em><\/td>\n<td width=\"60\"><em>\u00a0<\/em><\/td>\n<td width=\"42\"><em>\u00a0<\/em><\/td>\n<td width=\"53\"><em>\u00a0<\/em><\/td>\n<td width=\"61\"><em>\u00a0<\/em><\/td>\n<td width=\"60\"><em>\u00a0<\/em><\/td>\n<td width=\"58\"><em>\u00a0<\/em><\/td>\n<\/tr>\n<tr>\n<td width=\"45\"><em>\u00a0<\/em><\/td>\n<td width=\"43\"><em>\u00a0<\/em><\/td>\n<td width=\"50\"><em>\u00a0<\/em><\/td>\n<td width=\"60\"><em>\u00a0<\/em><\/td>\n<td width=\"54\"><em>\u00a0<\/em><\/td>\n<td width=\"54\"><em>\u00a0<\/em><\/td>\n<td width=\"45\"><em>\u00a0<\/em><\/td>\n<td width=\"45\"><em>\u00a0<\/em><\/td>\n<td width=\"60\"><em>\u00a0<\/em><\/td>\n<td width=\"42\"><em>\u00a0<\/em><\/td>\n<td width=\"53\"><em>\u00a0<\/em><\/td>\n<td width=\"61\"><em>\u00a0<\/em><\/td>\n<td width=\"60\"><em>\u00a0<\/em><\/td>\n<td width=\"58\"><em>\u00a0<\/em><\/td>\n<\/tr>\n<tr>\n<td width=\"45\"><em>\u00a0<\/em><\/td>\n<td width=\"43\"><em>\u00a0<\/em><\/td>\n<td width=\"50\"><em>\u00a0<\/em><\/td>\n<td width=\"60\"><em>\u00a0<\/em><\/td>\n<td width=\"54\"><em>\u00a0<\/em><\/td>\n<td width=\"54\"><em>\u00a0<\/em><\/td>\n<td width=\"45\"><em>\u00a0<\/em><\/td>\n<td width=\"45\"><em>\u00a0<\/em><\/td>\n<td width=\"60\"><em>\u00a0<\/em><\/td>\n<td width=\"42\"><em>\u00a0<\/em><\/td>\n<td width=\"53\"><em>\u00a0<\/em><\/td>\n<td width=\"61\"><em>\u00a0<\/em><\/td>\n<td width=\"60\"><em>\u00a0<\/em><\/td>\n<td width=\"58\"><em>\u00a0<\/em><\/td>\n<\/tr>\n<tr>\n<td width=\"45\"><em>\u00a0<\/em><\/td>\n<td width=\"43\"><em>\u00a0<\/em><\/td>\n<td width=\"50\"><em>\u00a0<\/em><\/td>\n<td width=\"60\"><em>\u00a0<\/em><\/td>\n<td width=\"54\"><em>\u00a0<\/em><\/td>\n<td width=\"54\"><em>\u00a0<\/em><\/td>\n<td width=\"45\"><em>\u00a0<\/em><\/td>\n<td width=\"45\"><em>\u00a0<\/em><\/td>\n<td width=\"60\"><em>\u00a0<\/em><\/td>\n<td width=\"42\"><em>\u00a0<\/em><\/td>\n<td width=\"53\"><em>\u00a0<\/em><\/td>\n<td width=\"61\"><em>\u00a0<\/em><\/td>\n<td width=\"60\"><em>\u00a0<\/em><\/td>\n<td width=\"58\"><em>\u00a0<\/em><\/td>\n<\/tr>\n<\/tbody>\n<\/table>\n<p><em>P\u00ebrve\u00e7 informacionit t\u00eb renditur m\u00eb sip\u00ebr, Albpetrol duhet t\u00eb filloj\u00eb t\u00eb mbledhi informacione mbi pronar\u00ebt p\u00ebrfitues t\u00eb bler\u00ebsve. N\u00eb p\u00ebrputhje me nism\u00ebn EITI mbi zbardhjen e pronar\u00ebve p\u00ebrfitues, Shqip\u00ebria duhet t\u00eb zbardhi pronar\u00ebt p\u00ebrfitues t\u00eb t\u00eb licensuarve n\u00eb sektorin nxjerr\u00ebs duke filluar nga Janari 2020.<\/em><\/p>\n<p><em>\u00a0<\/em><\/p>\n<h2><em>4.\u00a0\u00a0\u00a0\u00a0\u00a0\u00a0\u00a0 <\/em><em>Faturat e Shitjeve<\/em><\/h2>\n<p><em>N\u00eb p\u00ebrputhje me k\u00ebrkesat e reja EITI mbi shitjet e para t\u00eb naft\u00ebs, Albpetrol duhet t\u00eb zbardhi nivelin e t\u00eb ardhurave t\u00eb mbledhura vjetore nga shitjet e naft\u00ebs bruto. Ne rekomandojm\u00eb zbardhjen n\u00eb website-in e tyre ose p\u00ebrmes Raportit EITI t\u00eb l\u00ebvizjeve t\u00eb shitjes dhe grumbullimin\/mbledhjen vjetore nga kontraktori.<\/em><\/p>\n<table>\n<tbody>\n<tr>\n<td width=\"264\"><strong><em>Viti<\/em><\/strong><\/td>\n<td width=\"110\"><strong><em>Bler\u00ebsi 1<\/em><\/strong><\/td>\n<td width=\"110\"><strong><em>Bler\u00ebsi 2<\/em><\/strong><\/td>\n<td width=\"110\"><strong><em>Bler\u00ebsi 3<\/em><\/strong><\/td>\n<\/tr>\n<tr>\n<td width=\"264\"><em>Llogarit\u00eb e ark\u00ebtueshme n\u00eb 1 Janar<\/em><\/td>\n<td width=\"110\"><em>\u00a0<\/em><\/td>\n<td width=\"110\"><em>\u00a0<\/em><\/td>\n<td width=\"110\"><em>\u00a0<\/em><\/td>\n<\/tr>\n<tr>\n<td width=\"264\"><em>Vlera e shitjeve t\u00eb b\u00ebra gjat\u00eb vitit (ju lutem t\u00eb jepet vlera p\u00ebrshir\u00eb dhe TVSH-n\u00eb)<\/em><\/td>\n<td width=\"110\"><em>\u00a0<\/em><\/td>\n<td width=\"110\"><em>\u00a0<\/em><\/td>\n<td width=\"110\"><em>\u00a0<\/em><\/td>\n<\/tr>\n<tr>\n<td width=\"264\"><em>Faturat gjat\u00eb vitit<\/em><\/td>\n<td width=\"110\"><em>\u00a0<\/em><\/td>\n<td width=\"110\"><em>\u00a0<\/em><\/td>\n<td width=\"110\"><em>\u00a0<\/em><\/td>\n<\/tr>\n<tr>\n<td width=\"264\"><em>Llogarit\u00ebe ark\u00ebtueshme n\u00eb 31 Dhjetor<\/em><\/td>\n<td width=\"110\"><em>\u00a0<\/em><\/td>\n<td width=\"110\"><em>\u00a0<\/em><\/td>\n<td width=\"110\"><em>\u00a0<\/em><\/td>\n<\/tr>\n<\/tbody>\n<\/table>\n<h2><em>5.\u00a0\u00a0\u00a0\u00a0\u00a0\u00a0\u00a0\u00a0<\/em><em>Raporti dhe Garancia<\/em><\/h2>\n<p><em>Albpetrol duhet ose t\u00eb zbardhi informacionin e r\u00ebnditur n\u00eb pikat 1 deri n\u00eb 4 n\u00eb website-in e saj ose ta paraqesi si pjes\u00eb e raportimit t\u00eb saj vjetor EITI. P\u00ebr t\u00eb rritur besueshm\u00ebrin\u00eb dhe sigurin\u00eb e informacionit t\u00eb zbardhur, Albpetrol duhet t\u00eb angazhoj\u00eb auditorin e tij t\u00eb jasht\u00eb p\u00ebr t\u00eb kryer procedurat e sigurimit\/garancis\u00eb dhe t\u00eb raportoj\u00eb mbi sakt\u00ebsin\u00eb dhe plot\u00ebsin\u00eb e informacioneve vjetore dhe raportimeve t\u00eb b\u00ebra n\u00ebn nism\u00ebn EITI.<\/em><\/p>\n","protected":false},"excerpt":{"rendered":"<p>RAPORT MBI TREGTIMIN E PRODUKTEVE T\u00cb P\u00cbRFTUARA NGA NAFTA DHE N\u00cbNPRODUKTET E SAJ KLIKO K\u00cbTU &nbsp; REKOMANDIME P\u00cbR ALBPETROL Albpetrol si nj\u00eb entitet shtet\u00ebror ka nj\u00eb rol vendimtar n\u00eb transparenc\u00ebn e tregtimit t\u00eb produkteve t\u00eb p\u00ebrftuara nga nafta dhe n\u00ebnproduktet e saj, p\u00ebr arsye t\u00eb&#8230;<\/p>\n","protected":false},"author":1,"featured_media":0,"parent":0,"menu_order":0,"comment_status":"closed","ping_status":"closed","template":"","meta":{"_monsterinsights_skip_tracking":false,"_monsterinsights_sitenote_active":false,"_monsterinsights_sitenote_note":"","_monsterinsights_sitenote_category":0},"_links":{"self":[{"href":"https:\/\/www.albeiti.org\/site\/wp-json\/wp\/v2\/pages\/607"}],"collection":[{"href":"https:\/\/www.albeiti.org\/site\/wp-json\/wp\/v2\/pages"}],"about":[{"href":"https:\/\/www.albeiti.org\/site\/wp-json\/wp\/v2\/types\/page"}],"author":[{"embeddable":true,"href":"https:\/\/www.albeiti.org\/site\/wp-json\/wp\/v2\/users\/1"}],"replies":[{"embeddable":true,"href":"https:\/\/www.albeiti.org\/site\/wp-json\/wp\/v2\/comments?post=607"}],"version-history":[{"count":5,"href":"https:\/\/www.albeiti.org\/site\/wp-json\/wp\/v2\/pages\/607\/revisions"}],"predecessor-version":[{"id":10547,"href":"https:\/\/www.albeiti.org\/site\/wp-json\/wp\/v2\/pages\/607\/revisions\/10547"}],"wp:attachment":[{"href":"https:\/\/www.albeiti.org\/site\/wp-json\/wp\/v2\/media?parent=607"}],"curies":[{"name":"wp","href":"https:\/\/api.w.org\/{rel}","templated":true}]}}