{"id":574,"date":"2020-07-07T08:41:22","date_gmt":"2020-07-07T08:41:22","guid":{"rendered":"http:\/\/www.albeiti.org\/site\/?page_id=574"},"modified":"2020-07-21T12:09:06","modified_gmt":"2020-07-21T12:09:06","slug":"aktivitete-shoqeria-civile","status":"publish","type":"page","link":"https:\/\/www.albeiti.org\/site\/aktivitete-shoqeria-civile\/","title":{"rendered":"Aktivitete Shoqeria Civile"},"content":{"rendered":"[vc_row css_animation=&#8221;&#8221; row_type=&#8221;row&#8221; use_row_as_full_screen_section=&#8221;no&#8221; type=&#8221;full_width&#8221; angled_section=&#8221;no&#8221; text_align=&#8221;left&#8221; background_image_as_pattern=&#8221;without_pattern&#8221;][vc_column width=&#8221;2\/3&#8243;][vc_column_text]https:\/\/www.facebook.com\/groups\/albaniaenergy\/?source_id=201742443349180<\/p>\n<blockquote class=\"wp-embedded-content\" data-secret=\"DnA9su6fJD\"><p><a href=\"http:\/\/albneteiti.org\/?p=738\">Civil Society Plan of Action, 2019-2020<\/a><\/p><\/blockquote>\n<p><iframe class=\"wp-embedded-content\" sandbox=\"allow-scripts\" security=\"restricted\" style=\"position: absolute; clip: rect(1px, 1px, 1px, 1px);\" title=\"&#8220;Civil Society Plan of Action, 2019-2020&#8221; &#8212; albneteiti.org\" src=\"http:\/\/albneteiti.org\/?p=738&#038;embed=true#?secret=DnA9su6fJD\" data-secret=\"DnA9su6fJD\" width=\"600\" height=\"338\" frameborder=\"0\" marginwidth=\"0\" marginheight=\"0\" scrolling=\"no\"><\/iframe><\/p>\n<blockquote class=\"wp-embedded-content\" data-secret=\"kEg8Wa2cdp\"><p><a href=\"http:\/\/albneteiti.org\/?p=698\">Second EITI Validation Process<\/a><\/p><\/blockquote>\n<p><iframe class=\"wp-embedded-content\" sandbox=\"allow-scripts\" security=\"restricted\" style=\"position: absolute; clip: rect(1px, 1px, 1px, 1px);\" title=\"&#8220;Second EITI Validation Process&#8221; &#8212; albneteiti.org\" src=\"http:\/\/albneteiti.org\/?p=698&#038;embed=true#?secret=kEg8Wa2cdp\" data-secret=\"kEg8Wa2cdp\" width=\"600\" height=\"338\" frameborder=\"0\" marginwidth=\"0\" marginheight=\"0\" scrolling=\"no\"><\/iframe><\/p>\n<blockquote class=\"wp-embedded-content\" data-secret=\"GHDImvY4jl\"><p><a href=\"http:\/\/albneteiti.org\/?p=483\">Civil Society Workshop<\/a><\/p><\/blockquote>\n<p><iframe class=\"wp-embedded-content\" sandbox=\"allow-scripts\" security=\"restricted\" style=\"position: absolute; clip: rect(1px, 1px, 1px, 1px);\" title=\"&#8220;Civil Society Workshop&#8221; &#8212; albneteiti.org\" src=\"http:\/\/albneteiti.org\/?p=483&#038;embed=true#?secret=GHDImvY4jl\" data-secret=\"GHDImvY4jl\" width=\"600\" height=\"338\" frameborder=\"0\" marginwidth=\"0\" marginheight=\"0\" scrolling=\"no\"><\/iframe><\/p>\n<blockquote class=\"wp-embedded-content\" data-secret=\"IQFZs8WM2r\"><p><a href=\"https:\/\/www.reporter.al\/mallkimi-i-burimeve-bashkite-shohin-pak-perfitim-dhe-shume-kosto-nga-industria-nxjerrese\/\">Mallkimi i burimeve: Bashkit\u00eb shohin pak p\u00ebrfitim dhe shum\u00eb kosto nga industria nxjerr\u00ebse<\/a><\/p><\/blockquote>\n<p><iframe class=\"wp-embedded-content\" sandbox=\"allow-scripts\" security=\"restricted\" style=\"position: absolute; clip: rect(1px, 1px, 1px, 1px);\" title=\"&#8220;Mallkimi i burimeve: Bashkit\u00eb shohin pak p\u00ebrfitim dhe shum\u00eb kosto nga industria nxjerr\u00ebse&#8221; &#8212; reporter.al\" src=\"https:\/\/www.reporter.al\/mallkimi-i-burimeve-bashkite-shohin-pak-perfitim-dhe-shume-kosto-nga-industria-nxjerrese\/embed\/#?secret=IQFZs8WM2r\" data-secret=\"IQFZs8WM2r\" width=\"600\" height=\"338\" frameborder=\"0\" marginwidth=\"0\" marginheight=\"0\" scrolling=\"no\"><\/iframe><\/p>\n<blockquote class=\"wp-embedded-content\" data-secret=\"dvVWCP8B34\"><p><a href=\"https:\/\/www.droni.al\/2019\/01\/24\/qeveria-te-jape-gjithe-renten-minerare-per-bashkite-e-vogla\/\">Qeveria t\u00eb jap\u00eb gjith\u00eb rent\u00ebn minerare p\u00ebr bashkit\u00eb e vogla<\/a><\/p><\/blockquote>\n<p><iframe class=\"wp-embedded-content\" sandbox=\"allow-scripts\" security=\"restricted\" style=\"position: absolute; clip: rect(1px, 1px, 1px, 1px);\" title=\"&#8220;Qeveria t\u00eb jap\u00eb gjith\u00eb rent\u00ebn minerare p\u00ebr bashkit\u00eb e vogla&#8221; &#8212; Droni.al\" src=\"https:\/\/www.droni.al\/2019\/01\/24\/qeveria-te-jape-gjithe-renten-minerare-per-bashkite-e-vogla\/embed\/#?secret=dvVWCP8B34\" data-secret=\"dvVWCP8B34\" width=\"600\" height=\"338\" frameborder=\"0\" marginwidth=\"0\" marginheight=\"0\" scrolling=\"no\"><\/iframe><\/p>\n<blockquote class=\"wp-embedded-content\" data-secret=\"LTnXTqUwx5\"><p><a href=\"http:\/\/albneteiti.org\/?page_id=387\">Activities<\/a><\/p><\/blockquote>\n<p><iframe class=\"wp-embedded-content\" sandbox=\"allow-scripts\" security=\"restricted\" style=\"position: absolute; clip: rect(1px, 1px, 1px, 1px);\" title=\"&#8220;Activities&#8221; &#8212; albneteiti.org\" src=\"http:\/\/albneteiti.org\/?page_id=387&#038;embed=true#?secret=LTnXTqUwx5\" data-secret=\"LTnXTqUwx5\" width=\"600\" height=\"338\" frameborder=\"0\" marginwidth=\"0\" marginheight=\"0\" scrolling=\"no\"><\/iframe><\/p>\n<p>https:\/\/www.linkedin.com\/feed\/update\/urn:li:activity:6501456971743391744<\/p>\n<p>https:\/\/www.linkedin.com\/feed\/update\/urn:li:activity:6501170567503187968<\/p>\n<p>https:\/\/www.facebook.com\/groups\/albaniaenergy\/permalink\/1866849566775970\/<\/p>\n[\/vc_column_text][\/vc_column][vc_column width=&#8221;1\/3&#8243;][vc_widget_sidebar title=&#8221;Links&#8221; sidebar_id=&#8221;Sidebar Anesor&#8221;][\/vc_column][\/vc_row]\n","protected":false},"excerpt":{"rendered":"<p>[vc_row css_animation=&#8221;&#8221; row_type=&#8221;row&#8221; use_row_as_full_screen_section=&#8221;no&#8221; type=&#8221;full_width&#8221; angled_section=&#8221;no&#8221; text_align=&#8221;left&#8221; background_image_as_pattern=&#8221;without_pattern&#8221;][vc_column width=&#8221;2\/3&#8243;][vc_column_text]https:\/\/www.facebook.com\/groups\/albaniaenergy\/?source_id=201742443349180 Civil Society Plan of Action, 2019-2020 Second EITI Validation Process Civil Society Workshop Mallkimi i burimeve: Bashkit\u00eb shohin pak p\u00ebrfitim dhe shum\u00eb kosto nga industria nxjerr\u00ebse Qeveria t\u00eb jap\u00eb gjith\u00eb rent\u00ebn minerare p\u00ebr bashkit\u00eb e vogla&#8230;<\/p>\n","protected":false},"author":1,"featured_media":0,"parent":0,"menu_order":0,"comment_status":"closed","ping_status":"closed","template":"","meta":{"_monsterinsights_skip_tracking":false,"_monsterinsights_sitenote_active":false,"_monsterinsights_sitenote_note":"","_monsterinsights_sitenote_category":0},"_links":{"self":[{"href":"https:\/\/www.albeiti.org\/site\/wp-json\/wp\/v2\/pages\/574"}],"collection":[{"href":"https:\/\/www.albeiti.org\/site\/wp-json\/wp\/v2\/pages"}],"about":[{"href":"https:\/\/www.albeiti.org\/site\/wp-json\/wp\/v2\/types\/page"}],"author":[{"embeddable":true,"href":"https:\/\/www.albeiti.org\/site\/wp-json\/wp\/v2\/users\/1"}],"replies":[{"embeddable":true,"href":"https:\/\/www.albeiti.org\/site\/wp-json\/wp\/v2\/comments?post=574"}],"version-history":[{"count":4,"href":"https:\/\/www.albeiti.org\/site\/wp-json\/wp\/v2\/pages\/574\/revisions"}],"predecessor-version":[{"id":853,"href":"https:\/\/www.albeiti.org\/site\/wp-json\/wp\/v2\/pages\/574\/revisions\/853"}],"wp:attachment":[{"href":"https:\/\/www.albeiti.org\/site\/wp-json\/wp\/v2\/media?parent=574"}],"curies":[{"name":"wp","href":"https:\/\/api.w.org\/{rel}","templated":true}]}}