{"id":566,"date":"2020-07-07T08:39:24","date_gmt":"2020-07-07T08:39:24","guid":{"rendered":"http:\/\/www.albeiti.org\/site\/?page_id=566"},"modified":"2021-07-01T10:41:00","modified_gmt":"2021-07-01T10:41:00","slug":"aktivitete-qeveria","status":"publish","type":"page","link":"https:\/\/www.albeiti.org\/site\/aktivitete-qeveria\/","title":{"rendered":"Aktivitete Qeveria"},"content":{"rendered":"[vc_row css_animation=&#8221;&#8221; row_type=&#8221;row&#8221; use_row_as_full_screen_section=&#8221;no&#8221; type=&#8221;full_width&#8221; angled_section=&#8221;no&#8221; text_align=&#8221;left&#8221; background_image_as_pattern=&#8221;without_pattern&#8221;][vc_column width=&#8221;2\/3&#8243;][vc_column_text]<a href=\"https:\/\/www.albeiti.org\/site\/takim-me-perfaqesues-te-pushtetit-lokal-dhe-te-bizneseve-ne-sektorin-minerar-ne-pogradec\/\">Takim me p\u00ebrfaq\u00ebsues t\u00eb Pushtetit Lokal dhe t\u00eb Bizneseve n\u00eb sektorin minerar n\u00eb Pogradec<\/a><\/p>\n<p><a href=\"http:\/\/www.albeiti.org\/site\/takime-me-drejtues-te-bashkive-puke-dhe-fushe-arrez-mbi-aktivitetin-eiti-dhe-problemet-lidhur-me-perfitimet-nga-industria-nxjerrese-ne-keto-zona\/\">Takime me drejtues t\u00eb Bashkive Puk\u00eb dhe Fush\u00eb Arr\u00ebz, mbi aktivitetin EITI dhe problemet lidhur me p\u00ebrfitimet nga Industria Nxjerr\u00ebse n\u00eb k\u00ebto zona<\/a><\/p>\n<p><a href=\"http:\/\/www.albeiti.org\/site\/takim-mbi-problematikat-dhe-sfidat-e-zgjidhjes-se-mosmarrveshjeve-ndermjet-bizneseve-dhe-komuniteteve\/\">Takim mbi Problematikat dhe sfidat e zgjidhjes s\u00eb mosmarrveshjeve nd\u00ebrmjet Bizneseve dhe Komuniteteve<\/a><\/p>\n<p><a href=\"http:\/\/www.akbn.gov.al\/nis-dixhitalizimi-i-arkives-teknike-te-hidrokarbureve-arritje-per-ruajtjen-dhe-administrimin-e-pasurise-kombetare-nder-vite-ne-fushen-e-hidrokarbureve\/\">http:\/\/www.akbn.gov.al\/nis-dixhitalizimi-i-arkives-teknike-te-hidrokarbureve-arritje-per-ruajtjen-dhe-administrimin-e-pasurise-kombetare-nder-vite-ne-fushen-e-hidrokarbureve\/<\/a><\/p>\n<p><a href=\"http:\/\/www.akbn.gov.al\/programi-per-asistencen-hidrokarbure-kompania-deloitte-financial-advisory-services-llp-nis-zbatimin-ne-bashkepunim-me-akbn\/\">http:\/\/www.akbn.gov.al\/programi-per-asistencen-hidrokarbure-kompania-deloitte-financial-advisory-services-llp-nis-zbatimin-ne-bashkepunim-me-akbn\/<\/a><\/p>\n<p><a href=\"https:\/\/www.infrastruktura.gov.al\/konsultimi-i-projvkm-per-master-planin-e-gazit-per-shqiperine\/\">https:\/\/www.infrastruktura.gov.al\/konsultimi-i-projvkm-per-master-planin-e-gazit-per-shqiperine\/<\/a><\/p>\n<p><a href=\"https:\/\/sot.com.al\/ekonomia\/ministria-e-infrastruktures-dhe-energjise-zgjeron-listen-e-zeze-200-leje-minerare-ne-proces?fbclid=IwAR2bKsePrNcHDTzpmVw-ThcTwf8AqaUhvPELKrM40rGD3bQwkKnyGQqR6ZA\">https:\/\/sot.com.al\/ekonomia\/ministria-e-infrastruktures-dhe-energjise-zgjeron-listen-e-zeze-200-leje-minerare-ne-proces<\/a><\/p>\n<div id=\"fb-root\"><\/div>\n<p><script async=\"1\" defer=\"1\" crossorigin=\"anonymous\" src=\"https:\/\/connect.facebook.net\/de_DE\/sdk.js#xfbml=1&amp;version=v7.0\" nonce=\"ZMzi2S4y\"><\/script><\/p>\n<div class=\"fb-post\" data-href=\"https:\/\/www.facebook.com\/267225880099293\/photos\/a.334029890085558\/1288848831270321\/?type=3&amp;theater\" data-width=\"750\">\n<blockquote cite=\"https:\/\/www.facebook.com\/ministriaeinfrastrukturesdheenergjise\/photos\/a.334029890085558\/1288848831270321\/?type=3\" class=\"fb-xfbml-parse-ignore\">\n<p>Ditari javor! \ud83d\udcd2#egjith\u00ebv\u00ebmendjap\u00ebrju #MIE<\/p>\n<p>Gepostet von <a href=\"https:\/\/www.facebook.com\/ministriaeinfrastrukturesdheenergjise\/\">Ministria e Infrastruktur\u00ebs dhe Energjis\u00eb<\/a> am&nbsp;<a href=\"https:\/\/www.facebook.com\/ministriaeinfrastrukturesdheenergjise\/photos\/a.334029890085558\/1288848831270321\/?type=3\">Montag, 11. M\u00e4rz 2019<\/a><\/p><\/blockquote>\n<\/div>\n<div id=\"fb-root\"><\/div>\n<p><script async=\"1\" defer=\"1\" crossorigin=\"anonymous\" src=\"https:\/\/connect.facebook.net\/de_DE\/sdk.js#xfbml=1&amp;version=v7.0\" nonce=\"FCDCtuqy\"><\/script><\/p>\n<div class=\"fb-post\" data-href=\"https:\/\/www.facebook.com\/267225880099293\/photos\/pcb.1284548135033724\/1284547671700437\/?type=3&amp;theater\" data-width=\"750\">\n<blockquote cite=\"https:\/\/www.facebook.com\/ministriaeinfrastrukturesdheenergjise\/photos\/a.267228016765746\/1284547671700437\/?type=3\" class=\"fb-xfbml-parse-ignore\"><p>Gepostet von <a href=\"https:\/\/www.facebook.com\/ministriaeinfrastrukturesdheenergjise\/\">Ministria e Infrastruktur\u00ebs dhe Energjis\u00eb<\/a> am&nbsp;<a href=\"https:\/\/www.facebook.com\/ministriaeinfrastrukturesdheenergjise\/photos\/a.267228016765746\/1284547671700437\/?type=3\">Montag, 4. M\u00e4rz 2019<\/a><\/p><\/blockquote>\n<\/div>\n<p>https:\/\/www.facebook.com\/267225880099293\/photos\/pcb.1282833528538518\/1282833188538552\/?type=3&amp;theater[\/vc_column_text][\/vc_column][vc_column width=&#8221;1\/3&#8243;][vc_widget_sidebar title=&#8221;Links&#8221; sidebar_id=&#8221;Sidebar Anesor&#8221;][\/vc_column][\/vc_row]\n","protected":false},"excerpt":{"rendered":"<p>[vc_row css_animation=&#8221;&#8221; row_type=&#8221;row&#8221; use_row_as_full_screen_section=&#8221;no&#8221; type=&#8221;full_width&#8221; angled_section=&#8221;no&#8221; text_align=&#8221;left&#8221; background_image_as_pattern=&#8221;without_pattern&#8221;][vc_column width=&#8221;2\/3&#8243;][vc_column_text]Takim me p\u00ebrfaq\u00ebsues t\u00eb Pushtetit Lokal dhe t\u00eb Bizneseve n\u00eb sektorin minerar n\u00eb Pogradec Takime me drejtues t\u00eb Bashkive Puk\u00eb dhe Fush\u00eb Arr\u00ebz, mbi aktivitetin EITI dhe problemet lidhur me p\u00ebrfitimet nga Industria Nxjerr\u00ebse n\u00eb k\u00ebto zona&#8230;<\/p>\n","protected":false},"author":1,"featured_media":0,"parent":0,"menu_order":0,"comment_status":"closed","ping_status":"closed","template":"","meta":{"_monsterinsights_skip_tracking":false,"_monsterinsights_sitenote_active":false,"_monsterinsights_sitenote_note":"","_monsterinsights_sitenote_category":0},"_links":{"self":[{"href":"https:\/\/www.albeiti.org\/site\/wp-json\/wp\/v2\/pages\/566"}],"collection":[{"href":"https:\/\/www.albeiti.org\/site\/wp-json\/wp\/v2\/pages"}],"about":[{"href":"https:\/\/www.albeiti.org\/site\/wp-json\/wp\/v2\/types\/page"}],"author":[{"embeddable":true,"href":"https:\/\/www.albeiti.org\/site\/wp-json\/wp\/v2\/users\/1"}],"replies":[{"embeddable":true,"href":"https:\/\/www.albeiti.org\/site\/wp-json\/wp\/v2\/comments?post=566"}],"version-history":[{"count":8,"href":"https:\/\/www.albeiti.org\/site\/wp-json\/wp\/v2\/pages\/566\/revisions"}],"predecessor-version":[{"id":10638,"href":"https:\/\/www.albeiti.org\/site\/wp-json\/wp\/v2\/pages\/566\/revisions\/10638"}],"wp:attachment":[{"href":"https:\/\/www.albeiti.org\/site\/wp-json\/wp\/v2\/media?parent=566"}],"curies":[{"name":"wp","href":"https:\/\/api.w.org\/{rel}","templated":true}]}}