{"id":564,"date":"2020-07-07T08:39:13","date_gmt":"2020-07-07T08:39:13","guid":{"rendered":"http:\/\/www.albeiti.org\/site\/?page_id=564"},"modified":"2021-08-16T07:59:05","modified_gmt":"2021-08-16T07:59:05","slug":"procesi-i-perzgjedhjes-te-institucioneve-shteterore","status":"publish","type":"page","link":"https:\/\/www.albeiti.org\/site\/procesi-i-perzgjedhjes-te-institucioneve-shteterore\/","title":{"rendered":"Procesi i perzgjedhjes te institucioneve shteterore"},"content":{"rendered":"[vc_row css_animation=&#8221;&#8221; row_type=&#8221;row&#8221; use_row_as_full_screen_section=&#8221;no&#8221; type=&#8221;full_width&#8221; angled_section=&#8221;no&#8221; text_align=&#8221;left&#8221; background_image_as_pattern=&#8221;without_pattern&#8221;][vc_column width=&#8221;2\/3&#8243;][vc_column_text]<em>Nisma p\u00ebr Transparenc\u00eb n\u00eb Industrin\u00eb Nxjerr\u00ebse \u2013 EITI \u00ebsht\u00eb nj\u00eb iniciativ\u00eb nd\u00ebrkomb\u00ebtare q\u00eb ka n\u00eb objekt t\u00eb saj t\u00eb zhvilloj\u00eb dhe implementoj\u00eb nj\u00eb mekaniz\u00ebm p\u00ebr t\u00eb b\u00ebr\u00eb deklarimin e t\u00eb ardhurave q\u00eb vilen nga p\u00ebrdorimi i Burimeve Natyrore n\u00ebp\u00ebrmjet Industrive Nxjerr\u00ebse, publikimin e k\u00ebtyre t\u00eb dh\u00ebnave n\u00eb nj\u00eb format t\u00eb kuptuesh\u00ebm nga t\u00eb gjith\u00eb dhe mbikqyrjen e tyre n\u00eb m\u00ebnyr\u00eb q\u00eb ti mund\u00ebsoj\u00eb publikut t\u00eb gjer\u00eb t\u00eb ket\u00eb informacion p\u00ebrsa i p\u00ebrket t\u00eb ardhurave si dhe shpenzimeve publike, duke kontribuar k\u00ebshtu n\u00eb nj\u00eb debat publik dhe krijimin e mekanizmave p\u00ebr mir\u00ebadministrim e k\u00ebtyre t\u00eb ardhurave n\u00eb dobi t\u00eb komuniteteve.<\/em><em><br \/>\nPro\u00e7esi i EITI-t mund t\u00eb dimensionohet m\u00eb tej dhe t\u00eb p\u00ebrshtatet sipas kontekstit aktual t\u00eb \u00e7do vendi zbatues, p\u00ebr t\u00eb p\u00ebrmbushur nevojat informative t\u00eb pal\u00ebve t\u00eb interesuara si dhe nevojat p\u00ebr t\u00eb prekur sektorin me reforma t\u00eb r\u00ebnd\u00ebsishme bazuar n\u00eb k\u00ebto t\u00eb dh\u00ebna.<br \/>\nSi\u00e7 p\u00ebrcaktohet n\u00eb K\u00ebrkesat e Standartit EITI, Implementimi i Standartit EITI k\u00ebrkon mbik\u00ebqyrje efektive t\u00eb procesit EITI nga t\u00eb gjitha grupet e interesit. Kjo realizohet n\u00ebp\u00ebrmjet krijimit dhe funksionimit t\u00eb nj\u00eb Grupi me Shum\u00eb Pal\u00ebsh, n\u00eb t\u00eb cilin p\u00ebrfshihen p\u00ebrfaq\u00ebsues t\u00eb qeveris\u00eb, kompanive q\u00eb operojn\u00eb n\u00eb k\u00ebt\u00eb sektor dhe pjes\u00ebmarrjes s\u00eb plot\u00eb, t\u00eb pavarur, aktive dhe efektive t\u00eb shoq\u00ebris\u00eb civile, t\u00eb cil\u00ebt angazhohen t\u00eb punojn\u00eb s\u00ebbashku p\u00ebr t\u00eb zhvilluar e promovuar transparenc\u00ebn dhe mir\u00ebqeverisjen e k\u00ebtij sektori.<\/em><\/p>\n<p><em><strong>Grupi Nd\u00ebrinstitucional i Pun\u00ebs EITI (MSG) \u00ebsht\u00eb ngritur me Urdh\u00ebrin e Kryeministrit, Nr. 71, dat\u00eb 21. 07. 2011,\u00a0<\/strong><\/em><em>p\u00ebr ndjekjen e pro\u00e7edurave t\u00eb an\u00ebtar\u00ebsimit t\u00eb Shqip\u00ebris\u00eb, si vend zbatues i Nism\u00ebs p\u00ebr Transparenc\u00eb n\u00eb Industrin\u00eb Nxjerr\u00ebse dhe plot\u00ebsimin n\u00eb vazhdim\u00ebsi t\u00eb detyrimeve t\u00eb k\u00ebsaj nisme.<\/em><\/p>\n<p><em>Grupi Nd\u00ebrinstitucional i Pun\u00ebs per EITI-n Shqiptar \u00ebsht\u00eb organi vendimmarr\u00ebs, i ngarkuar p\u00ebr mbik\u00ebqyrjen e zbatimit t\u00eb EITI-it n\u00eb Shqip\u00ebri. Ky grup drejtohet nga Z\u00ebvend\u00ebsministri i Ministris\u00eb s\u00eb Infrastruktur\u00ebs dhe Energjis\u00eb dhe p\u00ebrb\u00ebhet nga p\u00ebrfaq\u00ebsues t\u00eb qeveris\u00eb, kompanive q\u00eb operojn\u00eb n\u00eb industrin\u00eb nxjerr\u00ebse dhe shoq\u00ebris\u00eb civile. Grupi Nd\u00ebrinstitucional i Pun\u00ebs, miraton planin e pun\u00ebs per sekretariatin, paraqitjen e raportit vjetor EITI, siguron q\u00eb EITI t\u00eb kontribuoj\u00eb n\u00eb debatin publik dhe mb\u00ebshtetet pun\u00ebn e Sekretariatit Shqiptar EITI.<\/em><\/p>\n<p><em>P\u00ebr m\u00eb shum\u00eb info:\u00a0<a href=\"https:\/\/www.albeiti.org\/site\/legjislacioni\/\">https:\/\/www.albeiti.org\/site\/legjislacioni\/<\/a><\/em><\/p>\n<p><em><strong>Grupi Nd\u00ebrinstitucional i Pun\u00ebs EITI (MSG)\u00a0funksionon n\u00eb baz\u00eb t\u00eb Rregullores s\u00eb tij t\u00eb Brend\u00ebshme \u201c<\/strong><\/em><em>RREGULLORE P\u00cbR ORGANIZIMIN DHE FUNKSIONIMIN E GRUPIT ND\u00cbRINSTITUCIONAL T\u00cb PUN\u00cbS (MSG) N\u00cb KUAD\u00cbR T\u00cb AN\u00cbTAR\u00cbSIMIT N\u00cb ORGANIZMIN ND\u00cbRKOMB\u00cbTAR EITI- INTERNATIONAL\u201d<\/em><\/p>\n<p><em>\u2013 \u00a0Miratuar me Udh\u00ebrin e Ministrit, Nr. 454 Prot, Dat\u00eb 30. 12. 2016 \u201cUrdh\u00ebr p\u00ebr Miratimin e Rregullores s\u00eb Grupin Nd\u00ebrinstitucional t\u00eb Pun\u00ebs (MSG), n\u00eb Kuad\u00ebr t\u00eb Antar\u00ebsimit n\u00eb Organizmin Nd\u00ebrkomb\u00ebtar EITI International\u201d<\/em><\/p>\n<p><em>P\u00ebr m\u00eb shum\u00eb info:<a href=\"https:\/\/www.albeiti.org\/site\/rregullorja\/\">\u00a0https:\/\/www.albeiti.org\/site\/rregullorja\/<\/a><\/em><\/p>\n<p><em><strong>An\u00ebtar\u00ebt e Grupit Nd\u00ebrinstitucional t\u00eb Pun\u00ebs<\/strong><\/em><\/p>\n<p><em>Grupi Nd\u00ebrinstitucional i Pun\u00ebs kryesuar nga Zv. Ministri i Infrastruktur\u00ebs dhe Energjis\u00eb, p\u00ebrb\u00ebhet nga 16 p\u00ebrfaq\u00ebsues nga t\u00eb cil\u00ebt, 6 p\u00ebrfaq\u00ebsues nga qeveria, 5 nga shoq\u00ebria civile dhe 5 nga kompanit\u00eb q\u00eb operojn\u00eb n\u00eb industrin\u00eb nxjerr\u00ebse. Me ftes\u00eb t\u00eb kryetarit n\u00eb mbledhjet e grupit nd\u00ebrinstitucional t\u00eb pun\u00ebs mund t\u00eb marrin pjes\u00eb edhe p\u00ebrfaq\u00ebsues nga institucione t\u00eb tjera.<\/em><\/p>\n<p><em><strong>M\u00ebnyra e p\u00ebrzgjedhjes s\u00eb P\u00ebrfaq\u00ebsuesve t\u00eb Institucioneve Shtet\u00ebrore n\u00eb MSG-n\u00eb EITI dhe p\u00ebrfaq\u00ebsuesit aktual\u00eb<\/strong><\/em><\/p>\n<p><em>P\u00ebrfaq\u00ebsuesit e Institucioneve Shtet\u00ebrore, An\u00ebtar\u00eb t\u00eb MSG-s\u00eb EITI Albania zgjidhen, mandatohen dhe z\u00ebvend\u00ebsohen sipas procedurave t\u00eb p\u00ebrshkruara n\u00eb Nenin 7, 10 dhe 11, t\u00eb Rregullores s\u00eb Brend\u00ebshme:<\/em><\/p>\n<p><em>Me q\u00ebllim ruajtjen e mendimit t\u00eb diversifikuar dhe p\u00ebrfaq\u00ebsimit t\u00eb gjer\u00eb, \u00e7do grup interesi ka t\u00eb drejt\u00ebn t\u00eb p\u00ebrcaktoj\u00eb p\u00ebrfaq\u00ebsuesit e tij n\u00eb MSG p\u00ebr EITI-n n\u00eb Shqip\u00ebri.\u00a0 Pro\u00e7esi i nominimit \u00ebsht\u00eb i pavarur brenda secilit n\u00ebngrupim.<\/em><\/p>\n<ul>\n<li><em>Kryetari i MSG-s\u00eb i k\u00ebrkon me shkrim Titullarit t\u00eb \u00e7do Institucioni t\u00eb paraqes\u00eb p\u00ebrfaq\u00ebsuesin e tij n\u00eb MSG. P\u00ebrfaq\u00ebsuesit e Institucioneve Qeveritare t\u00eb p\u00ebrmendura n\u00eb pik\u00ebn VII\/b t\u00eb k\u00ebtyre ToR do t\u00eb em\u00ebrohen nga titullar\u00ebt e Institucioneve t\u00eb tyre brenda 15 (pes\u00ebmb\u00ebdhjet\u00eb) dit\u00ebve nga marrja e k\u00ebrkes\u00ebs. P\u00ebrfaq\u00ebsimi n\u00eb MSG p\u00ebr k\u00ebt\u00eb n\u00ebngrupim nuk \u00ebsht\u00eb nominal, por lidhet me detyr\u00ebn q\u00eb mban personi i em\u00ebruar pran\u00eb Institucionit q\u00eb p\u00ebrfaq\u00ebson;<\/em><\/li>\n<li><em>Antar\u00ebt e grupit t\u00eb par\u00eb (institucioneve shtet\u00ebrore), em\u00ebrimi i t\u00eb cil\u00ebve \u00ebsht\u00eb n\u00eb var\u00ebsi t\u00eb pozicionit t\u00eb pun\u00ebs q\u00eb mbajn\u00eb n\u00eb administrat\u00ebn shtet\u00ebrore, nuk ruajn\u00eb n\u00eb MSG nj\u00eb pozicion nominal por t\u00eb lidhur me detyr\u00ebn q\u00eb kryejn\u00eb;<\/em><\/li>\n<li><em>\u00c7do antar i MSG-s\u00eb q\u00eb p\u00ebrfaq\u00ebson n\u00eb MSG shtetin shqiptar, duhet t\u00eb sigurohet q\u00eb t\u00eb ket\u00eb nj\u00eb minimum prej 50% pjes\u00ebmarrje n\u00eb mbledhjet e MSG-s\u00eb, dhe 100% pjes\u00ebmarrje aktive n\u00eb pro\u00e7esin EITI, n\u00eb m\u00ebnyr\u00eb q\u00eb Institucioni t\u00eb mbaj\u00eb antarin\u00a0 e tij n\u00eb MSG.<\/em><\/li>\n<\/ul>\n<p><em>P\u00ebr m\u00eb shum\u00eb info:\u00a0<a href=\"https:\/\/www.albeiti.org\/site\/rregullorja\/\">https:\/\/www.albeiti.org\/site\/rregullorja\/<\/a><\/em><\/p>\n<p><em><strong>Aktualisht p\u00ebrfaq\u00ebsuesit e Institucioneve Shtet\u00ebrore, An\u00ebtar\u00eb t\u00eb MSG jan\u00eb si m\u00eb posht\u00eb:<\/strong><\/em><\/p>\n<ol>\n<li><em>MEHMET HASALAMI, Ministria e Infrastruktur\u00ebs dhe Energjis\u00eb;<\/em><\/li>\n<li><em>-\u2044\u2044-\u00a0\u00a0\u00a0\u00a0\u00a0\u00a0\u00a0\u00a0\u00a0\u00a0\u00a0\u00a0\u00a0\u00a0\u00a0\u00a0\u00a0\u00a0 ,\u00a0 Ministria e Financave dhe Ekonomis\u00eb;<\/em><\/li>\n<li><em>TETIS LUBONJA, Ministria e Drejt\u00ebsis\u00eb;<\/em><\/li>\n<li><em>MIMOZA SALLAKU, Drejtoria e P\u00ebrgjithshme e Tatimeve;<\/em><\/li>\n<li><em>BILAL KO\u00c7I, Sh\u00ebrbimi Gjeologjik Shqiptar;<\/em><\/li>\n<li><em>ROBERT BESHELLO, Agjensia Komb\u00ebtare e Burimeve Natyrore;<\/em><\/li>\n<\/ol>\n<p><em>T\u00eb gjith\u00eb an\u00ebtar\u00ebt e MSG-s\u00eb p\u00ebrfaq\u00ebsues t\u00eb Institucioneve Shtet\u00ebrore, kan\u00eb nj\u00eb p\u00ebrfaq\u00ebsues alternativ\/z\u00ebv\u00ebnd\u00ebsues.<\/em><\/p>\n<p><em>P\u00ebr m\u00eb shum\u00eb info:\u00a0<a href=\"https:\/\/www.albeiti.org\/site\/grupi-nderinstitucional\/\">https:\/\/www.albeiti.org\/site\/grupi-nderinstitucional\/<\/a><\/em>[\/vc_column_text][\/vc_column][vc_column width=&#8221;1\/3&#8243;][vc_widget_sidebar title=&#8221;Links&#8221; sidebar_id=&#8221;Sidebar Anesor&#8221;][\/vc_column][\/vc_row]\n","protected":false},"excerpt":{"rendered":"<p>[vc_row css_animation=&#8221;&#8221; row_type=&#8221;row&#8221; use_row_as_full_screen_section=&#8221;no&#8221; type=&#8221;full_width&#8221; angled_section=&#8221;no&#8221; text_align=&#8221;left&#8221; background_image_as_pattern=&#8221;without_pattern&#8221;][vc_column width=&#8221;2\/3&#8243;][vc_column_text]Nisma p\u00ebr Transparenc\u00eb n\u00eb Industrin\u00eb Nxjerr\u00ebse \u2013 EITI \u00ebsht\u00eb nj\u00eb iniciativ\u00eb nd\u00ebrkomb\u00ebtare q\u00eb ka n\u00eb objekt t\u00eb saj t\u00eb zhvilloj\u00eb dhe implementoj\u00eb nj\u00eb mekaniz\u00ebm p\u00ebr t\u00eb b\u00ebr\u00eb deklarimin e t\u00eb ardhurave q\u00eb vilen nga p\u00ebrdorimi i Burimeve&#8230;<\/p>\n","protected":false},"author":1,"featured_media":0,"parent":0,"menu_order":0,"comment_status":"closed","ping_status":"closed","template":"","meta":{"_monsterinsights_skip_tracking":false,"_monsterinsights_sitenote_active":false,"_monsterinsights_sitenote_note":"","_monsterinsights_sitenote_category":0},"_links":{"self":[{"href":"https:\/\/www.albeiti.org\/site\/wp-json\/wp\/v2\/pages\/564"}],"collection":[{"href":"https:\/\/www.albeiti.org\/site\/wp-json\/wp\/v2\/pages"}],"about":[{"href":"https:\/\/www.albeiti.org\/site\/wp-json\/wp\/v2\/types\/page"}],"author":[{"embeddable":true,"href":"https:\/\/www.albeiti.org\/site\/wp-json\/wp\/v2\/users\/1"}],"replies":[{"embeddable":true,"href":"https:\/\/www.albeiti.org\/site\/wp-json\/wp\/v2\/comments?post=564"}],"version-history":[{"count":8,"href":"https:\/\/www.albeiti.org\/site\/wp-json\/wp\/v2\/pages\/564\/revisions"}],"predecessor-version":[{"id":11118,"href":"https:\/\/www.albeiti.org\/site\/wp-json\/wp\/v2\/pages\/564\/revisions\/11118"}],"wp:attachment":[{"href":"https:\/\/www.albeiti.org\/site\/wp-json\/wp\/v2\/media?parent=564"}],"curies":[{"name":"wp","href":"https:\/\/api.w.org\/{rel}","templated":true}]}}