{"id":12070,"date":"2025-05-14T16:53:37","date_gmt":"2025-05-14T16:53:37","guid":{"rendered":"https:\/\/www.albeiti.org\/site\/?page_id=12070"},"modified":"2025-08-22T09:56:18","modified_gmt":"2025-08-22T09:56:18","slug":"viti-2024","status":"publish","type":"page","link":"https:\/\/www.albeiti.org\/site\/viti-2024\/","title":{"rendered":"Viti 2024"},"content":{"rendered":"[vc_row css_animation=&#8221;&#8221; row_type=&#8221;row&#8221; use_row_as_full_screen_section=&#8221;no&#8221; type=&#8221;full_width&#8221; angled_section=&#8221;no&#8221; text_align=&#8221;left&#8221; background_image_as_pattern=&#8221;without_pattern&#8221;][vc_column][vc_column_text]<strong>Axhenda<\/strong><\/p>\n<p>Axhenda e Takimit 21 Mars 2024<\/p>\n<p><a href=\"https:\/\/www.albeiti.org\/site\/wp-content\/uploads\/2025\/08\/agenda-e-takimit-0904-2024.pdf\">Axhenda e Takimit 9 Prill 2024<\/a><\/p>\n<p><a href=\"https:\/\/www.albeiti.org\/site\/wp-content\/uploads\/2025\/08\/axhenda-e-takimit-19-09-2024.pdf\">Axhenda e Takimit 19 Shtator 2024<\/a>[\/vc_column_text][\/vc_column][\/vc_row][vc_row css_animation=&#8221;&#8221; row_type=&#8221;row&#8221; use_row_as_full_screen_section=&#8221;no&#8221; type=&#8221;full_width&#8221; angled_section=&#8221;no&#8221; text_align=&#8221;left&#8221; background_image_as_pattern=&#8221;without_pattern&#8221;][vc_column][vc_separator type=&#8221;normal&#8221;][\/vc_column][\/vc_row][vc_row css_animation=&#8221;&#8221; row_type=&#8221;row&#8221; use_row_as_full_screen_section=&#8221;no&#8221; type=&#8221;full_width&#8221; angled_section=&#8221;no&#8221; text_align=&#8221;left&#8221; background_image_as_pattern=&#8221;without_pattern&#8221;][vc_column][vc_column_text]<strong>Minutat\u00a0\u00a0<\/strong><\/p>\n<p>Minutat e Takimit 21 Mars 2024<\/p>\n<p><a href=\"https:\/\/www.albeiti.org\/site\/wp-content\/uploads\/2025\/08\/minutat-e-mbledhjes-9-prill-2024.pdf\">Minutat e Takimit 9 Prill 2024<\/a><\/p>\n<p><a href=\"https:\/\/www.albeiti.org\/site\/wp-content\/uploads\/2025\/05\/minutat-e-takimit-19-09-2024.pdf\">Minutat e Takimit 19 Shtator 2024<\/a>[\/vc_column_text][\/vc_column][\/vc_row][vc_row css_animation=&#8221;&#8221; row_type=&#8221;row&#8221; use_row_as_full_screen_section=&#8221;no&#8221; type=&#8221;full_width&#8221; angled_section=&#8221;no&#8221; text_align=&#8221;left&#8221; background_image_as_pattern=&#8221;without_pattern&#8221;][vc_column][vc_separator type=&#8221;normal&#8221;][\/vc_column][\/vc_row][vc_row css_animation=&#8221;&#8221; row_type=&#8221;row&#8221; use_row_as_full_screen_section=&#8221;no&#8221; type=&#8221;full_width&#8221; angled_section=&#8221;no&#8221; text_align=&#8221;left&#8221; background_image_as_pattern=&#8221;without_pattern&#8221;][vc_column][vc_column_text]<strong>Vendimet\u00a0<\/strong><\/p>\n<p><a href=\"https:\/\/www.albeiti.org\/site\/wp-content\/uploads\/2025\/05\/vendim-msg-nr-2-19-09-2024.pdf\">Vendimet e marra me MSG<\/a><\/p>\n<p><a href=\"https:\/\/www.albeiti.org\/site\/wp-content\/uploads\/2025\/08\/vendime-per-raportin-eiti-2022-per-materialitetin.pdf\">Vendimet per 8 Tetor 2024<\/a>[\/vc_column_text][\/vc_column][\/vc_row][vc_row css_animation=&#8221;&#8221; row_type=&#8221;row&#8221; use_row_as_full_screen_section=&#8221;no&#8221; type=&#8221;full_width&#8221; angled_section=&#8221;no&#8221; text_align=&#8221;left&#8221; background_image_as_pattern=&#8221;without_pattern&#8221;][vc_column][\/vc_column][\/vc_row][vc_row css_animation=&#8221;&#8221; row_type=&#8221;row&#8221; use_row_as_full_screen_section=&#8221;no&#8221; type=&#8221;full_width&#8221; angled_section=&#8221;no&#8221; text_align=&#8221;left&#8221; background_image_as_pattern=&#8221;without_pattern&#8221;][vc_column][vc_column_text][\/vc_column_text][\/vc_column][\/vc_row][vc_row css_animation=&#8221;&#8221; row_type=&#8221;row&#8221; use_row_as_full_screen_section=&#8221;no&#8221; type=&#8221;full_width&#8221; angled_section=&#8221;no&#8221; text_align=&#8221;left&#8221; background_image_as_pattern=&#8221;without_pattern&#8221;][vc_column][vc_column_text]<em>Sh\u00ebnim:\u00a0Formati n\u00eb audio dhe i plot\u00eb i Minutave t\u00eb\u00a0Takimeve t\u00eb MSG-s\u00eb mund tju vihet ne dispozicion n\u00eb baz\u00eb t\u00eb k\u00ebrkes\u00ebs s\u00eb b\u00ebr\u00eb nga ju n\u00eb adres\u00ebn ton\u00eb t\u00eb e-mail:\u00a0<a href=\"mailto:sekretariati@albeiti.gov.al\">sekretariati@albeiti.gov.al<\/a><\/em>[\/vc_column_text][\/vc_column][\/vc_row]\n","protected":false},"excerpt":{"rendered":"<p>[vc_row css_animation=&#8221;&#8221; row_type=&#8221;row&#8221; use_row_as_full_screen_section=&#8221;no&#8221; type=&#8221;full_width&#8221; angled_section=&#8221;no&#8221; text_align=&#8221;left&#8221; background_image_as_pattern=&#8221;without_pattern&#8221;][vc_column][vc_column_text]Axhenda Axhenda e Takimit 21 Mars 2024 Axhenda e Takimit 9 Prill 2024 Axhenda e Takimit 19 Shtator 2024[\/vc_column_text][\/vc_column][\/vc_row][vc_row css_animation=&#8221;&#8221; row_type=&#8221;row&#8221; use_row_as_full_screen_section=&#8221;no&#8221; type=&#8221;full_width&#8221; angled_section=&#8221;no&#8221; text_align=&#8221;left&#8221; background_image_as_pattern=&#8221;without_pattern&#8221;][vc_column][vc_separator type=&#8221;normal&#8221;][\/vc_column][\/vc_row][vc_row css_animation=&#8221;&#8221; row_type=&#8221;row&#8221; use_row_as_full_screen_section=&#8221;no&#8221; type=&#8221;full_width&#8221; angled_section=&#8221;no&#8221; text_align=&#8221;left&#8221; background_image_as_pattern=&#8221;without_pattern&#8221;][vc_column][vc_column_text]Minutat\u00a0\u00a0 Minutat e Takimit 21&#8230;<\/p>\n","protected":false},"author":1,"featured_media":0,"parent":0,"menu_order":0,"comment_status":"closed","ping_status":"closed","template":"","meta":{"_monsterinsights_skip_tracking":false,"_monsterinsights_sitenote_active":false,"_monsterinsights_sitenote_note":"","_monsterinsights_sitenote_category":0},"_links":{"self":[{"href":"https:\/\/www.albeiti.org\/site\/wp-json\/wp\/v2\/pages\/12070"}],"collection":[{"href":"https:\/\/www.albeiti.org\/site\/wp-json\/wp\/v2\/pages"}],"about":[{"href":"https:\/\/www.albeiti.org\/site\/wp-json\/wp\/v2\/types\/page"}],"author":[{"embeddable":true,"href":"https:\/\/www.albeiti.org\/site\/wp-json\/wp\/v2\/users\/1"}],"replies":[{"embeddable":true,"href":"https:\/\/www.albeiti.org\/site\/wp-json\/wp\/v2\/comments?post=12070"}],"version-history":[{"count":8,"href":"https:\/\/www.albeiti.org\/site\/wp-json\/wp\/v2\/pages\/12070\/revisions"}],"predecessor-version":[{"id":12284,"href":"https:\/\/www.albeiti.org\/site\/wp-json\/wp\/v2\/pages\/12070\/revisions\/12284"}],"wp:attachment":[{"href":"https:\/\/www.albeiti.org\/site\/wp-json\/wp\/v2\/media?parent=12070"}],"curies":[{"name":"wp","href":"https:\/\/api.w.org\/{rel}","templated":true}]}}