{"id":11584,"date":"2023-10-09T11:40:33","date_gmt":"2023-10-09T11:40:33","guid":{"rendered":"https:\/\/www.albeiti.org\/site\/?page_id=11584"},"modified":"2023-10-09T11:44:19","modified_gmt":"2023-10-09T11:44:19","slug":"shoqerite-e-perfshira-ne-aktivitetin-e-kerkim-zbulimit-gjate-vitit-2021-3","status":"publish","type":"page","link":"https:\/\/www.albeiti.org\/site\/shoqerite-e-perfshira-ne-aktivitetin-e-kerkim-zbulimit-gjate-vitit-2021-3\/","title":{"rendered":"Shoq\u00ebrit\u00eb e p\u00ebrfshira n\u00eb aktivitetin e K\u00ebrkim-Zbulimit gjat\u00eb vitit 2021"},"content":{"rendered":"<p>P\u00ebrmbledhje mbi shoq\u00ebrit\u00eb e p\u00ebrfshira n\u00eb aktivitetin e K\u00ebrkim-Zbulimit gjat\u00eb vitit 2021 <a href=\"https:\/\/www.albeiti.org\/site\/wp-content\/uploads\/2023\/10\/shoqerite-e-perfshira-ne-aktivitetin-e-kerkim-zbulimit-gjate-vitit-2021.xls\"><strong><em>KLIKO K\u00cbTU!<\/em><\/strong><\/a><\/p>\n<p>&nbsp;<\/p>\n<p>&nbsp;<\/p>\n","protected":false},"excerpt":{"rendered":"<p>P\u00ebrmbledhje mbi shoq\u00ebrit\u00eb e p\u00ebrfshira n\u00eb aktivitetin e K\u00ebrkim-Zbulimit gjat\u00eb vitit 2021 KLIKO K\u00cbTU! &nbsp; &nbsp;<\/p>\n","protected":false},"author":1,"featured_media":0,"parent":0,"menu_order":0,"comment_status":"closed","ping_status":"closed","template":"","meta":{"_monsterinsights_skip_tracking":false,"_monsterinsights_sitenote_active":false,"_monsterinsights_sitenote_note":"","_monsterinsights_sitenote_category":0},"_links":{"self":[{"href":"https:\/\/www.albeiti.org\/site\/wp-json\/wp\/v2\/pages\/11584"}],"collection":[{"href":"https:\/\/www.albeiti.org\/site\/wp-json\/wp\/v2\/pages"}],"about":[{"href":"https:\/\/www.albeiti.org\/site\/wp-json\/wp\/v2\/types\/page"}],"author":[{"embeddable":true,"href":"https:\/\/www.albeiti.org\/site\/wp-json\/wp\/v2\/users\/1"}],"replies":[{"embeddable":true,"href":"https:\/\/www.albeiti.org\/site\/wp-json\/wp\/v2\/comments?post=11584"}],"version-history":[{"count":4,"href":"https:\/\/www.albeiti.org\/site\/wp-json\/wp\/v2\/pages\/11584\/revisions"}],"predecessor-version":[{"id":11589,"href":"https:\/\/www.albeiti.org\/site\/wp-json\/wp\/v2\/pages\/11584\/revisions\/11589"}],"wp:attachment":[{"href":"https:\/\/www.albeiti.org\/site\/wp-json\/wp\/v2\/media?parent=11584"}],"curies":[{"name":"wp","href":"https:\/\/api.w.org\/{rel}","templated":true}]}}