{"id":11576,"date":"2023-10-09T11:12:38","date_gmt":"2023-10-09T11:12:38","guid":{"rendered":"https:\/\/www.albeiti.org\/site\/?page_id=11576"},"modified":"2023-10-09T11:12:38","modified_gmt":"2023-10-09T11:12:38","slug":"informacion-mbi-prodhimin-e-mineraleve-dhe-naftes-gjate-vitit-2022","status":"publish","type":"page","link":"https:\/\/www.albeiti.org\/site\/informacion-mbi-prodhimin-e-mineraleve-dhe-naftes-gjate-vitit-2022\/","title":{"rendered":"Informacion mbi prodhimin e mineraleve dhe naft\u00ebs gjat\u00eb vitit 2022"},"content":{"rendered":"<p><u>Informacion mbi prodhimin e mineraleve dhe naft<\/u><u>\u00eb<\/u><u>s gjat<\/u><u>\u00eb<\/u><u> vitit 2022 <\/u><\/p>\n<ul>\n<li><u>Prodhimi i mineraleve n<\/u>\u00eb <u>vitin 2022 jepet ne tabel\u00ebn m\u00eb posht<\/u>\u00eb (info nga A.K.B.N,Drejtoria minerare)<\/li>\n<\/ul>\n<table width=\"549\">\n<tbody>\n<tr>\n<td rowspan=\"2\" width=\"75\"><strong>Nr.<\/strong><\/td>\n<td rowspan=\"2\" width=\"239\"><strong>Em\u00ebrtimi i Mineralit<\/strong><\/td>\n<td rowspan=\"2\" width=\"91\"><strong>Nj\u00ebsia<\/strong><\/td>\n<td width=\"145\"><strong>Viti<\/strong><\/td>\n<\/tr>\n<tr>\n<td width=\"145\"><strong>2022<\/strong><\/td>\n<\/tr>\n<tr>\n<td width=\"75\">&nbsp;<\/td>\n<td width=\"239\"><strong>Mineralet Metalore<\/strong><\/td>\n<td width=\"91\">&nbsp;<\/td>\n<td width=\"145\">&nbsp;<\/td>\n<\/tr>\n<tr>\n<td rowspan=\"2\" width=\"75\"><strong>1<\/strong><\/td>\n<td width=\"239\">Hekur-Nikel (mineral)<\/td>\n<td width=\"91\">ton<\/td>\n<td width=\"145\">136045<\/td>\n<\/tr>\n<tr>\n<td width=\"239\">Mineral-p\u00ebrmbajtja metalike (Ni)<\/td>\n<td width=\"91\">%<\/td>\n<td width=\"145\">0.90%<\/td>\n<\/tr>\n<tr>\n<td rowspan=\"6\" width=\"75\"><strong>2<\/strong><\/td>\n<td width=\"239\">Krom (mineral)<\/td>\n<td width=\"91\">ton<\/td>\n<td width=\"145\">1091058<\/td>\n<\/tr>\n<tr>\n<td width=\"239\">Mineral-P\u00ebrmbajtja e oksidit t\u00eb metalit (Cr2O3)<\/td>\n<td width=\"91\">%<\/td>\n<td width=\"145\">34%<\/td>\n<\/tr>\n<tr>\n<td width=\"239\">Koncentrat kromi<\/td>\n<td width=\"91\">ton<\/td>\n<td width=\"145\">65949<\/td>\n<\/tr>\n<tr>\n<td width=\"239\">Koncentrat-P\u00ebrmbajtja e oksidit t\u00eb metalit (Cr2O3)<\/td>\n<td width=\"91\">%<\/td>\n<td width=\"145\">43-45%<\/td>\n<\/tr>\n<tr>\n<td width=\"239\">Ferrokrom (Fe-Cr)<\/td>\n<td width=\"91\">ton<\/td>\n<td width=\"145\">80194<\/td>\n<\/tr>\n<tr>\n<td width=\"239\">Ferrokrom-P\u00ebrmbajtja e metalit (Cr)<\/td>\n<td width=\"91\">%<\/td>\n<td width=\"145\">66.10%<\/td>\n<\/tr>\n<tr>\n<td rowspan=\"4\" width=\"75\"><strong>3<\/strong><\/td>\n<td width=\"239\">Bak\u00ebr (mineral)<\/td>\n<td width=\"91\">ton<\/td>\n<td width=\"145\">641245<\/td>\n<\/tr>\n<tr>\n<td width=\"239\">Mineral-p\u00ebrmbajtja metalike (Cu)<\/td>\n<td width=\"91\">%<\/td>\n<td width=\"145\">0.91%<\/td>\n<\/tr>\n<tr>\n<td width=\"239\">Koncentrat bakri<\/td>\n<td width=\"91\">ton<\/td>\n<td width=\"145\">18778<\/td>\n<\/tr>\n<tr>\n<td width=\"239\">Koncentrat-P\u00ebrmbajtja metalike (Cu)<\/td>\n<td width=\"91\">%<\/td>\n<td width=\"145\">17-20%<\/td>\n<\/tr>\n<tr>\n<td rowspan=\"2\" width=\"75\"><strong>4<\/strong><\/td>\n<td width=\"239\">Plumb<\/td>\n<td width=\"91\">ton<\/td>\n<td width=\"145\">&nbsp;<\/td>\n<\/tr>\n<tr>\n<td width=\"239\">Plumbi-p\u00ebrmbajtja metalike<\/td>\n<td width=\"91\">%<\/td>\n<td width=\"145\">&nbsp;<\/td>\n<\/tr>\n<tr>\n<td rowspan=\"2\" width=\"75\"><strong>5<\/strong><\/td>\n<td width=\"239\">Zink<\/td>\n<td width=\"91\">ton<\/td>\n<td width=\"145\">&nbsp;<\/td>\n<\/tr>\n<tr>\n<td width=\"239\">Zinku-p\u00ebrmbajtja metalike<\/td>\n<td width=\"91\">%<\/td>\n<td width=\"145\">&nbsp;<\/td>\n<\/tr>\n<tr>\n<td rowspan=\"2\" width=\"75\"><strong>6<\/strong><\/td>\n<td width=\"239\">Kallaj<\/td>\n<td width=\"91\">ton<\/td>\n<td width=\"145\">&nbsp;<\/td>\n<\/tr>\n<tr>\n<td width=\"239\">Kallaji-p\u00ebrmbajtja metalike<\/td>\n<td width=\"91\">%<\/td>\n<td width=\"145\">&nbsp;<\/td>\n<\/tr>\n<tr>\n<td width=\"75\"><strong>7<\/strong><\/td>\n<td width=\"239\">Flori, argjend, platin dhe metale t\u00eb tjera t\u00eb \u00e7muara<\/td>\n<td width=\"91\">ton<\/td>\n<td width=\"145\">&nbsp;<\/td>\n<\/tr>\n<tr>\n<td width=\"75\"><strong>8<\/strong><\/td>\n<td width=\"239\">Boxide, alumini e t\u00eb tjera<\/td>\n<td width=\"91\">ton<\/td>\n<td width=\"145\">&nbsp;<\/td>\n<\/tr>\n<tr>\n<td width=\"75\"><strong>9<\/strong><\/td>\n<td width=\"239\">Uranium dhe Torium<\/td>\n<td width=\"91\">ton<\/td>\n<td width=\"145\">&nbsp;<\/td>\n<\/tr>\n<tr>\n<td width=\"75\"><\/td>\n<td width=\"239\"><\/td>\n<td width=\"91\"><\/td>\n<td width=\"145\"><\/td>\n<\/tr>\n<tr>\n<td width=\"75\"><\/td>\n<td width=\"239\"><\/td>\n<td width=\"91\"><\/td>\n<td width=\"145\"><\/td>\n<\/tr>\n<tr>\n<td width=\"75\"><\/td>\n<td width=\"239\"><\/td>\n<td width=\"91\"><\/td>\n<td width=\"145\"><\/td>\n<\/tr>\n<tr>\n<td rowspan=\"2\" width=\"75\"><strong>Nr.<\/strong><\/td>\n<td rowspan=\"2\" width=\"239\"><strong>Em\u00ebrtimi i Mineralit<\/strong><\/td>\n<td rowspan=\"2\" width=\"91\"><strong>Nj\u00ebsia<\/strong><\/td>\n<td width=\"145\"><strong>Viti<\/strong><\/td>\n<\/tr>\n<tr>\n<td width=\"145\"><strong>2022<\/strong><\/td>\n<\/tr>\n<tr>\n<td width=\"75\">&nbsp;<\/td>\n<td width=\"239\"><strong>Mineralet fosile<\/strong><\/td>\n<td width=\"91\">&nbsp;<\/td>\n<td width=\"145\">&nbsp;<\/td>\n<\/tr>\n<tr>\n<td width=\"75\"><strong>1<\/strong><\/td>\n<td width=\"239\">Qymyr dhe materiale t\u00eb tjera t\u00eb ngurta<\/td>\n<td width=\"91\">ton<\/td>\n<td width=\"145\">0<\/td>\n<\/tr>\n<tr>\n<td width=\"75\"><strong>2<\/strong><\/td>\n<td width=\"239\">Linjit<\/td>\n<td width=\"91\">ton<\/td>\n<td width=\"145\">0<\/td>\n<\/tr>\n<tr>\n<td width=\"75\"><strong>3<\/strong><\/td>\n<td width=\"239\">Qymyr Guri (~ 3525 kkal\/kg)<\/td>\n<td width=\"91\">ton<\/td>\n<td width=\"145\">182081<\/td>\n<\/tr>\n<tr>\n<td width=\"75\"><strong>4<\/strong><\/td>\n<td width=\"239\">Torfe<\/td>\n<td width=\"91\">ton<\/td>\n<td width=\"145\">0<\/td>\n<\/tr>\n<tr>\n<td rowspan=\"2\" width=\"75\"><strong>5<\/strong><\/td>\n<td width=\"239\">Qymyr Bituminoz (Zhavor Bituminoz)<\/td>\n<td width=\"91\">ton<\/td>\n<td width=\"145\">62739<\/td>\n<\/tr>\n<tr>\n<td width=\"239\">Fuqia kalorifike<\/td>\n<td width=\"91\">kkal\/kg<\/td>\n<td width=\"145\">4 254 kkal\/kg<\/td>\n<\/tr>\n<tr>\n<td width=\"75\"><strong>6<\/strong><\/td>\n<td width=\"239\">Bitum (~ 75% bitum)<\/td>\n<td width=\"91\">ton<\/td>\n<td width=\"145\">86573<\/td>\n<\/tr>\n<tr>\n<td width=\"75\"><strong>7<\/strong><\/td>\n<td width=\"239\">R\u00ebr\u00eb Bituminoze (~ 10% bitum)<\/td>\n<td width=\"91\">ton<\/td>\n<td width=\"145\">27565<\/td>\n<\/tr>\n<tr>\n<td width=\"75\"><strong>8<\/strong><\/td>\n<td width=\"239\">Materiale t\u00eb l\u00ebngshme, t\u00eb gazt\u00eb t\u00eb energjis\u00eb<\/td>\n<td width=\"91\">ton<\/td>\n<td width=\"145\">&nbsp;<\/td>\n<\/tr>\n<tr>\n<td width=\"75\"><strong>9<\/strong><\/td>\n<td width=\"239\">Naft\u00eb bruto, l\u00ebngjeve condesate, gaz natyror<\/td>\n<td width=\"91\">ton<\/td>\n<td width=\"145\">&nbsp;<\/td>\n<\/tr>\n<tr>\n<td width=\"75\"><strong><span style=\"font-family: inherit; font-size: inherit;\">10<\/span><\/strong><\/td>\n<td width=\"239\">Gaz natyror<\/td>\n<td width=\"91\">N m\u00b3<\/td>\n<td width=\"145\">&nbsp;<\/td>\n<\/tr>\n<tr>\n<td width=\"75\"><\/td>\n<td width=\"239\"><\/td>\n<td width=\"91\"><\/td>\n<td width=\"145\"><\/td>\n<\/tr>\n<tr>\n<td width=\"75\"><\/td>\n<td width=\"239\"><\/td>\n<td width=\"91\"><\/td>\n<td width=\"145\"><\/td>\n<\/tr>\n<tr>\n<td rowspan=\"2\" width=\"75\"><strong>Nr.<\/strong><\/td>\n<td rowspan=\"2\" width=\"239\"><strong>Em\u00ebrtimi i Mineralit<\/strong><\/td>\n<td rowspan=\"2\" width=\"91\"><strong>Nj\u00ebsia<\/strong><\/td>\n<td width=\"145\"><strong>Viti<\/strong><\/td>\n<\/tr>\n<tr>\n<td width=\"145\"><strong>2022<\/strong><\/td>\n<\/tr>\n<tr>\n<td width=\"75\">&nbsp;<\/td>\n<td width=\"239\"><strong>Mineralet Jometalore<\/strong><\/td>\n<td width=\"91\">&nbsp;<\/td>\n<td width=\"145\">&nbsp;<\/td>\n<\/tr>\n<tr>\n<td width=\"75\"><strong>1<\/strong><\/td>\n<td width=\"239\">Inerte nd\u00ebrtimi (m3)<\/td>\n<td width=\"91\">m\u00b3<\/td>\n<td width=\"145\">2875028<\/td>\n<\/tr>\n<tr>\n<td width=\"75\"><strong>1.a<\/strong><\/td>\n<td width=\"239\">Gur g\u00eblqeror (inerte nd\u00ebrtimi)<\/td>\n<td width=\"91\">m\u00b3<\/td>\n<td width=\"145\">2744865<\/td>\n<\/tr>\n<tr>\n<td width=\"75\"><strong>1.b<\/strong><\/td>\n<td width=\"239\">Bazalte<\/td>\n<td width=\"91\">m\u00b3<\/td>\n<td width=\"145\">60500<\/td>\n<\/tr>\n<tr>\n<td width=\"75\"><strong>1.c<\/strong><\/td>\n<td width=\"239\">Konglomerat<\/td>\n<td width=\"91\">m\u00b3<\/td>\n<td width=\"145\">4766<\/td>\n<\/tr>\n<tr>\n<td width=\"75\"><strong>1.d<\/strong><\/td>\n<td width=\"239\">Brek\u00e7e shpati<\/td>\n<td width=\"91\">m\u00b3<\/td>\n<td width=\"145\">0<\/td>\n<\/tr>\n<tr>\n<td width=\"75\"><strong>1.e<\/strong><\/td>\n<td width=\"239\">Zhure<\/td>\n<td width=\"91\">m\u00b3<\/td>\n<td width=\"145\">64897<\/td>\n<\/tr>\n<tr>\n<td width=\"75\"><strong>2<\/strong><\/td>\n<td width=\"239\">Mineralet Jometalor Industrial<\/td>\n<td width=\"91\">&nbsp;<\/td>\n<td width=\"145\">2322016<\/td>\n<\/tr>\n<tr>\n<td width=\"75\"><strong>2.a<\/strong><\/td>\n<td width=\"239\">Gur g\u00eblqeror (\u00e7imento) (ton)<\/td>\n<td width=\"91\">ton<\/td>\n<td width=\"145\">1730315<\/td>\n<\/tr>\n<tr>\n<td width=\"75\"><strong>2.b<\/strong><\/td>\n<td width=\"239\">Gips, Gips Alabaster<\/td>\n<td width=\"91\">m\u00b3<\/td>\n<td width=\"145\">78240<\/td>\n<\/tr>\n<tr>\n<td width=\"75\"><strong>2.c<\/strong><\/td>\n<td width=\"239\">Argjile &amp; Shiste Argjilore<\/td>\n<td width=\"91\">ton<\/td>\n<td width=\"145\">490362<\/td>\n<\/tr>\n<tr>\n<td width=\"75\"><strong>2.d<\/strong><\/td>\n<td width=\"239\">Kuarc<\/td>\n<td width=\"91\">ton<\/td>\n<td width=\"145\">18600<\/td>\n<\/tr>\n<tr>\n<td width=\"75\"><strong>2.e<\/strong><\/td>\n<td width=\"239\">Olivine<\/td>\n<td width=\"91\">m\u00b3<\/td>\n<td width=\"145\">4500<\/td>\n<\/tr>\n<tr>\n<td width=\"75\"><strong>3<\/strong><\/td>\n<td width=\"239\">Gur Dekorativ<\/td>\n<td width=\"91\">&nbsp;<\/td>\n<td width=\"145\">73504<\/td>\n<\/tr>\n<tr>\n<td width=\"75\"><strong>3.a<\/strong><\/td>\n<td width=\"239\">G\u00eblqeror bllok ( gur g\u00eblqeror masiv + g\u00eblqeror i mermerizuar)<\/td>\n<td width=\"91\">m\u00b3<\/td>\n<td width=\"145\">36439<\/td>\n<\/tr>\n<tr>\n<td width=\"75\"><strong>3.b<\/strong><\/td>\n<td width=\"239\">G\u00eblqeror Pllakor<\/td>\n<td width=\"91\">m\u00b3<\/td>\n<td width=\"145\">29049<\/td>\n<\/tr>\n<tr>\n<td width=\"75\"><strong>3.c<\/strong><\/td>\n<td width=\"239\">Ranor silicor<\/td>\n<td width=\"91\">m\u00b3<\/td>\n<td width=\"145\">8016<\/td>\n<\/tr>\n<tr>\n<td width=\"75\"><strong>3.d<\/strong><\/td>\n<td width=\"239\">Ranor masiv&amp;pllakor<\/td>\n<td width=\"91\">m\u00b3<\/td>\n<td width=\"145\">14732<\/td>\n<\/tr>\n<tr>\n<td width=\"75\"><strong>3.e<\/strong><\/td>\n<td width=\"239\">Traktolite<\/td>\n<td width=\"91\">m\u00b3<\/td>\n<td width=\"145\">0<\/td>\n<\/tr>\n<\/tbody>\n<\/table>\n<p>&nbsp;<\/p>\n<p>&nbsp;<\/p>\n<ul>\n<li>Prodhimi total i naft\u00ebs gjat\u00eb\u00a0 vitit 2022 \u00ebsht\u00eb \u00a0657,402 ton<\/li>\n<li>Eksporti i naft\u00ebs gjat\u00eb\u00a0 vitit 2022 \u00ebsht\u00eb \u00a0532,920 ton<\/li>\n<li>Shitje brenda vendit 137,691 ton<\/li>\n<\/ul>\n","protected":false},"excerpt":{"rendered":"<p>Informacion mbi prodhimin e mineraleve dhe naft\u00ebs gjat\u00eb vitit 2022 Prodhimi i mineraleve n\u00eb vitin 2022 jepet ne tabel\u00ebn m\u00eb posht\u00eb (info nga A.K.B.N,Drejtoria minerare) Nr. Em\u00ebrtimi i Mineralit Nj\u00ebsia Viti 2022 &nbsp; Mineralet Metalore &nbsp; &nbsp; 1 Hekur-Nikel (mineral) ton 136045 Mineral-p\u00ebrmbajtja metalike (Ni)&#8230;<\/p>\n","protected":false},"author":1,"featured_media":0,"parent":0,"menu_order":0,"comment_status":"closed","ping_status":"closed","template":"","meta":{"_monsterinsights_skip_tracking":false,"_monsterinsights_sitenote_active":false,"_monsterinsights_sitenote_note":"","_monsterinsights_sitenote_category":0},"_links":{"self":[{"href":"https:\/\/www.albeiti.org\/site\/wp-json\/wp\/v2\/pages\/11576"}],"collection":[{"href":"https:\/\/www.albeiti.org\/site\/wp-json\/wp\/v2\/pages"}],"about":[{"href":"https:\/\/www.albeiti.org\/site\/wp-json\/wp\/v2\/types\/page"}],"author":[{"embeddable":true,"href":"https:\/\/www.albeiti.org\/site\/wp-json\/wp\/v2\/users\/1"}],"replies":[{"embeddable":true,"href":"https:\/\/www.albeiti.org\/site\/wp-json\/wp\/v2\/comments?post=11576"}],"version-history":[{"count":2,"href":"https:\/\/www.albeiti.org\/site\/wp-json\/wp\/v2\/pages\/11576\/revisions"}],"predecessor-version":[{"id":11578,"href":"https:\/\/www.albeiti.org\/site\/wp-json\/wp\/v2\/pages\/11576\/revisions\/11578"}],"wp:attachment":[{"href":"https:\/\/www.albeiti.org\/site\/wp-json\/wp\/v2\/media?parent=11576"}],"curies":[{"name":"wp","href":"https:\/\/api.w.org\/{rel}","templated":true}]}}