{"id":11464,"date":"2023-09-25T09:52:41","date_gmt":"2023-09-25T09:52:41","guid":{"rendered":"https:\/\/www.albeiti.org\/site\/?page_id=11464"},"modified":"2023-09-28T10:19:42","modified_gmt":"2023-09-28T10:19:42","slug":"krijimi-i-minierave","status":"publish","type":"page","link":"https:\/\/www.albeiti.org\/site\/krijimi-i-minierave\/","title":{"rendered":"Krijimi i minierave"},"content":{"rendered":"[vc_row css_animation=&#8221;&#8221; row_type=&#8221;row&#8221; use_row_as_full_screen_section=&#8221;no&#8221; type=&#8221;full_width&#8221; angled_section=&#8221;no&#8221; text_align=&#8221;left&#8221; background_image_as_pattern=&#8221;without_pattern&#8221;][vc_column][vc_column_text]\n<h2>[\/vc_column_text][\/vc_column][\/vc_row][vc_row css_animation=&#8221;&#8221; row_type=&#8221;row&#8221; use_row_as_full_screen_section=&#8221;no&#8221; type=&#8221;full_width&#8221; angled_section=&#8221;no&#8221; text_align=&#8221;left&#8221; background_image_as_pattern=&#8221;without_pattern&#8221;][vc_column][vc_column_text]<a href=\"https:\/\/sq.wikipedia.org\/wiki\/Miniera\"><strong>Minierat<\/strong><\/a><\/h2>\n<p>&nbsp;<\/p>\n<p>SHQIP\u00cbRIA \u00ebsht\u00eb nj\u00eb vend i pasur me burime t\u00eb mineraleve t\u00eb ndryshme. Zbulimi, shfryt\u00ebzimi dhe p\u00ebrpunimi i tyre, p\u00ebrb\u00ebn nj\u00eb aktivitet t\u00eb r\u00ebnd\u00ebsish\u00ebm p\u00ebr ekonomin\u00eb e vendit. Tradicionalisht, mbas vitit 1944, industria nxjerr\u00ebse dhe e p\u00ebrpunimit t\u00eb mineraleve si kromi, bakri, hekuri, qymyrguri, ka siguruar t\u00eb ardhura t\u00eb konsiderueshme.<\/p>\n<p>&nbsp;<\/p>\n<p><img loading=\"lazy\" class=\"alignleft wp-image-11465 size-full\" src=\"https:\/\/www.albeiti.org\/site\/wp-content\/uploads\/2023\/09\/viber-image-2020-06-22-13-51-47-695x310-1-e1695636751724.jpg\" alt=\"\" width=\"500\" height=\"223\" \/><a href=\"https:\/\/www.albeiti.org\/site\/krijimi-i-minierave\/screenshot-16-5-696x316\/\" rel=\"attachment wp-att-11466\"><img loading=\"lazy\" class=\"alignleft wp-image-11466\" src=\"https:\/\/www.albeiti.org\/site\/wp-content\/uploads\/2023\/09\/screenshot-16-5-696x316-1-150x150.png\" alt=\"\" width=\"500\" height=\"227\" srcset=\"https:\/\/www.albeiti.org\/site\/wp-content\/uploads\/2023\/09\/screenshot-16-5-696x316-1-300x136.png 300w, https:\/\/www.albeiti.org\/site\/wp-content\/uploads\/2023\/09\/screenshot-16-5-696x316-1.png 696w\" sizes=\"(max-width: 500px) 100vw, 500px\" \/><\/a><\/p>\n<p>&nbsp;<\/p>\n<p>&nbsp;<\/p>\n<p>&nbsp;<\/p>\n<p>&nbsp;<\/p>\n<p>&nbsp;<\/p>\n<p>&nbsp;<\/p>\n<p>&nbsp;<\/p>\n<p>&nbsp;<\/p>\n<p>&nbsp;<\/p>\n<p>&nbsp;<\/p>\n<p>&nbsp;<\/p>\n<p><strong>Zhvillimi i industris\u00eb minerare ka kaluar n\u00eb 3 faza:<\/strong><\/p>\n<p>Faza e par\u00eb, p\u00ebrfshin periudh\u00ebn e para\u00e7lirimit, deri n\u00eb vitin 1945. Kjo faz\u00eb lidhet me dy ngjarje t\u00eb r\u00ebnd\u00ebsishme p\u00ebr industrin\u00eb minerare. N\u00eb vitin 1922, u p\u00ebrpilua Harta Gjeologjike e Shqip\u00ebris\u00eb, e para e k\u00ebtij lloji n\u00eb Ballkan. N\u00eb vitin 1929, u hartua dhe miratua Ligji Minerar i Mbret\u00ebris\u00eb Shqiptare, i pari n\u00eb Shqip\u00ebri, mbi baz\u00ebn e t\u00eb cilit filloi puna p\u00ebr zbulimin dhe shfryt\u00ebzimin e mineraleve.<\/p>\n<p>Faza e dyt\u00eb p\u00ebrfshin periudh\u00ebn e mbas\u00e7lirimit deri n\u00eb vitin 1994, vit n\u00eb t\u00eb cilin u miratua \u201cLigji minerar i Shqip\u00ebris\u00eb\u201d, me asistenc\u00ebn e Bank\u00ebs Bot\u00ebrore. N\u00eb k\u00ebt\u00eb faz\u00eb 1945-1994, aktiviteti minerar ishte i centralizuar, n\u00eb dor\u00ebn e shtetit totalitar dhe organizimi ishte n\u00eb form\u00ebn e nd\u00ebrmarrjeve shtet\u00ebrore.<\/p>\n<p>Faza e tret\u00eb, p\u00ebrfshin periudh\u00ebn mbas vitit 1944 deri n\u00eb dit\u00ebt e sotme. N\u00eb k\u00ebt\u00eb faz\u00eb minierat u privatizuan totalisht dhe aktualisht nuk ka asnj\u00eb minier\u00eb n\u00eb aktivitet, ku t\u00eb jet\u00eb pronar shteti.<\/p>\n<p><a href=\"https:\/\/sq.wikipedia.org\/wiki\/Licenca\">Licencimi<\/a>: Procesi i licencimit, dh\u00ebnies s\u00eb lejeve minerare ka filluar n\u00eb fillim t\u00eb faz\u00ebs s\u00eb tret\u00eb, n\u00eb vitin 1995.<\/p>\n<p>&nbsp;<\/p>\n<p>Deri m\u00eb N\u00ebntor, 2022 jan\u00eb dh\u00ebn\u00eb gjithsej <strong>574<\/strong> Leje Minerare <a href=\"https:\/\/www.infrastruktura.gov.al\/wp-content\/uploads\/2022\/11\/Regjistri-i-lejeve-Minerare-2022.pdf\">(klikoni linkun) <\/a>[\/vc_column_text][\/vc_column][\/vc_row][vc_row css_animation=&#8221;&#8221; row_type=&#8221;row&#8221; use_row_as_full_screen_section=&#8221;no&#8221; type=&#8221;full_width&#8221; angled_section=&#8221;no&#8221; text_align=&#8221;left&#8221; background_image_as_pattern=&#8221;without_pattern&#8221;][vc_column][vc_column_text]\n<p>&nbsp;<\/p>\n[\/vc_column_text][\/vc_column][\/vc_row]\n","protected":false},"excerpt":{"rendered":"<p>[vc_row css_animation=&#8221;&#8221; row_type=&#8221;row&#8221; use_row_as_full_screen_section=&#8221;no&#8221; type=&#8221;full_width&#8221; angled_section=&#8221;no&#8221; text_align=&#8221;left&#8221; background_image_as_pattern=&#8221;without_pattern&#8221;][vc_column][vc_column_text] [\/vc_column_text][\/vc_column][\/vc_row][vc_row css_animation=&#8221;&#8221; row_type=&#8221;row&#8221; use_row_as_full_screen_section=&#8221;no&#8221; type=&#8221;full_width&#8221; angled_section=&#8221;no&#8221; text_align=&#8221;left&#8221; background_image_as_pattern=&#8221;without_pattern&#8221;][vc_column][vc_column_text]Minierat &nbsp; SHQIP\u00cbRIA \u00ebsht\u00eb nj\u00eb vend i pasur me burime t\u00eb mineraleve t\u00eb ndryshme. Zbulimi, shfryt\u00ebzimi dhe p\u00ebrpunimi i tyre, p\u00ebrb\u00ebn nj\u00eb aktivitet t\u00eb r\u00ebnd\u00ebsish\u00ebm p\u00ebr ekonomin\u00eb e vendit. Tradicionalisht,&#8230;<\/p>\n","protected":false},"author":1,"featured_media":0,"parent":0,"menu_order":0,"comment_status":"closed","ping_status":"closed","template":"","meta":{"_monsterinsights_skip_tracking":false,"_monsterinsights_sitenote_active":false,"_monsterinsights_sitenote_note":"","_monsterinsights_sitenote_category":0},"_links":{"self":[{"href":"https:\/\/www.albeiti.org\/site\/wp-json\/wp\/v2\/pages\/11464"}],"collection":[{"href":"https:\/\/www.albeiti.org\/site\/wp-json\/wp\/v2\/pages"}],"about":[{"href":"https:\/\/www.albeiti.org\/site\/wp-json\/wp\/v2\/types\/page"}],"author":[{"embeddable":true,"href":"https:\/\/www.albeiti.org\/site\/wp-json\/wp\/v2\/users\/1"}],"replies":[{"embeddable":true,"href":"https:\/\/www.albeiti.org\/site\/wp-json\/wp\/v2\/comments?post=11464"}],"version-history":[{"count":6,"href":"https:\/\/www.albeiti.org\/site\/wp-json\/wp\/v2\/pages\/11464\/revisions"}],"predecessor-version":[{"id":11469,"href":"https:\/\/www.albeiti.org\/site\/wp-json\/wp\/v2\/pages\/11464\/revisions\/11469"}],"wp:attachment":[{"href":"https:\/\/www.albeiti.org\/site\/wp-json\/wp\/v2\/media?parent=11464"}],"curies":[{"name":"wp","href":"https:\/\/api.w.org\/{rel}","templated":true}]}}